{"id":8,"date":"2025-10-24T15:26:58","date_gmt":"2025-10-24T15:26:58","guid":{"rendered":"https:\/\/ruzgarkiricicam.com\/contact\/"},"modified":"2025-10-30T14:36:19","modified_gmt":"2025-10-30T14:36:19","slug":"%d8%a7%d8%aa%d8%b5%d8%a7%d9%84","status":"publish","type":"page","link":"https:\/\/ruzgarkiricicam.com\/ar\/%d8%a7%d8%aa%d8%b5%d8%a7%d9%84\/","title":{"rendered":"\u0646\u0645\u0648\u0630\u062c \u0627\u0644\u0627\u062a\u0635\u0627\u0644"},"content":{"rendered":"<div class=\"wp-block-group alignfull hostinger-ai-fade-up has-global-padding is-layout-constrained wp-block-group-is-layout-constrained\">\n<div class=\"wp-block-group alignwide hostinger-ai-fade-up is-layout-grid wp-container-core-group-is-layout-3721f5f0 wp-block-group-is-layout-grid\">\n<div class=\"wp-block-columns are-vertically-aligned-center is-layout-flex wp-container-core-columns-is-layout-28f84493 wp-block-columns-is-layout-flex\">\n<div class=\"wp-block-column is-vertically-aligned-center is-layout-flow wp-block-column-is-layout-flow\" style=\"flex-basis:100%\">\n<div class=\"wp-block-group hostinger-ai-fade-up has-global-padding is-layout-constrained wp-block-group-is-layout-constrained\">\n<h2 class=\"wp-block-heading hostinger-ai-title has-dark-color has-text-color has-link-color has-large-font-size wp-elements-1f43b223b7b52da6f7f496e460e57415\" style=\"margin-bottom:var(--wp--preset--spacing--50)\">\u0627\u062a\u0635\u0644 \u0628\u0646\u0627<\/h2>\n\n\n\n<p class=\"hostinger-ai-description has-dark-color has-text-color has-link-color wp-elements-e747139b55f689e453851b56786aaedd wp-container-content-69bc4bdf\">\u0627\u0645\u0644\u0623 \u0627\u0644\u0646\u0645\u0648\u0630\u062c.<\/p>\n\n\n<\/div>\n<\/div>\n<\/div>\n\n\n\n<div class=\"wp-block-group is-content-justification-center is-nowrap is-layout-flex wp-container-core-group-is-layout-23441af8 wp-block-group-is-layout-flex\">\n<figure class=\"wp-block-image size-full has-custom-border hostinger-ai-image\"><img loading=\"lazy\" decoding=\"async\" width=\"2048\" height=\"1152\" src=\"https:\/\/ruzgarkiricicam.com\/wp-content\/uploads\/2025\/10\/57111_59e17e8352513a89d6eaa6b739ca583e-14.10.2025-12_05_30.jpg\" alt=\"\" class=\"wp-image-17\" style=\"border-radius:20px\" srcset=\"https:\/\/ruzgarkiricicam.com\/wp-content\/uploads\/2025\/10\/57111_59e17e8352513a89d6eaa6b739ca583e-14.10.2025-12_05_30.jpg 2048w, https:\/\/ruzgarkiricicam.com\/wp-content\/uploads\/2025\/10\/57111_59e17e8352513a89d6eaa6b739ca583e-14.10.2025-12_05_30-300x169.jpg 300w, https:\/\/ruzgarkiricicam.com\/wp-content\/uploads\/2025\/10\/57111_59e17e8352513a89d6eaa6b739ca583e-14.10.2025-12_05_30-1024x576.jpg 1024w, https:\/\/ruzgarkiricicam.com\/wp-content\/uploads\/2025\/10\/57111_59e17e8352513a89d6eaa6b739ca583e-14.10.2025-12_05_30-768x432.jpg 768w, https:\/\/ruzgarkiricicam.com\/wp-content\/uploads\/2025\/10\/57111_59e17e8352513a89d6eaa6b739ca583e-14.10.2025-12_05_30-1536x864.jpg 1536w\" sizes=\"auto, (max-width: 2048px) 100vw, 2048px\" \/><\/figure>\n<\/div>\n<\/div>\n<\/div>\n\n\n\n<div class=\"wp-block-group alignwide hostinger-ai-fade-up has-global-padding is-layout-constrained wp-block-group-is-layout-constrained\" style=\"padding-top:0;padding-bottom:0\">\n<div class=\"wp-block-group alignwide hostinger-ai-fade-up has-global-padding is-content-justification-left is-layout-constrained wp-container-core-group-is-layout-12dd3699 wp-block-group-is-layout-constrained\">\n<h2 class=\"wp-block-heading has-text-align-left hostinger-ai-title has-dark-color has-text-color has-link-color has-x-large-font-size wp-elements-ba24fd23cf1e2e845090d8b7c83ba7dd\" style=\"margin-top:0;margin-right:0;margin-bottom:var(--wp--preset--spacing--40);margin-left:0\">\u0645\u0648\u0642\u0639\u0646\u0627<\/h2>\n\n\n\n<p class=\"has-text-align-left hostinger-ai-description has-medium-font-size\" style=\"margin-bottom:var(--wp--preset--spacing--40)\">\u062a\u0641\u0636\u0644 \u0628\u0632\u064a\u0627\u0631\u062a\u0646\u0627.<\/p>\n\n\n\n<div class=\"wp-block-columns alignwide is-layout-flex wp-container-core-columns-is-layout-03da1933 wp-block-columns-is-layout-flex\" style=\"margin-top:0;margin-bottom:0;padding-bottom:var(--wp--preset--spacing--40)\">\n<div class=\"wp-block-column is-layout-flow wp-block-column-is-layout-flow\">\n<p class=\"hostinger-ai-title hostinger-index-1 hostinger-ai-font-bold has-dark-color has-text-color has-link-color has-medium-font-size wp-elements-eadc00bd8a16db580696253ca320a08c\">\u0639\u0646\u0648\u0627\u0646:<\/p>\n\n\n\n<p class=\"has-medium-font-size\" style=\"margin-top:var(--wp--preset--spacing--20)\">\u0645\u0646\u0637\u0642\u0629 \u0625\u064a\u0643\u064a\u062a\u064a\u0644\u064a OSB\u060c \u0645\u0646\u0637\u0642\u0629 \u0645\u0631\u0645\u0631\u0629 \u0627\u0644\u0635\u0646\u0627\u0639\u064a\u0629\u060c \u0628\u0644\u0648\u0643 F\u060c \u0631\u0642\u0645: 14<\/p>\n<\/div>\n\n\n\n<div class=\"wp-block-column is-layout-flow wp-block-column-is-layout-flow\">\n<p class=\"hostinger-ai-title hostinger-index-2 hostinger-ai-font-bold has-dark-color has-text-color has-link-color has-medium-font-size wp-elements-b0115c759747a4b7ef956a22873da606\">\u0633\u0627\u0639\u0627\u062a<\/p>\n\n\n\n<p class=\"has-dark-color has-text-color has-link-color has-medium-font-size wp-elements-98008b82bff09236bc5d47f4d8aa1fbf\" style=\"margin-top:var(--wp--preset--spacing--20)\">09.00- 18.00<\/p>\n<\/div>\n<\/div>\n\n\n\n<div class=\"wp-block-group alignfull hostinger-ai-fade-up is-layout-flow wp-block-group-is-layout-flow\">\n<iframe src=\"https:\/\/www.google.com\/maps\/embed?pb=!1m18!1m12!1m3!1d3008.2920368761334!2d28.791427412108092!3d41.0626086712236!2m3!1f0!2f0!3f0!3m2!1i1024!2i768!4f13.1!3m3!1m2!1s0x14caa582dab80e1d%3A0xf5eac32dc33be856!2sEncoArt%20-%20Aluminyum%20%26%20Cam%20Hareketli%20Mimari%20Sistemler!5e0!3m2!1str!2str!4v1761834873725!5m2!1str!2str\" width=\"600\" height=\"450\" style=\"border:0;\" allowfullscreen=\"\" loading=\"lazy\" referrerpolicy=\"no-referrer-when-downgrade\"><\/iframe>\n<\/div>\n<\/div>\n<\/div>\n\n\n\n<div class=\"wp-block-group alignfull hostinger-ai-solid-block hostinger-ai-fade-up has-color-1-background-color has-background has-global-padding is-layout-constrained wp-block-group-is-layout-constrained\" style=\"padding-top:var(--wp--preset--spacing--60);padding-bottom:var(--wp--preset--spacing--60)\">\n<div class=\"wp-block-group alignwide hostinger-ai-fade-up is-vertical is-content-justification-center is-nowrap is-layout-flex wp-container-core-group-is-layout-4cc6ee0a wp-block-group-is-layout-flex\" style=\"min-height:0px;padding-top:0;padding-bottom:0\">\n<div class=\"wp-block-group hostinger-ai-fade-up wp-container-content-69bc4bdf has-global-padding is-content-justification-center is-layout-constrained wp-container-core-group-is-layout-78267832 wp-block-group-is-layout-constrained\">\n<h2 class=\"wp-block-heading has-text-align-center hostinger-ai-title has-dark-color has-text-color has-link-color has-x-large-font-size wp-elements-346e6d35b310ce77db2864debbb2e3bb\" style=\"margin-top:0;margin-right:0;margin-bottom:0;margin-left:0\">\u0646\u0645\u0648\u0630\u062c \u0627\u0644\u0627\u062a\u0635\u0627\u0644<\/h2>\n\n\n\n<p class=\"has-text-align-center hostinger-ai-description has-dark-color has-text-color has-link-color has-medium-font-size wp-elements-a295428f570a0340004112bce2057784\" style=\"margin-top:var(--wp--preset--spacing--20);margin-bottom:var(--wp--preset--spacing--50)\">\u062a\u0648\u0627\u0635\u0644 \u0645\u0639\u0646\u0627 \u0644\u0644\u062d\u0635\u0648\u0644 \u0639\u0644\u0649 \u0623\u0646\u0638\u0645\u0629 \u0648\u062a\u0648\u0635\u064a\u0627\u062a \u0645\u0635\u0645\u0645\u0629 \u062e\u0635\u064a\u0635\u064b\u0627 \u0644\u062a\u0644\u0628\u064a\u0629 \u0627\u062d\u062a\u064a\u0627\u062c\u0627\u062a\u0643.<\/p>\n\n\n\n<div class=\"wp-block-buttons is-content-justification-center is-layout-flex wp-container-core-buttons-is-layout-a89b3969 wp-block-buttons-is-layout-flex\">\n<div class=\"wp-block-button hostinger-ai-cta-button\"><a class=\"wp-block-button__link has-dark-color has-contrast-background-color has-text-color has-background has-link-color has-border-color has-medium-font-size has-custom-font-size wp-element-button\" href=\"https:\/\/wa.me\/00905338118895\" style=\"border-color:#0d141a;border-width:1px;border-radius:50px;padding-top:var(--wp--preset--spacing--30);padding-right:var(--wp--preset--spacing--70);padding-bottom:var(--wp--preset--spacing--30);padding-left:var(--wp--preset--spacing--70);box-shadow:none\" target=\"_blank\" rel=\"noopener\">\u0648\u0627\u062a\u0633\u0627\u0628<\/a><\/div>\n<\/div>\n<\/div>\n<\/div>\n<\/div>\n\n\n\n<p><\/p>","protected":false},"excerpt":{"rendered":"<p>Bize Ula\u015f\u0131n Formu Doldurun. Yerimiz Bizi Ziyaret Edin. ADRES: \u0130kitelli Osb Mahallesi Marmara Sanayi. F Blok No:14 Hours 09.00- 18.00 \u0130leti\u015fim Formu Yerinize Uygun Sistemler ve \u00d6nerilerimiz \u0130\u00e7in Bizimle \u0130leti\u015fime Ge\u00e7in.<\/p>","protected":false},"author":1,"featured_media":0,"parent":0,"menu_order":0,"comment_status":"closed","ping_status":"closed","template":"","meta":{"footnotes":""},"class_list":["post-8","page","type-page","status-publish","hentry"],"_hostinger_reach_plugin_has_subscription_block":false,"_hostinger_reach_plugin_is_elementor":false,"_links":{"self":[{"href":"https:\/\/ruzgarkiricicam.com\/ar\/wp-json\/wp\/v2\/pages\/8","targetHints":{"allow":["GET"]}}],"collection":[{"href":"https:\/\/ruzgarkiricicam.com\/ar\/wp-json\/wp\/v2\/pages"}],"about":[{"href":"https:\/\/ruzgarkiricicam.com\/ar\/wp-json\/wp\/v2\/types\/page"}],"author":[{"embeddable":true,"href":"https:\/\/ruzgarkiricicam.com\/ar\/wp-json\/wp\/v2\/users\/1"}],"replies":[{"embeddable":true,"href":"https:\/\/ruzgarkiricicam.com\/ar\/wp-json\/wp\/v2\/comments?post=8"}],"version-history":[{"count":2,"href":"https:\/\/ruzgarkiricicam.com\/ar\/wp-json\/wp\/v2\/pages\/8\/revisions"}],"predecessor-version":[{"id":229,"href":"https:\/\/ruzgarkiricicam.com\/ar\/wp-json\/wp\/v2\/pages\/8\/revisions\/229"}],"wp:attachment":[{"href":"https:\/\/ruzgarkiricicam.com\/ar\/wp-json\/wp\/v2\/media?parent=8"}],"curies":[{"name":"wp","href":"https:\/\/api.w.org\/{rel}","templated":true}]}}