{"id":106,"date":"2025-10-28T07:23:42","date_gmt":"2025-10-28T07:23:42","guid":{"rendered":"https:\/\/ruzgarkiricicam.com\/?page_id=106"},"modified":"2025-11-13T08:51:27","modified_gmt":"2025-11-13T08:51:27","slug":"fertiges-windschutzglas-set-ohne-glas","status":"publish","type":"page","link":"https:\/\/ruzgarkiricicam.com\/de\/fertiges-windschutzglas-set-ohne-glas\/","title":{"rendered":"9- Ready Kit Wind Breaker Glas ohne Glas"},"content":{"rendered":"<div class=\"wp-block-group alignfull hostinger-ai-solid-block hostinger-ai-fade-up has-color-1-background-color has-background has-global-padding is-layout-constrained wp-block-group-is-layout-constrained\" style=\"padding-top:var(--wp--preset--spacing--60);padding-bottom:var(--wp--preset--spacing--60)\">\n<div class=\"wp-block-group alignwide hostinger-ai-fade-up is-vertical is-content-justification-center is-nowrap is-layout-flex wp-container-core-group-is-layout-4cc6ee0a wp-block-group-is-layout-flex\" style=\"min-height:0px;padding-top:0;padding-bottom:0\">\n<div class=\"wp-block-group hostinger-ai-fade-up wp-container-content-69bc4bdf has-global-padding is-content-justification-center is-layout-constrained wp-container-core-group-is-layout-78267832 wp-block-group-is-layout-constrained\">\n<h2 class=\"wp-block-heading has-text-align-center hostinger-ai-title has-dark-color has-text-color has-link-color has-x-large-font-size wp-elements-f8195a0d79555549ed037fcfcba402de\" style=\"margin-top:0;margin-right:0;margin-bottom:0;margin-left:0\">Auf R\u00e4dern, im Topf und mobil tragbar. <\/h2>\n\n\n\n<p class=\"has-text-align-center hostinger-ai-description has-dark-color has-text-color has-link-color has-medium-font-size wp-elements-c90fb6405b746b7d30aa7413f619b673\" style=\"margin-top:var(--wp--preset--spacing--20);margin-bottom:var(--wp--preset--spacing--50)\">Entdecken Sie unsere Windschutzglasprodukte mit den f\u00fcr Ihre Bed\u00fcrfnisse am besten geeigneten Optionen.<\/p>\n\n\n\n<div class=\"wp-block-buttons is-content-justification-center is-layout-flex wp-container-core-buttons-is-layout-a89b3969 wp-block-buttons-is-layout-flex\">\n<div class=\"wp-block-button hostinger-ai-cta-button\"><a class=\"wp-block-button__link has-dark-color has-contrast-background-color has-text-color has-background has-link-color has-border-color has-medium-font-size has-custom-font-size wp-element-button\" href=\"https:\/\/ruzgarkiricicam.com\/de\/ruzgarkiricicam_shop\/\" style=\"border-color:#0d141a;border-width:1px;border-radius:50px;padding-top:var(--wp--preset--spacing--30);padding-right:var(--wp--preset--spacing--70);padding-bottom:var(--wp--preset--spacing--30);padding-left:var(--wp--preset--spacing--70);box-shadow:none\">Besuchen Sie unseren Shop.<\/a><\/div>\n<\/div>\n<\/div>\n<\/div>\n<\/div>\n\n\n\n<div class=\"wp-block-group alignfull hostinger-ai-gallery-6 hostinger-ai-fade-up is-layout-flow wp-block-group-is-layout-flow\">\n<div class=\"wp-block-group has-global-padding is-layout-constrained wp-block-group-is-layout-constrained\" style=\"margin-top:var(--wp--preset--spacing--60);margin-bottom:var(--wp--preset--spacing--60)\">\n<div class=\"wp-block-columns is-layout-flex wp-container-core-columns-is-layout-28f84493 wp-block-columns-is-layout-flex\">\n<div class=\"wp-block-column is-layout-flow wp-block-column-is-layout-flow\"><\/div>\n<\/div>\n\n\n\n<div class=\"wp-block-columns is-layout-flex wp-container-core-columns-is-layout-28f84493 wp-block-columns-is-layout-flex\">\n<div class=\"wp-block-column is-layout-flow wp-block-column-is-layout-flow\"><\/div>\n<\/div>\n\n\n\n<div class=\"wp-block-columns alignwide are-vertically-aligned-center is-layout-flex wp-container-core-columns-is-layout-28f84493 wp-block-columns-is-layout-flex\">\n<div class=\"wp-block-column is-vertically-aligned-center is-layout-flow wp-block-column-is-layout-flow\" style=\"flex-basis:33.33%\">\n<div class=\"wp-block-group alignwide hostinger-ai-fade-up has-global-padding is-layout-constrained wp-block-group-is-layout-constrained\" style=\"padding-top:var(--wp--preset--spacing--60);padding-bottom:var(--wp--preset--spacing--60)\">\n<h2 class=\"wp-block-heading has-text-align-left hostinger-ai-title has-dark-color has-text-color has-link-color has-x-large-font-size wp-elements-99f8acec724c772bdbe3a498cbbb69d0\" style=\"margin-top:0;margin-right:0;margin-bottom:var(--wp--preset--spacing--20);margin-left:0\">Fertiges Windschutzset ohne Glas <\/h2>\n\n\n\n<p class=\"has-text-align-left hostinger-ai-description has-dark-color has-text-color has-link-color has-medium-font-size wp-elements-9054f6bb552b1c0763df15a97f25a02d\" style=\"margin-top:0;margin-bottom:0\">Innovatives Ready Kit Glasloser Windbrecher aus Glas<\/p>\n\n\n\n<p class=\"has-text-align-left hostinger-ai-description has-dark-color has-text-color has-link-color has-medium-font-size wp-elements-c3a2a9d78ff1a52686cf820c40520bb6\" style=\"margin-top:0;margin-bottom:0\">Entdecken Sie unsere Systeme. Verkleben in 10 Minuten, nach 4 Stunden Aush\u00e4rtung montagefertig!<\/p>\n\n\n\n<div class=\"wp-block-columns is-layout-flex wp-container-core-columns-is-layout-28f84493 wp-block-columns-is-layout-flex\">\n<div class=\"wp-block-column is-layout-flow wp-block-column-is-layout-flow\"><\/div>\n<\/div>\n<\/div>\n<\/div>\n\n\n\n<div class=\"wp-block-column is-vertically-aligned-center is-layout-flow wp-block-column-is-layout-flow\" style=\"flex-basis:66.66%\">\n<div class=\"wp-block-columns is-layout-flex wp-container-core-columns-is-layout-28f84493 wp-block-columns-is-layout-flex\">\n<div class=\"wp-block-column is-layout-flow wp-block-column-is-layout-flow\">\n<figure class=\"wp-block-gallery aligncenter has-nested-images columns-default is-cropped wp-block-gallery-1 is-layout-flex wp-block-gallery-is-layout-flex\">\n<figure class=\"wp-block-image size-large\"><img loading=\"lazy\" decoding=\"async\" width=\"1024\" height=\"800\" data-id=\"215\" src=\"https:\/\/ruzgarkiricicam.com\/wp-content\/uploads\/2025\/10\/Ruzgar_kirici_camsiz_kit_yere_sabit-1024x800.png\" alt=\"\" class=\"wp-image-215\" srcset=\"https:\/\/ruzgarkiricicam.com\/wp-content\/uploads\/2025\/10\/Ruzgar_kirici_camsiz_kit_yere_sabit-1024x800.png 1024w, https:\/\/ruzgarkiricicam.com\/wp-content\/uploads\/2025\/10\/Ruzgar_kirici_camsiz_kit_yere_sabit-300x234.png 300w, https:\/\/ruzgarkiricicam.com\/wp-content\/uploads\/2025\/10\/Ruzgar_kirici_camsiz_kit_yere_sabit-768x600.png 768w, https:\/\/ruzgarkiricicam.com\/wp-content\/uploads\/2025\/10\/Ruzgar_kirici_camsiz_kit_yere_sabit.png 1322w\" sizes=\"auto, (max-width: 1024px) 100vw, 1024px\" \/><figcaption class=\"wp-element-caption\">DIY-Set ohne Windschutzglas (f\u00fcr Workshops und Heimwerkerprojekte)<\/figcaption><\/figure>\n\n\n\n<figure class=\"wp-block-image size-full\"><img loading=\"lazy\" decoding=\"async\" width=\"2498\" height=\"2560\" data-id=\"68\" src=\"https:\/\/ruzgarkiricicam.com\/wp-content\/uploads\/2025\/10\/ruzgar_kesici_cam_yere_sabit_model1-scaled.jpg\" alt=\"\" class=\"wp-image-68\" srcset=\"https:\/\/ruzgarkiricicam.com\/wp-content\/uploads\/2025\/10\/ruzgar_kesici_cam_yere_sabit_model1-scaled.jpg 2498w, https:\/\/ruzgarkiricicam.com\/wp-content\/uploads\/2025\/10\/ruzgar_kesici_cam_yere_sabit_model1-293x300.jpg 293w, https:\/\/ruzgarkiricicam.com\/wp-content\/uploads\/2025\/10\/ruzgar_kesici_cam_yere_sabit_model1-999x1024.jpg 999w, https:\/\/ruzgarkiricicam.com\/wp-content\/uploads\/2025\/10\/ruzgar_kesici_cam_yere_sabit_model1-768x787.jpg 768w, https:\/\/ruzgarkiricicam.com\/wp-content\/uploads\/2025\/10\/ruzgar_kesici_cam_yere_sabit_model1-1499x1536.jpg 1499w, https:\/\/ruzgarkiricicam.com\/wp-content\/uploads\/2025\/10\/ruzgar_kesici_cam_yere_sabit_model1-1998x2048.jpg 1998w\" sizes=\"auto, (max-width: 2498px) 100vw, 2498px\" \/><figcaption class=\"wp-element-caption\">Windschutzglas hergestellt<\/figcaption><\/figure>\n<\/figure>\n<\/div>\n<\/div>\n<\/div>\n<\/div>\n\n\n\n<div class=\"wp-block-columns is-layout-flex wp-container-core-columns-is-layout-28f84493 wp-block-columns-is-layout-flex\">\n<div class=\"wp-block-column is-layout-flow wp-block-column-is-layout-flow\">\n<div class=\"wp-block-columns is-layout-flex wp-container-core-columns-is-layout-28f84493 wp-block-columns-is-layout-flex\">\n<div class=\"wp-block-column is-layout-flow wp-block-column-is-layout-flow\"><\/div>\n<\/div>\n<\/div>\n<\/div>\n\n\n\n<div class=\"wp-block-columns alignwide are-vertically-aligned-center is-layout-flex wp-container-core-columns-is-layout-28f84493 wp-block-columns-is-layout-flex\">\n<div class=\"wp-block-column is-vertically-aligned-center is-layout-flow wp-block-column-is-layout-flow\" style=\"flex-basis:33.33%\">\n<div class=\"wp-block-group alignwide hostinger-ai-fade-up has-global-padding is-layout-constrained wp-block-group-is-layout-constrained\" style=\"padding-top:var(--wp--preset--spacing--60);padding-bottom:var(--wp--preset--spacing--60)\">\n<h2 class=\"wp-block-heading has-text-align-left hostinger-ai-title has-dark-color has-text-color has-link-color has-x-large-font-size wp-elements-8d9986e4a761dea6f8d071e50a3346d2\" style=\"margin-top:0;margin-right:0;margin-bottom:var(--wp--preset--spacing--20);margin-left:0\">Fertigbausatz Windschutz ohne Glas \u2013 Technische Informationen<\/h2>\n\n\n\n<p class=\"has-text-align-left hostinger-ai-description has-dark-color has-text-color has-link-color has-medium-font-size wp-elements-072fd7f59985318006dfa056dabd9006\" style=\"margin-top:0;margin-bottom:0\">Alle unsere Systeme haben eine Garantie von 2 Jahren, die Lackierung von 5 Jahren.<\/p>\n\n\n\n<div class=\"wp-block-columns is-layout-flex wp-container-core-columns-is-layout-28f84493 wp-block-columns-is-layout-flex\">\n<div class=\"wp-block-column is-layout-flow wp-block-column-is-layout-flow\"><\/div>\n<\/div>\n<\/div>\n<\/div>\n\n\n\n<div class=\"wp-block-column is-vertically-aligned-center is-layout-flow wp-block-column-is-layout-flow\" style=\"flex-basis:66.66%\">\n<div class=\"wp-block-columns is-layout-flex wp-container-core-columns-is-layout-28f84493 wp-block-columns-is-layout-flex\">\n<div class=\"wp-block-column is-layout-flow wp-container-core-column-is-layout-8a368f38 wp-block-column-is-layout-flow\">\n<figure class=\"wp-block-table\"><table class=\"has-fixed-layout\"><thead><tr><th>Informationen zum bodenmontierten, glaslosen Windschutz.<\/th><th>Merkmale des Windschutzes mit glasloser Bodenmontage<\/th><\/tr><\/thead><tbody><tr><td><strong>Geschlossene H\u00f6he<\/strong><\/td><td>110 cm<\/td><\/tr><tr><td><strong>Offene H\u00f6he<\/strong><\/td><td>195 cm<\/td><\/tr><tr><td><strong>Maximale Breite<\/strong><\/td><td>185 cm<\/td><\/tr><tr><td><strong>Glasplatte<\/strong><\/td><td>5 mm geh\u00e4rtet<\/td><\/tr><tr><td><strong>Unteres Glas<\/strong><\/td><td>8 mm geh\u00e4rtet <strong>oder<\/strong> 4 + 4 laminiertes geh\u00e4rtetes<\/td><\/tr><tr><td><strong>Mechanismus<\/strong><\/td><td>Gaskolben (zum \u00d6ffnen dr\u00fccken) <strong>oder<\/strong> motorisiert<\/td><\/tr><tr><td><strong>Mobilit\u00e4t<\/strong><\/td><td>Ja \u2013 fahrbare\/getopfte Struktur<\/td><\/tr><tr><td><strong>Topfmaterial<\/strong><\/td><td>Aluminium (Standard)<\/td><\/tr><tr><td><strong>Topfgr\u00f6\u00dfe<\/strong><\/td><td>33 \u00d7 33 cm (+12 cm Tiefe im Push-to-Open-System)<\/td><\/tr><tr><td><strong>Teilstruktur<\/strong><\/td><td>5 mm verzinktes Stahlchassis (einbrennlackiert) + R\u00e4der und verstellbare Bremsbacken<\/td><\/tr><tr><td><strong>Gesamth\u00f6he des Topfes<\/strong><\/td><td>43 cm<\/td><\/tr><tr><td><strong>Rad- und Fu\u00dfsystem<\/strong><\/td><td>4 Rollen (2 davon feststellbar) + 4 verstellbare Bremsbacken<\/td><\/tr><tr><td><strong>Farbe<\/strong><\/td><td>RAL 7016 \u2013 Elektrostatisch lackiertes Aluminium<\/td><\/tr><tr><td><strong>Sonderproduktion<\/strong><\/td><td>Bis zu 240 cm H\u00f6he (max. 135 cm Breite)<\/td><\/tr><\/tbody><\/table><\/figure>\n<\/div>\n<\/div>\n<\/div>\n<\/div>\n\n\n\n<div class=\"wp-block-group alignwide hostinger-ai-fade-up is-nowrap is-layout-flex wp-container-core-group-is-layout-4ac5639c wp-block-group-is-layout-flex\" style=\"margin-bottom:0;padding-top:0;padding-bottom:var(--wp--preset--spacing--30)\">\n<div class=\"wp-block-columns is-layout-flex wp-container-core-columns-is-layout-28f84493 wp-block-columns-is-layout-flex\">\n<div class=\"wp-block-column is-layout-flow wp-block-column-is-layout-flow\" style=\"flex-basis:50%\">\n<h2 class=\"wp-block-heading hostinger-ai-service-title has-x-large-font-size\" style=\"margin-bottom:0\">Anpassbare Optionen<\/h2>\n<\/div>\n\n\n\n<div class=\"wp-block-column is-vertically-aligned-center has-small-font-size has-global-padding is-layout-constrained wp-block-column-is-layout-constrained\" style=\"flex-basis:50%\">\n<p class=\"hostinger-ai-service-description has-medium-font-size\">Sie k\u00f6nnen die Merkmale unserer hochwertigen Windschutzglassysteme ausw\u00e4hlen, wie zum Beispiel: RAL-Farbe, Glasdicke, LED-Beleuchtungsoption, H\u00f6he und Tiefe des Blumentopfs.<\/p>\n<\/div>\n<\/div>\n<\/div>\n\n\n\n<div class=\"wp-block-group alignwide image-row hostinger-ai-fade-up is-layout-grid wp-container-core-group-is-layout-60745b59 wp-block-group-is-layout-grid\" style=\"margin-bottom:0;padding-top:var(--wp--preset--spacing--30)\">\n<figure class=\"wp-block-image size-full has-custom-border hostinger-ai-service-image hostinger-index-4\"><img loading=\"lazy\" decoding=\"async\" width=\"1500\" height=\"1200\" src=\"https:\/\/ruzgarkiricicam.com\/wp-content\/uploads\/2025\/10\/ruzgar-kirici-cam-11.jpeg\" alt=\"\" class=\"wp-image-84\" style=\"border-radius:20px\" srcset=\"https:\/\/ruzgarkiricicam.com\/wp-content\/uploads\/2025\/10\/ruzgar-kirici-cam-11.jpeg 1500w, https:\/\/ruzgarkiricicam.com\/wp-content\/uploads\/2025\/10\/ruzgar-kirici-cam-11-300x240.jpeg 300w, https:\/\/ruzgarkiricicam.com\/wp-content\/uploads\/2025\/10\/ruzgar-kirici-cam-11-1024x819.jpeg 1024w, https:\/\/ruzgarkiricicam.com\/wp-content\/uploads\/2025\/10\/ruzgar-kirici-cam-11-768x614.jpeg 768w\" sizes=\"auto, (max-width: 1500px) 100vw, 1500px\" \/><figcaption class=\"wp-element-caption\">Windschutzglas \u2013 RAL-Farboptionen<\/figcaption><\/figure>\n\n\n\n<figure class=\"wp-block-image alignfull size-full has-custom-border hostinger-ai-service-image hostinger-index-5\"><img loading=\"lazy\" decoding=\"async\" width=\"596\" height=\"481\" src=\"https:\/\/ruzgarkiricicam.com\/wp-content\/uploads\/2025\/10\/ruzgar_kirici_cam_lamine-e1761563537845.png\" alt=\"\" class=\"wp-image-85\" style=\"border-radius:20px\" srcset=\"https:\/\/ruzgarkiricicam.com\/wp-content\/uploads\/2025\/10\/ruzgar_kirici_cam_lamine-e1761563537845.png 596w, https:\/\/ruzgarkiricicam.com\/wp-content\/uploads\/2025\/10\/ruzgar_kirici_cam_lamine-e1761563537845-300x242.png 300w\" sizes=\"auto, (max-width: 596px) 100vw, 596px\" \/><figcaption class=\"wp-element-caption\">Windschutzglas Verbundglasarten<\/figcaption><\/figure>\n\n\n\n<figure class=\"wp-block-image alignfull size-full has-custom-border hostinger-ai-service-image hostinger-index-5\"><img loading=\"lazy\" decoding=\"async\" width=\"561\" height=\"447\" src=\"https:\/\/ruzgarkiricicam.com\/wp-content\/uploads\/2025\/10\/ruzgar_kirici_cam_renkleri-e1761564027331.png\" alt=\"\" class=\"wp-image-86\" style=\"border-radius:20px\" srcset=\"https:\/\/ruzgarkiricicam.com\/wp-content\/uploads\/2025\/10\/ruzgar_kirici_cam_renkleri-e1761564027331.png 561w, https:\/\/ruzgarkiricicam.com\/wp-content\/uploads\/2025\/10\/ruzgar_kirici_cam_renkleri-e1761564027331-300x239.png 300w\" sizes=\"auto, (max-width: 561px) 100vw, 561px\" \/><figcaption class=\"wp-element-caption\">H\u00f6henverstellbare Windschutzglas-Farbvarianten<\/figcaption><\/figure>\n\n\n\n<figure class=\"wp-block-image alignfull size-full has-custom-border hostinger-ai-service-image hostinger-index-5 wp-container-content-69bc4bdf\"><img loading=\"lazy\" decoding=\"async\" width=\"1500\" height=\"1200\" src=\"https:\/\/ruzgarkiricicam.com\/wp-content\/uploads\/2025\/10\/saksi-duz-model.jpg\" alt=\"\" class=\"wp-image-42\" style=\"border-radius:20px\" srcset=\"https:\/\/ruzgarkiricicam.com\/wp-content\/uploads\/2025\/10\/saksi-duz-model.jpg 1500w, https:\/\/ruzgarkiricicam.com\/wp-content\/uploads\/2025\/10\/saksi-duz-model-300x240.jpg 300w, https:\/\/ruzgarkiricicam.com\/wp-content\/uploads\/2025\/10\/saksi-duz-model-1024x819.jpg 1024w, https:\/\/ruzgarkiricicam.com\/wp-content\/uploads\/2025\/10\/saksi-duz-model-768x614.jpg 768w\" sizes=\"auto, (max-width: 1500px) 100vw, 1500px\" \/><figcaption class=\"wp-element-caption\">Optionen f\u00fcr winddichte Glasblument\u00f6pfe<\/figcaption><\/figure>\n<\/div>\n\n\n\n<p><\/p>\n\n\n\n<div class=\"wp-block-columns alignwide is-layout-flex wp-container-core-columns-is-layout-28f84493 wp-block-columns-is-layout-flex\">\n<div class=\"wp-block-column is-vertically-aligned-center is-layout-flow wp-block-column-is-layout-flow\" style=\"flex-basis:33.33%\">\n<div class=\"wp-block-group alignwide hostinger-ai-fade-up has-global-padding is-layout-constrained wp-block-group-is-layout-constrained\" style=\"padding-top:var(--wp--preset--spacing--60);padding-bottom:var(--wp--preset--spacing--60)\">\n<h2 class=\"wp-block-heading has-text-align-left hostinger-ai-title has-dark-color has-text-color has-link-color has-x-large-font-size wp-elements-a5e47cb2e24ab0f84ab3d54f84b09065\" style=\"margin-top:0;margin-right:0;margin-bottom:var(--wp--preset--spacing--20);margin-left:0\">Windschutzglasgalerie<\/h2>\n\n\n\n<p class=\"has-text-align-left hostinger-ai-description has-dark-color has-text-color has-link-color has-medium-font-size wp-elements-5ea2f999cff5c8eff1588c46bac233cd\" style=\"margin-top:0;margin-bottom:0\">Innovatives Windschutzglas <\/p>\n\n\n\n<p class=\"has-text-align-left hostinger-ai-description has-dark-color has-text-color has-link-color has-medium-font-size wp-elements-dd4a2f914337c13b1c52f23828ff52fc\" style=\"margin-top:0;margin-bottom:0\">Entdecken Sie unsere Systeme.<\/p>\n\n\n\n<p><\/p>\n<\/div>\n<\/div>\n\n\n\n<div class=\"wp-block-column is-layout-flow wp-block-column-is-layout-flow\" style=\"flex-basis:66.66%\">\n<div class=\"wp-block-columns is-layout-flex wp-container-core-columns-is-layout-28f84493 wp-block-columns-is-layout-flex\">\n<div class=\"wp-block-column is-layout-flow wp-block-column-is-layout-flow\">\n<figure class=\"wp-block-image size-full has-custom-border hostinger-ai-image hostinger-index-27\"><img loading=\"lazy\" decoding=\"async\" width=\"2048\" height=\"1536\" src=\"https:\/\/ruzgarkiricicam.com\/wp-content\/uploads\/2025\/10\/Ruzgar-kirici-cam-9.jpg\" alt=\"\" class=\"wp-image-175\" style=\"border-radius:16px\" srcset=\"https:\/\/ruzgarkiricicam.com\/wp-content\/uploads\/2025\/10\/Ruzgar-kirici-cam-9.jpg 2048w, https:\/\/ruzgarkiricicam.com\/wp-content\/uploads\/2025\/10\/Ruzgar-kirici-cam-9-300x225.jpg 300w, https:\/\/ruzgarkiricicam.com\/wp-content\/uploads\/2025\/10\/Ruzgar-kirici-cam-9-1024x768.jpg 1024w, https:\/\/ruzgarkiricicam.com\/wp-content\/uploads\/2025\/10\/Ruzgar-kirici-cam-9-768x576.jpg 768w, https:\/\/ruzgarkiricicam.com\/wp-content\/uploads\/2025\/10\/Ruzgar-kirici-cam-9-1536x1152.jpg 1536w\" sizes=\"auto, (max-width: 2048px) 100vw, 2048px\" \/><figcaption class=\"wp-element-caption\">getopftes Windschutzglas<\/figcaption><\/figure>\n\n\n\n<figure class=\"wp-block-image size-full has-custom-border hostinger-ai-image hostinger-index-28\"><img loading=\"lazy\" decoding=\"async\" width=\"1600\" height=\"1600\" src=\"https:\/\/ruzgarkiricicam.com\/wp-content\/uploads\/2025\/10\/ruzgar-kirici-cam-13.jpeg\" alt=\"\" class=\"wp-image-21\" style=\"border-radius:16px\" srcset=\"https:\/\/ruzgarkiricicam.com\/wp-content\/uploads\/2025\/10\/ruzgar-kirici-cam-13.jpeg 1600w, https:\/\/ruzgarkiricicam.com\/wp-content\/uploads\/2025\/10\/ruzgar-kirici-cam-13-300x300.jpeg 300w, https:\/\/ruzgarkiricicam.com\/wp-content\/uploads\/2025\/10\/ruzgar-kirici-cam-13-1024x1024.jpeg 1024w, https:\/\/ruzgarkiricicam.com\/wp-content\/uploads\/2025\/10\/ruzgar-kirici-cam-13-150x150.jpeg 150w, https:\/\/ruzgarkiricicam.com\/wp-content\/uploads\/2025\/10\/ruzgar-kirici-cam-13-768x768.jpeg 768w, https:\/\/ruzgarkiricicam.com\/wp-content\/uploads\/2025\/10\/ruzgar-kirici-cam-13-1536x1536.jpeg 1536w\" sizes=\"auto, (max-width: 1600px) 100vw, 1600px\" \/><figcaption class=\"wp-element-caption\">Blumentopf, rollbarer Windschutz, Caf\u00e9<\/figcaption><\/figure>\n<\/div>\n\n\n\n<div class=\"wp-block-column is-layout-flow wp-block-column-is-layout-flow\">\n<figure class=\"wp-block-image size-full has-custom-border hostinger-ai-image hostinger-index-29\"><img loading=\"lazy\" decoding=\"async\" width=\"1406\" height=\"1757\" src=\"https:\/\/ruzgarkiricicam.com\/wp-content\/uploads\/2025\/10\/Ruzgar-kirici-cam-8.jpg\" alt=\"\" class=\"wp-image-176\" style=\"border-radius:16px\" srcset=\"https:\/\/ruzgarkiricicam.com\/wp-content\/uploads\/2025\/10\/Ruzgar-kirici-cam-8.jpg 1406w, https:\/\/ruzgarkiricicam.com\/wp-content\/uploads\/2025\/10\/Ruzgar-kirici-cam-8-240x300.jpg 240w, https:\/\/ruzgarkiricicam.com\/wp-content\/uploads\/2025\/10\/Ruzgar-kirici-cam-8-819x1024.jpg 819w, https:\/\/ruzgarkiricicam.com\/wp-content\/uploads\/2025\/10\/Ruzgar-kirici-cam-8-768x960.jpg 768w, https:\/\/ruzgarkiricicam.com\/wp-content\/uploads\/2025\/10\/Ruzgar-kirici-cam-8-1229x1536.jpg 1229w\" sizes=\"auto, (max-width: 1406px) 100vw, 1406px\" \/><figcaption class=\"wp-element-caption\">getopftes Windschutzglas<\/figcaption><\/figure>\n\n\n\n<figure class=\"wp-block-image size-full has-custom-border hostinger-ai-image hostinger-index-28\"><img loading=\"lazy\" decoding=\"async\" width=\"859\" height=\"872\" src=\"https:\/\/ruzgarkiricicam.com\/wp-content\/uploads\/2025\/11\/Ruzgar-kirici-cam-6.png\" alt=\"\" class=\"wp-image-380\" style=\"border-radius:16px\" srcset=\"https:\/\/ruzgarkiricicam.com\/wp-content\/uploads\/2025\/11\/Ruzgar-kirici-cam-6.png 859w, https:\/\/ruzgarkiricicam.com\/wp-content\/uploads\/2025\/11\/Ruzgar-kirici-cam-6-296x300.png 296w, https:\/\/ruzgarkiricicam.com\/wp-content\/uploads\/2025\/11\/Ruzgar-kirici-cam-6-768x780.png 768w\" sizes=\"auto, (max-width: 859px) 100vw, 859px\" \/><figcaption class=\"wp-element-caption\">Restaurant mit Blumentopf und rollbarer Windschutzwand<\/figcaption><\/figure>\n<\/div>\n<\/div>\n<\/div>\n<\/div>\n<\/div>\n<\/div>\n\n\n\n<div class=\"wp-block-columns alignwide is-layout-flex wp-container-core-columns-is-layout-28f84493 wp-block-columns-is-layout-flex\">\n<div class=\"wp-block-column is-layout-flow wp-block-column-is-layout-flow\">\n<h3 class=\"wp-block-heading\">Fertiges Windschutz-Set zur Bodenbefestigung ohne Glas \u2013 Langlebige DIY-L\u00f6sung f\u00fcr Profis<\/h3>\n\n\n\n<p><strong>Fertige Windschutzsysteme zur Bodenbefestigung ohne Glas<\/strong>, Diese Systeme wurden f\u00fcr Anwendungsunternehmen und Werkst\u00e4tten entwickelt, die Wert auf hohe Langlebigkeit und lange Nutzungsdauer legen. Sie sind vollst\u00e4ndig <strong>DIY (Do It Yourself)<\/strong> wird nach dem Prinzip hergestellt <strong>ohne Glas<\/strong> Die Brillen werden lokal geliefert und nur <strong>Innerhalb von 2\u20133 Stunden<\/strong> l\u00e4sst sich leicht installieren.<\/p>\n\n\n\n<p>Dank seiner im Boden verankerten Konstruktion bietet es eine hervorragende Best\u00e4ndigkeit gegen starke Windlasten. Es hat eine geschlossene H\u00f6he von 105 cm und eine ge\u00f6ffnete H\u00f6he von 185 cm. <strong>Kolben zum \u00d6ffnen durch Dr\u00fccken<\/strong> oder <strong>motorisiert<\/strong> Es kann in verschiedenen Ausf\u00fchrungen hergestellt werden. Der Korpus ist vollst\u00e4ndig <strong>Aluminiumprofil<\/strong>und besteht aus <strong> elektrostatische Farbe<\/strong> Es ist durch eine Pulverbeschichtung vor \u00e4u\u00dferen Einfl\u00fcssen gesch\u00fctzt.<\/p>\n\n\n\n<p>Dieses Modell eignet sich f\u00fcr Caf\u00e9s, Restaurants, Hotels, Balkone, Terrassen und Fassadenbereiche. <strong>erfordert eine dauerhafte Installation<\/strong> Es eignet sich f\u00fcr professionelle Projekte. Dank seines Gaskolbens oder Motormechanismus blockiert es den Wind und erh\u00e4lt gleichzeitig die Luftzirkulation im Raum aufrecht.<\/p>\n\n\n\n<p><strong>Fertiges Windjacken-Set<\/strong>, <strong>Fertiges Windjacken-Set<\/strong>, <strong>Fertiges Set, Windjacke zum \u00d6ffnen per Knopfdruck<\/strong> Und <strong>Fertiges Set Kolbenwindschutz<\/strong> Dieses System, das auch unter alternativen Suchbegriffen wie beispielsweise bekannt ist, bietet mit seinem \u00e4sthetischen Erscheinungsbild, der einfachen Installation und der langlebigen Konstruktion eine L\u00f6sung nach europ\u00e4ischen Standards.<\/p>\n\n\n\n<p>Dank seiner robusten Konstruktion vereint es Komfort, Sicherheit und Eleganz im Freien.<\/p>\n<\/div>\n<\/div>\n\n\n\n<div class=\"wp-block-group alignwide hostinger-ai-fade-up has-global-padding is-content-justification-left is-layout-constrained wp-container-core-group-is-layout-12dd3699 wp-block-group-is-layout-constrained\">\n<h2 class=\"wp-block-heading is-style-default hostinger-ai-title has-dark-color has-text-color has-link-color has-x-large-font-size wp-elements-c2116d16528b9691ab15365bc213aa9e\" style=\"margin-bottom:var(--wp--preset--spacing--50)\">Unsere Windschutzglasprojekte<\/h2>\n\n\n<ul class=\"wp-block-latest-posts__list is-grid columns-4 alignwide wp-block-latest-posts\"><\/ul><\/div>\n\n\n\n<p><\/p>","protected":false},"excerpt":{"rendered":"<p>Tekerli, Saks\u0131l\u0131 &amp; Mobil Ta\u015f\u0131nabilir. \u0130htiya\u00e7lar\u0131n\u0131za g\u00f6re en uygun opsiyonlarla r\u00fczgar k\u0131r\u0131c\u0131 cam \u00fcr\u00fcnlerimizi ke\u015ffedin. Haz\u0131r Kit R\u00fczgar K\u0131r\u0131c\u0131 Cams\u0131z Yenilik\u00e7i Haz\u0131r Kit Cams\u0131z R\u00fczgar K\u0131r\u0131c\u0131 Cam Sistemlerimizi ke\u015ffedin. 10 dakikada yap\u0131\u015ft\u0131r\u0131n, 4 saatlik k\u00fcrlenme s\u00fcresi sonras\u0131 montaja haz\u0131r ! Haz\u0131r Kit R\u00fczgar K\u0131r\u0131c\u0131 Cams\u0131z Teknik Bilgileri T\u00fcm Sistemlerimiz 2 y\u0131l, Boya 5 y\u0131l Garantilidir. [&hellip;]<\/p>","protected":false},"author":1,"featured_media":18,"parent":0,"menu_order":0,"comment_status":"closed","ping_status":"closed","template":"","meta":{"footnotes":""},"class_list":["post-106","page","type-page","status-publish","has-post-thumbnail","hentry"],"_hostinger_reach_plugin_has_subscription_block":false,"_hostinger_reach_plugin_is_elementor":false,"_links":{"self":[{"href":"https:\/\/ruzgarkiricicam.com\/de\/wp-json\/wp\/v2\/pages\/106","targetHints":{"allow":["GET"]}}],"collection":[{"href":"https:\/\/ruzgarkiricicam.com\/de\/wp-json\/wp\/v2\/pages"}],"about":[{"href":"https:\/\/ruzgarkiricicam.com\/de\/wp-json\/wp\/v2\/types\/page"}],"author":[{"embeddable":true,"href":"https:\/\/ruzgarkiricicam.com\/de\/wp-json\/wp\/v2\/users\/1"}],"replies":[{"embeddable":true,"href":"https:\/\/ruzgarkiricicam.com\/de\/wp-json\/wp\/v2\/comments?post=106"}],"version-history":[{"count":10,"href":"https:\/\/ruzgarkiricicam.com\/de\/wp-json\/wp\/v2\/pages\/106\/revisions"}],"predecessor-version":[{"id":437,"href":"https:\/\/ruzgarkiricicam.com\/de\/wp-json\/wp\/v2\/pages\/106\/revisions\/437"}],"wp:featuredmedia":[{"embeddable":true,"href":"https:\/\/ruzgarkiricicam.com\/de\/wp-json\/wp\/v2\/media\/18"}],"wp:attachment":[{"href":"https:\/\/ruzgarkiricicam.com\/de\/wp-json\/wp\/v2\/media?parent=106"}],"curies":[{"name":"wp","href":"https:\/\/api.w.org\/{rel}","templated":true}]}}