{"id":125,"date":"2025-10-28T07:47:38","date_gmt":"2025-10-28T07:47:38","guid":{"rendered":"https:\/\/ruzgarkiricicam.com\/?page_id=125"},"modified":"2025-11-28T11:10:17","modified_gmt":"2025-11-28T11:10:17","slug":"katalog","status":"publish","type":"page","link":"https:\/\/ruzgarkiricicam.com\/de\/katalog\/","title":{"rendered":"Windschutzglas-Katalog"},"content":{"rendered":"<p class=\"has-text-align-left\"><strong>Den Katalog der Windschutzglassysteme finden Sie unten.<\/strong><\/p>\n\n\n\n<p><strong>T\u00fcrkischer Katalog<\/strong><\/p>\n\n\n\n<div data-wp-interactive=\"core\/file\" class=\"wp-block-file alignwide\"><object data-wp-bind--hidden=\"!state.hasPdfPreview\" hidden class=\"wp-block-file__embed\" data=\"https:\/\/ruzgarkiricicam.com\/wp-content\/uploads\/2025\/11\/Ruzgar-Kirici-Katalog-2025.pdf\" type=\"application\/pdf\" style=\"width:100%;height:600px\" aria-label=\"Einbettung von TR - R\u00fczgar K\u0131r\u0131c\u0131 Cam Katalog 2025.\"><\/object><a id=\"wp-block-file--media-08e9ec76-3a22-49f5-ace0-c03357b41b46\" href=\"https:\/\/ruzgarkiricicam.com\/wp-content\/uploads\/2025\/11\/Ruzgar-Kirici-Katalog-2025.pdf\">TR \u2013 Windschutzglas-Katalog 2025<\/a><a href=\"https:\/\/ruzgarkiricicam.com\/wp-content\/uploads\/2025\/11\/Ruzgar-Kirici-Katalog-2025.pdf\" class=\"wp-block-file__button wp-element-button\" download aria-describedby=\"wp-block-file--media-08e9ec76-3a22-49f5-ace0-c03357b41b46\">Herunterladen<\/a><\/div>\n\n\n\n<p><strong>Englischer Katalog<\/strong><\/p>\n\n\n\n<div data-wp-interactive=\"core\/file\" class=\"wp-block-file alignwide\"><object data-wp-bind--hidden=\"!state.hasPdfPreview\" hidden class=\"wp-block-file__embed\" data=\"https:\/\/ruzgarkiricicam.com\/wp-content\/uploads\/2025\/11\/WindShield-Glass-Systems-2025.pdf\" type=\"application\/pdf\" style=\"width:100%;height:600px\" aria-label=\"Einbettung von EN - R\u00fczgar K\u0131r\u0131c\u0131 Cam Sistem Katalo\u011fu 2025.\"><\/object><a id=\"wp-block-file--media-3416f87a-e08a-4e40-ae8c-95a38042fdd7\" href=\"https:\/\/ruzgarkiricicam.com\/wp-content\/uploads\/2025\/11\/WindShield-Glass-Systems-2025.pdf\">EN \u2013 Katalog f\u00fcr Windschutzglassysteme 2025<\/a><a href=\"https:\/\/ruzgarkiricicam.com\/wp-content\/uploads\/2025\/11\/WindShield-Glass-Systems-2025.pdf\" class=\"wp-block-file__button wp-element-button\" download aria-describedby=\"wp-block-file--media-3416f87a-e08a-4e40-ae8c-95a38042fdd7\">Herunterladen<\/a><\/div>\n\n\n\n<p><\/p>","protected":false},"excerpt":{"rendered":"<p>R\u00fczgar K\u0131r\u0131c\u0131 Cam Sistemlerin Katalo\u011funu A\u015fa\u011f\u0131da G\u00f6rebilirsiniz. T\u00fcrk\u00e7e Katalog \u0130ngilizce Katalog<\/p>","protected":false},"author":1,"featured_media":0,"parent":0,"menu_order":0,"comment_status":"closed","ping_status":"closed","template":"","meta":{"footnotes":""},"class_list":["post-125","page","type-page","status-publish","hentry"],"_hostinger_reach_plugin_has_subscription_block":false,"_hostinger_reach_plugin_is_elementor":false,"_links":{"self":[{"href":"https:\/\/ruzgarkiricicam.com\/de\/wp-json\/wp\/v2\/pages\/125","targetHints":{"allow":["GET"]}}],"collection":[{"href":"https:\/\/ruzgarkiricicam.com\/de\/wp-json\/wp\/v2\/pages"}],"about":[{"href":"https:\/\/ruzgarkiricicam.com\/de\/wp-json\/wp\/v2\/types\/page"}],"author":[{"embeddable":true,"href":"https:\/\/ruzgarkiricicam.com\/de\/wp-json\/wp\/v2\/users\/1"}],"replies":[{"embeddable":true,"href":"https:\/\/ruzgarkiricicam.com\/de\/wp-json\/wp\/v2\/comments?post=125"}],"version-history":[{"count":6,"href":"https:\/\/ruzgarkiricicam.com\/de\/wp-json\/wp\/v2\/pages\/125\/revisions"}],"predecessor-version":[{"id":589,"href":"https:\/\/ruzgarkiricicam.com\/de\/wp-json\/wp\/v2\/pages\/125\/revisions\/589"}],"wp:attachment":[{"href":"https:\/\/ruzgarkiricicam.com\/de\/wp-json\/wp\/v2\/media?parent=125"}],"curies":[{"name":"wp","href":"https:\/\/api.w.org\/{rel}","templated":true}]}}