{"id":130,"date":"2025-10-28T07:44:36","date_gmt":"2025-10-28T07:44:36","guid":{"rendered":"https:\/\/ruzgarkiricicam.com\/?page_id=130"},"modified":"2025-11-13T08:24:56","modified_gmt":"2025-11-13T08:24:56","slug":"manual-windbreaker-glass","status":"publish","type":"page","link":"https:\/\/ruzgarkiricicam.com\/en\/manual-windbreaker-glass\/","title":{"rendered":"3- Manual Wind Breaker Glass"},"content":{"rendered":"<div class=\"wp-block-group alignfull hostinger-ai-solid-block hostinger-ai-fade-up has-color-1-background-color has-background has-global-padding is-layout-constrained wp-block-group-is-layout-constrained\" style=\"padding-top:var(--wp--preset--spacing--60);padding-bottom:var(--wp--preset--spacing--60)\">\n<div class=\"wp-block-group alignwide hostinger-ai-fade-up is-vertical is-content-justification-center is-nowrap is-layout-flex wp-container-core-group-is-layout-4cc6ee0a wp-block-group-is-layout-flex\" style=\"min-height:0px;padding-top:0;padding-bottom:0\">\n<div class=\"wp-block-group hostinger-ai-fade-up wp-container-content-69bc4bdf has-global-padding is-content-justification-center is-layout-constrained wp-container-core-group-is-layout-78267832 wp-block-group-is-layout-constrained\">\n<h2 class=\"wp-block-heading has-text-align-center hostinger-ai-title has-dark-color has-text-color has-link-color has-x-large-font-size wp-elements-f8195a0d79555549ed037fcfcba402de\" style=\"margin-top:0;margin-right:0;margin-bottom:0;margin-left:0\">Wheeled, Potted &amp; Mobile Portable. <\/h2>\n\n\n\n<p class=\"has-text-align-center hostinger-ai-description has-dark-color has-text-color has-link-color has-medium-font-size wp-elements-c90fb6405b746b7d30aa7413f619b673\" style=\"margin-top:var(--wp--preset--spacing--20);margin-bottom:var(--wp--preset--spacing--50)\">Discover our windbreak glass products with the most suitable options according to your needs.<\/p>\n\n\n\n<div class=\"wp-block-buttons is-content-justification-center is-layout-flex wp-container-core-buttons-is-layout-a89b3969 wp-block-buttons-is-layout-flex\">\n<div class=\"wp-block-button hostinger-ai-cta-button\"><a class=\"wp-block-button__link has-dark-color has-contrast-background-color has-text-color has-background has-link-color has-border-color has-medium-font-size has-custom-font-size wp-element-button\" href=\"https:\/\/ruzgarkiricicam.com\/en\/ruzgarkiricicam_shop\/\" style=\"border-color:#0d141a;border-width:1px;border-radius:50px;padding-top:var(--wp--preset--spacing--30);padding-right:var(--wp--preset--spacing--70);padding-bottom:var(--wp--preset--spacing--30);padding-left:var(--wp--preset--spacing--70);box-shadow:none\">Check Out Our Store.<\/a><\/div>\n<\/div>\n<\/div>\n<\/div>\n<\/div>\n\n\n\n<div class=\"wp-block-group alignfull hostinger-ai-gallery-6 hostinger-ai-fade-up is-layout-flow wp-block-group-is-layout-flow\">\n<div class=\"wp-block-group has-global-padding is-layout-constrained wp-block-group-is-layout-constrained\" style=\"margin-top:var(--wp--preset--spacing--60);margin-bottom:var(--wp--preset--spacing--60)\">\n<div class=\"wp-block-columns is-layout-flex wp-container-core-columns-is-layout-28f84493 wp-block-columns-is-layout-flex\">\n<div class=\"wp-block-column is-layout-flow wp-block-column-is-layout-flow\"><\/div>\n<\/div>\n\n\n\n<div class=\"wp-block-columns is-layout-flex wp-container-core-columns-is-layout-28f84493 wp-block-columns-is-layout-flex\">\n<div class=\"wp-block-column is-layout-flow wp-block-column-is-layout-flow\"><\/div>\n<\/div>\n\n\n\n<div class=\"wp-block-columns alignwide are-vertically-aligned-center is-layout-flex wp-container-core-columns-is-layout-28f84493 wp-block-columns-is-layout-flex\">\n<div class=\"wp-block-column is-vertically-aligned-center is-layout-flow wp-block-column-is-layout-flow\" style=\"flex-basis:33.33%\">\n<div class=\"wp-block-group alignwide hostinger-ai-fade-up has-global-padding is-layout-constrained wp-block-group-is-layout-constrained\" style=\"padding-top:var(--wp--preset--spacing--60);padding-bottom:var(--wp--preset--spacing--60)\">\n<h2 class=\"wp-block-heading has-text-align-left hostinger-ai-title has-dark-color has-text-color has-link-color has-x-large-font-size wp-elements-8e721d645496ce734e763f6f43809186\" style=\"margin-top:0;margin-right:0;margin-bottom:var(--wp--preset--spacing--20);margin-left:0\">Manual Wind Breaker Glass: Fixed to the Ground or Potted <\/h2>\n\n\n\n<p class=\"has-text-align-left hostinger-ai-description has-dark-color has-text-color has-link-color has-medium-font-size wp-elements-130b2d4819c900d12a78f8ebb7146420\" style=\"margin-top:0;margin-bottom:0\">Manual \u2013 Weight Balanced Innovative Wind Breaker Glass with the option to stop wherever you want<\/p>\n\n\n\n<p class=\"has-text-align-left hostinger-ai-description has-dark-color has-text-color has-link-color has-medium-font-size wp-elements-dd4a2f914337c13b1c52f23828ff52fc\" style=\"margin-top:0;margin-bottom:0\">Explore our systems.<\/p>\n\n\n\n<div class=\"wp-block-columns is-layout-flex wp-container-core-columns-is-layout-28f84493 wp-block-columns-is-layout-flex\">\n<div class=\"wp-block-column is-layout-flow wp-block-column-is-layout-flow\"><\/div>\n<\/div>\n<\/div>\n<\/div>\n\n\n\n<div class=\"wp-block-column is-vertically-aligned-center is-layout-flow wp-block-column-is-layout-flow\" style=\"flex-basis:66.66%\">\n<div class=\"wp-block-columns is-layout-flex wp-container-core-columns-is-layout-28f84493 wp-block-columns-is-layout-flex\">\n<div class=\"wp-block-column is-layout-flow wp-block-column-is-layout-flow\">\n<figure class=\"wp-block-gallery aligncenter has-nested-images columns-default is-cropped wp-block-gallery-1 is-layout-flex wp-block-gallery-is-layout-flex\">\n<figure class=\"wp-block-image size-full\"><img loading=\"lazy\" decoding=\"async\" width=\"1080\" height=\"1080\" data-id=\"349\" src=\"https:\/\/ruzgarkiricicam.com\/wp-content\/uploads\/2025\/11\/ruzgar_kesici_cam_yere_sabit_model-1.jpg\" alt=\"\" class=\"wp-image-349\" srcset=\"https:\/\/ruzgarkiricicam.com\/wp-content\/uploads\/2025\/11\/ruzgar_kesici_cam_yere_sabit_model-1.jpg 1080w, https:\/\/ruzgarkiricicam.com\/wp-content\/uploads\/2025\/11\/ruzgar_kesici_cam_yere_sabit_model-1-300x300.jpg 300w, https:\/\/ruzgarkiricicam.com\/wp-content\/uploads\/2025\/11\/ruzgar_kesici_cam_yere_sabit_model-1-1024x1024.jpg 1024w, https:\/\/ruzgarkiricicam.com\/wp-content\/uploads\/2025\/11\/ruzgar_kesici_cam_yere_sabit_model-1-150x150.jpg 150w, https:\/\/ruzgarkiricicam.com\/wp-content\/uploads\/2025\/11\/ruzgar_kesici_cam_yere_sabit_model-1-768x768.jpg 768w\" sizes=\"auto, (max-width: 1080px) 100vw, 1080px\" \/><figcaption class=\"wp-element-caption\">Manual Wind Breaker Glass Fixed to the Ground<\/figcaption><\/figure>\n\n\n\n<figure class=\"wp-block-image size-full\"><img loading=\"lazy\" decoding=\"async\" width=\"1500\" height=\"1200\" data-id=\"41\" src=\"https:\/\/ruzgarkiricicam.com\/wp-content\/uploads\/2025\/10\/ruzgar_kirici_cam__saksili_tekerli_model.jpg\" alt=\"\" class=\"wp-image-41\" srcset=\"https:\/\/ruzgarkiricicam.com\/wp-content\/uploads\/2025\/10\/ruzgar_kirici_cam__saksili_tekerli_model.jpg 1500w, https:\/\/ruzgarkiricicam.com\/wp-content\/uploads\/2025\/10\/ruzgar_kirici_cam__saksili_tekerli_model-300x240.jpg 300w, https:\/\/ruzgarkiricicam.com\/wp-content\/uploads\/2025\/10\/ruzgar_kirici_cam__saksili_tekerli_model-1024x819.jpg 1024w, https:\/\/ruzgarkiricicam.com\/wp-content\/uploads\/2025\/10\/ruzgar_kirici_cam__saksili_tekerli_model-768x614.jpg 768w\" sizes=\"auto, (max-width: 1500px) 100vw, 1500px\" \/><figcaption class=\"wp-element-caption\">Manual Windbreaker with Glass Pot<\/figcaption><\/figure>\n<\/figure>\n<\/div>\n<\/div>\n<\/div>\n<\/div>\n\n\n\n<div class=\"wp-block-columns is-layout-flex wp-container-core-columns-is-layout-28f84493 wp-block-columns-is-layout-flex\">\n<div class=\"wp-block-column is-layout-flow wp-block-column-is-layout-flow\">\n<div class=\"wp-block-columns is-layout-flex wp-container-core-columns-is-layout-28f84493 wp-block-columns-is-layout-flex\">\n<div class=\"wp-block-column is-layout-flow wp-block-column-is-layout-flow\"><\/div>\n<\/div>\n<\/div>\n<\/div>\n\n\n\n<div class=\"wp-block-columns alignwide are-vertically-aligned-center is-layout-flex wp-container-core-columns-is-layout-28f84493 wp-block-columns-is-layout-flex\">\n<div class=\"wp-block-column is-vertically-aligned-center is-layout-flow wp-block-column-is-layout-flow\" style=\"flex-basis:33.33%\">\n<div class=\"wp-block-group alignwide hostinger-ai-fade-up has-global-padding is-layout-constrained wp-block-group-is-layout-constrained\" style=\"padding-top:var(--wp--preset--spacing--60);padding-bottom:var(--wp--preset--spacing--60)\">\n<h2 class=\"wp-block-heading has-text-align-left hostinger-ai-title has-dark-color has-text-color has-link-color has-x-large-font-size wp-elements-a459befd3d207fe9ab93fd80e9702c7e\" style=\"margin-top:0;margin-right:0;margin-bottom:var(--wp--preset--spacing--20);margin-left:0\">Manual Ground Fixed and Potted Windbreak Glass Technical Information<\/h2>\n\n\n\n<p class=\"has-text-align-left hostinger-ai-description has-dark-color has-text-color has-link-color has-medium-font-size wp-elements-072fd7f59985318006dfa056dabd9006\" style=\"margin-top:0;margin-bottom:0\">All our systems are guaranteed for 2 years and paint for 5 years.<\/p>\n\n\n\n<div class=\"wp-block-columns is-layout-flex wp-container-core-columns-is-layout-28f84493 wp-block-columns-is-layout-flex\">\n<div class=\"wp-block-column is-layout-flow wp-block-column-is-layout-flow\"><\/div>\n<\/div>\n<\/div>\n<\/div>\n\n\n\n<div class=\"wp-block-column is-vertically-aligned-center is-layout-flow wp-block-column-is-layout-flow\" style=\"flex-basis:66.66%\">\n<figure class=\"wp-block-table\"><table class=\"has-fixed-layout\"><thead><tr><th>Manual Ground-Fixed and Potted Windbreaker Information<\/th><th>Manual Ground Fixed and Potted Wind Breaker Features<\/th><\/tr><\/thead><tbody><tr><td><strong>Closed Height<\/strong><\/td><td>105 cm<\/td><\/tr><tr><td><strong>Open Height<\/strong><\/td><td>185 cm<\/td><\/tr><tr><td><strong>Maximum Width<\/strong><\/td><td>185 cm<\/td><\/tr><tr><td><strong>Top Glass<\/strong><\/td><td>5 mm tempered<\/td><\/tr><tr><td><strong>Lower Glass<\/strong><\/td><td>8 mm tempered or 4 + 4 laminated tempered<\/td><\/tr><tr><td><strong>Mechanism<\/strong><\/td><td>Manual \u2013 Weight Balanced<\/td><\/tr><tr><td><strong>Mobility<\/strong><\/td><td>None (fixed to the floor)<\/td><\/tr><tr><td><strong>Pot Material<\/strong><\/td><td>Aluminum (standard)<\/td><\/tr><tr><td><strong>Pot Size<\/strong><\/td><td>33 \u00d7 33 cm (+12 cm depth in push-to-open system)<\/td><\/tr><tr><td><strong>Substructure<\/strong><\/td><td>5 mm galvanized steel chassis (oven painted) + wheels and adjustable shoes<\/td><\/tr><tr><td><strong>Total Pot Height<\/strong><\/td><td>43 cm<\/td><\/tr><tr><td><strong>Wheel and Foot System<\/strong><\/td><td>4 wheels (2 of which are lockable) + 4 adjustable shoes<\/td><\/tr><tr><td><strong>Colour<\/strong><\/td><td>Electrostatic painted aluminum<\/td><\/tr><tr><td><strong>Special Production<\/strong><\/td><td>Up to 240 cm height (135 cm max. width)<\/td><\/tr><\/tbody><\/table><\/figure>\n\n\n\n<div class=\"wp-block-columns is-layout-flex wp-container-core-columns-is-layout-28f84493 wp-block-columns-is-layout-flex\">\n<div class=\"wp-block-column is-layout-flow wp-block-column-is-layout-flow\"><\/div>\n\n\n\n<div class=\"wp-block-column is-layout-flow wp-block-column-is-layout-flow\"><\/div>\n<\/div>\n<\/div>\n<\/div>\n\n\n\n<div class=\"wp-block-group alignwide hostinger-ai-our-services-4 hostinger-ai-fade-up has-global-padding is-layout-constrained wp-block-group-is-layout-constrained\" style=\"padding-top:0;padding-bottom:0\">\n<div class=\"wp-block-group alignwide hostinger-ai-fade-up is-nowrap is-layout-flex wp-container-core-group-is-layout-4ac5639c wp-block-group-is-layout-flex\" style=\"margin-bottom:0;padding-top:0;padding-bottom:var(--wp--preset--spacing--30)\">\n<div class=\"wp-block-columns is-layout-flex wp-container-core-columns-is-layout-28f84493 wp-block-columns-is-layout-flex\">\n<div class=\"wp-block-column is-layout-flow wp-block-column-is-layout-flow\" style=\"flex-basis:50%\">\n<h2 class=\"wp-block-heading hostinger-ai-service-title has-x-large-font-size\" style=\"margin-bottom:0\">Customizable Options<\/h2>\n<\/div>\n\n\n\n<div class=\"wp-block-column is-vertically-aligned-center has-small-font-size has-global-padding is-layout-constrained wp-block-column-is-layout-constrained\" style=\"flex-basis:50%\">\n<p class=\"hostinger-ai-service-description has-medium-font-size\">You can choose features such as RAL color, glass thickness, LED lighting option, pot height and depth of our High Quality Weight Balanced Windbreak Glass Systems.<\/p>\n<\/div>\n<\/div>\n<\/div>\n\n\n\n<div class=\"wp-block-group alignwide image-row hostinger-ai-fade-up is-layout-grid wp-container-core-group-is-layout-60745b59 wp-block-group-is-layout-grid\" style=\"margin-bottom:0;padding-top:var(--wp--preset--spacing--30)\">\n<figure class=\"wp-block-image size-full has-custom-border hostinger-ai-service-image hostinger-index-4\"><img loading=\"lazy\" decoding=\"async\" width=\"1500\" height=\"1200\" src=\"https:\/\/ruzgarkiricicam.com\/wp-content\/uploads\/2025\/10\/ruzgar-kirici-cam-11.jpeg\" alt=\"\" class=\"wp-image-84\" style=\"border-radius:20px\" srcset=\"https:\/\/ruzgarkiricicam.com\/wp-content\/uploads\/2025\/10\/ruzgar-kirici-cam-11.jpeg 1500w, https:\/\/ruzgarkiricicam.com\/wp-content\/uploads\/2025\/10\/ruzgar-kirici-cam-11-300x240.jpeg 300w, https:\/\/ruzgarkiricicam.com\/wp-content\/uploads\/2025\/10\/ruzgar-kirici-cam-11-1024x819.jpeg 1024w, https:\/\/ruzgarkiricicam.com\/wp-content\/uploads\/2025\/10\/ruzgar-kirici-cam-11-768x614.jpeg 768w\" sizes=\"auto, (max-width: 1500px) 100vw, 1500px\" \/><figcaption class=\"wp-element-caption\">Wind Breaker Glass RAL color options<\/figcaption><\/figure>\n\n\n\n<figure class=\"wp-block-image alignfull size-full has-custom-border hostinger-ai-service-image hostinger-index-5\"><img loading=\"lazy\" decoding=\"async\" width=\"596\" height=\"481\" src=\"https:\/\/ruzgarkiricicam.com\/wp-content\/uploads\/2025\/10\/ruzgar_kirici_cam_lamine-e1761563537845.png\" alt=\"\" class=\"wp-image-85\" style=\"border-radius:20px\" srcset=\"https:\/\/ruzgarkiricicam.com\/wp-content\/uploads\/2025\/10\/ruzgar_kirici_cam_lamine-e1761563537845.png 596w, https:\/\/ruzgarkiricicam.com\/wp-content\/uploads\/2025\/10\/ruzgar_kirici_cam_lamine-e1761563537845-300x242.png 300w\" sizes=\"auto, (max-width: 596px) 100vw, 596px\" \/><figcaption class=\"wp-element-caption\">Windbreak Glass Laminated Glass Types<\/figcaption><\/figure>\n\n\n\n<figure class=\"wp-block-image alignfull size-full has-custom-border hostinger-ai-service-image hostinger-index-5\"><img loading=\"lazy\" decoding=\"async\" width=\"561\" height=\"447\" src=\"https:\/\/ruzgarkiricicam.com\/wp-content\/uploads\/2025\/10\/ruzgar_kirici_cam_renkleri-e1761564027331.png\" alt=\"\" class=\"wp-image-86\" style=\"border-radius:20px\" srcset=\"https:\/\/ruzgarkiricicam.com\/wp-content\/uploads\/2025\/10\/ruzgar_kirici_cam_renkleri-e1761564027331.png 561w, https:\/\/ruzgarkiricicam.com\/wp-content\/uploads\/2025\/10\/ruzgar_kirici_cam_renkleri-e1761564027331-300x239.png 300w\" sizes=\"auto, (max-width: 561px) 100vw, 561px\" \/><figcaption class=\"wp-element-caption\">Height Adjustable Wind Barrier Glass Color Varieties<\/figcaption><\/figure>\n\n\n\n<figure class=\"wp-block-image alignfull size-full has-custom-border hostinger-ai-service-image hostinger-index-5 wp-container-content-69bc4bdf\"><img loading=\"lazy\" decoding=\"async\" width=\"1500\" height=\"1200\" src=\"https:\/\/ruzgarkiricicam.com\/wp-content\/uploads\/2025\/10\/saksi-duz-model.jpg\" alt=\"\" class=\"wp-image-42\" style=\"border-radius:20px\" srcset=\"https:\/\/ruzgarkiricicam.com\/wp-content\/uploads\/2025\/10\/saksi-duz-model.jpg 1500w, https:\/\/ruzgarkiricicam.com\/wp-content\/uploads\/2025\/10\/saksi-duz-model-300x240.jpg 300w, https:\/\/ruzgarkiricicam.com\/wp-content\/uploads\/2025\/10\/saksi-duz-model-1024x819.jpg 1024w, https:\/\/ruzgarkiricicam.com\/wp-content\/uploads\/2025\/10\/saksi-duz-model-768x614.jpg 768w\" sizes=\"auto, (max-width: 1500px) 100vw, 1500px\" \/><figcaption class=\"wp-element-caption\">Windbreak glass flower pot options<\/figcaption><\/figure>\n<\/div>\n<\/div>\n\n\n\n<div class=\"wp-block-columns alignwide is-layout-flex wp-container-core-columns-is-layout-28f84493 wp-block-columns-is-layout-flex\">\n<div class=\"wp-block-column is-vertically-aligned-center is-layout-flow wp-block-column-is-layout-flow\" style=\"flex-basis:33.33%\">\n<div class=\"wp-block-group alignwide hostinger-ai-fade-up has-global-padding is-layout-constrained wp-block-group-is-layout-constrained\" style=\"padding-top:var(--wp--preset--spacing--60);padding-bottom:var(--wp--preset--spacing--60)\">\n<h2 class=\"wp-block-heading has-text-align-left hostinger-ai-title has-dark-color has-text-color has-link-color has-x-large-font-size wp-elements-a5e47cb2e24ab0f84ab3d54f84b09065\" style=\"margin-top:0;margin-right:0;margin-bottom:var(--wp--preset--spacing--20);margin-left:0\">Windbreak Glass Gallery<\/h2>\n\n\n\n<p class=\"has-text-align-left hostinger-ai-description has-dark-color has-text-color has-link-color has-medium-font-size wp-elements-5ea2f999cff5c8eff1588c46bac233cd\" style=\"margin-top:0;margin-bottom:0\">Innovative Windbreak Glass <\/p>\n\n\n\n<p class=\"has-text-align-left hostinger-ai-description has-dark-color has-text-color has-link-color has-medium-font-size wp-elements-dd4a2f914337c13b1c52f23828ff52fc\" style=\"margin-top:0;margin-bottom:0\">Explore our systems.<\/p>\n\n\n\n<p><\/p>\n<\/div>\n<\/div>\n\n\n\n<div class=\"wp-block-column is-layout-flow wp-block-column-is-layout-flow\" style=\"flex-basis:66.66%\">\n<div class=\"wp-block-columns is-layout-flex wp-container-core-columns-is-layout-28f84493 wp-block-columns-is-layout-flex\">\n<div class=\"wp-block-column is-layout-flow wp-block-column-is-layout-flow\">\n<figure class=\"wp-block-image size-full has-custom-border hostinger-ai-image hostinger-index-27\"><img loading=\"lazy\" decoding=\"async\" width=\"1024\" height=\"768\" src=\"https:\/\/ruzgarkiricicam.com\/wp-content\/uploads\/2025\/10\/Ruzgar-kirici-cam-saksiili-5.jpeg\" alt=\"\" class=\"wp-image-23\" style=\"border-radius:16px\" srcset=\"https:\/\/ruzgarkiricicam.com\/wp-content\/uploads\/2025\/10\/Ruzgar-kirici-cam-saksiili-5.jpeg 1024w, https:\/\/ruzgarkiricicam.com\/wp-content\/uploads\/2025\/10\/Ruzgar-kirici-cam-saksiili-5-300x225.jpeg 300w, https:\/\/ruzgarkiricicam.com\/wp-content\/uploads\/2025\/10\/Ruzgar-kirici-cam-saksiili-5-768x576.jpeg 768w\" sizes=\"auto, (max-width: 1024px) 100vw, 1024px\" \/><figcaption class=\"wp-element-caption\">potted windbreaker glass<\/figcaption><\/figure>\n\n\n\n<figure class=\"wp-block-image size-full has-custom-border hostinger-ai-image hostinger-index-28\"><img decoding=\"async\" src=\"https:\/\/ruzgarkiricicam.com\/wp-content\/uploads\/2025\/10\/Ruzgar-kirici-cam-6.jpg\" alt=\"\" class=\"wp-image-83\" style=\"border-radius:16px\"\/><figcaption class=\"wp-element-caption\">flower pot wheeled windbreaker cafe<\/figcaption><\/figure>\n<\/div>\n\n\n\n<div class=\"wp-block-column is-layout-flow wp-block-column-is-layout-flow\">\n<figure class=\"wp-block-image size-full has-custom-border hostinger-ai-image hostinger-index-29\"><img loading=\"lazy\" decoding=\"async\" width=\"1600\" height=\"1200\" src=\"https:\/\/ruzgarkiricicam.com\/wp-content\/uploads\/2025\/10\/Ruzgar-kirici-cam-saksiili-11.jpeg\" alt=\"\" class=\"wp-image-82\" style=\"border-radius:16px\" srcset=\"https:\/\/ruzgarkiricicam.com\/wp-content\/uploads\/2025\/10\/Ruzgar-kirici-cam-saksiili-11.jpeg 1600w, https:\/\/ruzgarkiricicam.com\/wp-content\/uploads\/2025\/10\/Ruzgar-kirici-cam-saksiili-11-300x225.jpeg 300w, https:\/\/ruzgarkiricicam.com\/wp-content\/uploads\/2025\/10\/Ruzgar-kirici-cam-saksiili-11-1024x768.jpeg 1024w, https:\/\/ruzgarkiricicam.com\/wp-content\/uploads\/2025\/10\/Ruzgar-kirici-cam-saksiili-11-768x576.jpeg 768w, https:\/\/ruzgarkiricicam.com\/wp-content\/uploads\/2025\/10\/Ruzgar-kirici-cam-saksiili-11-1536x1152.jpeg 1536w\" sizes=\"auto, (max-width: 1600px) 100vw, 1600px\" \/><figcaption class=\"wp-element-caption\">potted windbreak glass<\/figcaption><\/figure>\n\n\n\n<figure class=\"wp-block-image size-full is-resized has-custom-border hostinger-ai-image hostinger-index-28\"><img loading=\"lazy\" decoding=\"async\" width=\"567\" height=\"745\" src=\"https:\/\/ruzgarkiricicam.com\/wp-content\/uploads\/2025\/10\/ruzgar-kirici-cam-ve-tente-modeli.png\" alt=\"\" class=\"wp-image-87\" style=\"border-radius:16px;width:164px;height:auto\" srcset=\"https:\/\/ruzgarkiricicam.com\/wp-content\/uploads\/2025\/10\/ruzgar-kirici-cam-ve-tente-modeli.png 567w, https:\/\/ruzgarkiricicam.com\/wp-content\/uploads\/2025\/10\/ruzgar-kirici-cam-ve-tente-modeli-228x300.png 228w\" sizes=\"auto, (max-width: 567px) 100vw, 567px\" \/><figcaption class=\"wp-element-caption\">flower pot wheeled wind breaker restaurant<\/figcaption><\/figure>\n<\/div>\n<\/div>\n<\/div>\n<\/div>\n<\/div>\n<\/div>\n\n\n\n<div class=\"wp-block-columns alignwide is-layout-flex wp-container-core-columns-is-layout-28f84493 wp-block-columns-is-layout-flex\">\n<div class=\"wp-block-column is-vertically-aligned-top is-layout-flow wp-block-column-is-layout-flow\">\n<h3 class=\"wp-block-heading\">Manual Wind Breaker Glass (Weight Balanced System)<\/h3>\n\n\n\n<p><strong>Manual Windbreak Glass Systems<\/strong>, completely <strong>weight-balanced mechanism<\/strong> It is an innovative solution. In this system, the lower aluminum profile is in a horizontal position and <strong>When the glass panel rises, balance is provided by steel ropes.<\/strong>. The centre of gravity is adjusted according to the position of the moving glass so that the glass can be moved to the desired height. <strong>parking is possible at any point<\/strong>.<\/p>\n\n\n\n<p>It operates solely on the principle of mechanical balance, requiring no electricity or pistons. It provides quiet, easy, and precise operation. The glass panel can be positioned up or down with just one hand, without applying any force.<\/p>\n\n\n\n<p>System, <strong>105\u2013110 cm closed<\/strong>, <strong>185\u2013195 cm clear height<\/strong> The upper glass is 5 mm tempered, the lower glass is 8 mm tempered or 4+4 laminated tempered. The body is completely <strong>aluminum<\/strong>and is coated with RAL 7016 electrostatic paint.<\/p>\n\n\n\n<p>It&#039;s frequently preferred in cafes, restaurants, verandas, hotels, and garden areas. Its aesthetic appearance, energy-independent operation, and adjustable height feature offer comfort, safety, and freedom of use.<\/p>\n\n\n\n<p>Also known as: weight-balanced windbreaker glass, manual balance system glass, counterbalanced glass system, manual adjustable windbreaker, terrace glass barrier.<\/p>\n<\/div>\n<\/div>\n\n\n\n<div class=\"wp-block-group alignfull hostinger-ai-fade-up has-global-padding is-layout-constrained wp-block-group-is-layout-constrained\">\n<div class=\"wp-block-group alignwide hostinger-ai-fade-up has-global-padding is-content-justification-left is-layout-constrained wp-container-core-group-is-layout-12dd3699 wp-block-group-is-layout-constrained\">\n<h2 class=\"wp-block-heading is-style-default hostinger-ai-title has-dark-color has-text-color has-link-color has-x-large-font-size wp-elements-c2116d16528b9691ab15365bc213aa9e\" style=\"margin-bottom:var(--wp--preset--spacing--50)\">Our Windbreak Glass Projects<\/h2>\n\n\n<ul class=\"wp-block-latest-posts__list is-grid columns-4 alignwide wp-block-latest-posts\"><li><div class=\"wp-block-latest-posts__featured-image\"><img loading=\"lazy\" decoding=\"async\" width=\"300\" height=\"169\" src=\"https:\/\/ruzgarkiricicam.com\/wp-content\/uploads\/2026\/01\/ruzgar-kirici-cam-9-300x169.jpeg\" class=\"attachment-medium size-medium wp-post-image\" alt=\"\" style=\"max-width:225px;max-height:225px;\" srcset=\"https:\/\/ruzgarkiricicam.com\/wp-content\/uploads\/2026\/01\/ruzgar-kirici-cam-9-300x169.jpeg 300w, https:\/\/ruzgarkiricicam.com\/wp-content\/uploads\/2026\/01\/ruzgar-kirici-cam-9-1024x576.jpeg 1024w, https:\/\/ruzgarkiricicam.com\/wp-content\/uploads\/2026\/01\/ruzgar-kirici-cam-9-768x432.jpeg 768w, https:\/\/ruzgarkiricicam.com\/wp-content\/uploads\/2026\/01\/ruzgar-kirici-cam-9-1536x864.jpeg 1536w, https:\/\/ruzgarkiricicam.com\/wp-content\/uploads\/2026\/01\/ruzgar-kirici-cam-9-18x10.jpeg 18w, https:\/\/ruzgarkiricicam.com\/wp-content\/uploads\/2026\/01\/ruzgar-kirici-cam-9-600x338.jpeg 600w, https:\/\/ruzgarkiricicam.com\/wp-content\/uploads\/2026\/01\/ruzgar-kirici-cam-9.jpeg 1920w\" sizes=\"auto, (max-width: 300px) 100vw, 300px\" \/><\/div><a class=\"wp-block-latest-posts__post-title\" href=\"https:\/\/ruzgarkiricicam.com\/en\/manual-windbreak-glass-prices-2026\/\">Manual Windbreaker Glass Prices 2026<\/a><div class=\"wp-block-latest-posts__post-excerpt\">Manuel R\u00fczgar K\u0131r\u0131c\u0131 Cam Nedir? Manuel r\u00fczgar k\u0131r\u0131c\u0131 cam, cam panelin el ile kontrol\u2026 <a class=\"wp-block-latest-posts__read-more\" href=\"https:\/\/ruzgarkiricicam.com\/en\/manual-windbreak-glass-prices-2026\/\" rel=\"noopener noreferrer\">Read more<span class=\"screen-reader-text\">: Manuel R\u00fczgar K\u0131r\u0131c\u0131 Cam 2026 Fiyatlar\u0131<\/span><\/a><\/div><\/li>\n<\/ul><\/div>\n<\/div>","protected":false},"excerpt":{"rendered":"<p>Tekerli, Saks\u0131l\u0131 &amp; Mobil Ta\u015f\u0131nabilir. \u0130htiya\u00e7lar\u0131n\u0131za g\u00f6re en uygun opsiyonlarla r\u00fczgar k\u0131r\u0131c\u0131 cam \u00fcr\u00fcnlerimizi ke\u015ffedin. Manuel R\u00fczgar K\u0131r\u0131c\u0131 Cam : Yere Sabit veya Saks\u0131l\u0131 Manuel &#8211; A\u011f\u0131rl\u0131k Dengeli \u0130stedi\u011fin yerde durdurabilme opsiyonu ile Yenilik\u00e7i R\u00fczgar K\u0131r\u0131c\u0131 Cam Sistemlerimizi ke\u015ffedin. Manuel Yere Sabit ve Saks\u0131l\u0131 R\u00fczgar K\u0131r\u0131c\u0131 Cam Teknik Bilgileri T\u00fcm Sistemlerimiz 2 y\u0131l, Boya 5 [&hellip;]<\/p>","protected":false},"author":1,"featured_media":18,"parent":0,"menu_order":0,"comment_status":"closed","ping_status":"closed","template":"","meta":{"footnotes":""},"class_list":["post-130","page","type-page","status-publish","has-post-thumbnail","hentry"],"_hostinger_reach_plugin_has_subscription_block":false,"_hostinger_reach_plugin_is_elementor":false,"_links":{"self":[{"href":"https:\/\/ruzgarkiricicam.com\/en\/wp-json\/wp\/v2\/pages\/130","targetHints":{"allow":["GET"]}}],"collection":[{"href":"https:\/\/ruzgarkiricicam.com\/en\/wp-json\/wp\/v2\/pages"}],"about":[{"href":"https:\/\/ruzgarkiricicam.com\/en\/wp-json\/wp\/v2\/types\/page"}],"author":[{"embeddable":true,"href":"https:\/\/ruzgarkiricicam.com\/en\/wp-json\/wp\/v2\/users\/1"}],"replies":[{"embeddable":true,"href":"https:\/\/ruzgarkiricicam.com\/en\/wp-json\/wp\/v2\/comments?post=130"}],"version-history":[{"count":4,"href":"https:\/\/ruzgarkiricicam.com\/en\/wp-json\/wp\/v2\/pages\/130\/revisions"}],"predecessor-version":[{"id":423,"href":"https:\/\/ruzgarkiricicam.com\/en\/wp-json\/wp\/v2\/pages\/130\/revisions\/423"}],"wp:featuredmedia":[{"embeddable":true,"href":"https:\/\/ruzgarkiricicam.com\/en\/wp-json\/wp\/v2\/media\/18"}],"wp:attachment":[{"href":"https:\/\/ruzgarkiricicam.com\/en\/wp-json\/wp\/v2\/media?parent=130"}],"curies":[{"name":"wp","href":"https:\/\/api.w.org\/{rel}","templated":true}]}}