{"id":7,"date":"2025-10-24T15:26:57","date_gmt":"2025-10-24T15:26:57","guid":{"rendered":"https:\/\/ruzgarkiricicam.com\/about\/"},"modified":"2025-10-27T13:28:41","modified_gmt":"2025-10-27T13:28:41","slug":"about","status":"publish","type":"page","link":"https:\/\/ruzgarkiricicam.com\/en\/about\/","title":{"rendered":"About Us"},"content":{"rendered":"<div class=\"wp-block-group alignwide hostinger-ai-about-us-4 hostinger-ai-fade-up has-global-padding is-layout-constrained wp-block-group-is-layout-constrained\" style=\"padding-top:0;padding-bottom:0\">\n<div class=\"wp-block-group alignwide hostinger-ai-fade-up is-nowrap is-layout-flex wp-container-core-group-is-layout-4ac5639c wp-block-group-is-layout-flex\" style=\"margin-bottom:0;padding-top:0;padding-bottom:var(--wp--preset--spacing--30)\">\n<div class=\"wp-block-columns is-layout-flex wp-container-core-columns-is-layout-28f84493 wp-block-columns-is-layout-flex\">\n<div class=\"wp-block-column is-layout-flow wp-block-column-is-layout-flow\" style=\"flex-basis:50%\">\n<h2 class=\"wp-block-heading hostinger-ai-title has-x-large-font-size\" style=\"margin-bottom:0\">About Us<\/h2>\n<\/div>\n\n\n\n<div class=\"wp-block-column is-vertically-aligned-center has-small-font-size has-global-padding is-layout-constrained wp-block-column-is-layout-constrained\" style=\"flex-basis:50%\">\n<p class=\"hostinger-ai-description has-medium-font-size\">We offer customized solutions for your outdoor comforts. With our windbreak glass systems, we transform your business garden, terrace, and front areas into insulated and comfortable spaces according to your wishes. We have contracted logistics companies and offer secure, door-to-door shipping to European countries and abroad. <\/p>\n\n\n\n<div class=\"wp-block-buttons is-layout-flex wp-block-buttons-is-layout-flex\" style=\"margin-top:var(--wp--preset--spacing--50)\">\n<div class=\"wp-block-button hostinger-ai-cta-button hostinger-index-0\"><a class=\"wp-block-button__link has-dark-color has-text-color has-link-color has-border-color has-medium-font-size has-custom-font-size wp-element-button\" href=\"https:\/\/ruzgarkiricicam.com\/en\/products\/\" style=\"border-color:#0d141a;border-width:1px;border-radius:50px;padding-top:var(--wp--preset--spacing--30);padding-right:var(--wp--preset--spacing--70);padding-bottom:var(--wp--preset--spacing--30);padding-left:var(--wp--preset--spacing--70);box-shadow:none\">Click for more information.<\/a><\/div>\n<\/div>\n<\/div>\n<\/div>\n<\/div>\n\n\n\n<div class=\"wp-block-group alignwide image-row hostinger-ai-fade-up is-layout-flex wp-block-group-is-layout-flex\" style=\"margin-bottom:0;padding-top:var(--wp--preset--spacing--30)\">\n<figure class=\"wp-block-image size-full is-resized has-custom-border hostinger-ai-image hostinger-index-6\"><img loading=\"lazy\" decoding=\"async\" width=\"1024\" height=\"1024\" src=\"https:\/\/ruzgarkiricicam.com\/wp-content\/uploads\/2025\/10\/ruzgar-kesici-cam.jpg\" alt=\"\" class=\"wp-image-97\" style=\"border-radius:20px;width:390px;height:auto\" srcset=\"https:\/\/ruzgarkiricicam.com\/wp-content\/uploads\/2025\/10\/ruzgar-kesici-cam.jpg 1024w, https:\/\/ruzgarkiricicam.com\/wp-content\/uploads\/2025\/10\/ruzgar-kesici-cam-300x300.jpg 300w, https:\/\/ruzgarkiricicam.com\/wp-content\/uploads\/2025\/10\/ruzgar-kesici-cam-150x150.jpg 150w, https:\/\/ruzgarkiricicam.com\/wp-content\/uploads\/2025\/10\/ruzgar-kesici-cam-768x768.jpg 768w\" sizes=\"auto, (max-width: 1024px) 100vw, 1024px\" \/><\/figure>\n\n\n\n<figure class=\"wp-block-image size-full is-resized has-custom-border hostinger-ai-image hostinger-index-6\"><img loading=\"lazy\" decoding=\"async\" width=\"567\" height=\"745\" src=\"https:\/\/ruzgarkiricicam.com\/wp-content\/uploads\/2025\/10\/ruzgar-kirici-cam-ve-tente-modeli.png\" alt=\"\" class=\"wp-image-87\" style=\"border-radius:20px;width:298px;height:auto\" srcset=\"https:\/\/ruzgarkiricicam.com\/wp-content\/uploads\/2025\/10\/ruzgar-kirici-cam-ve-tente-modeli.png 567w, https:\/\/ruzgarkiricicam.com\/wp-content\/uploads\/2025\/10\/ruzgar-kirici-cam-ve-tente-modeli-228x300.png 228w\" sizes=\"auto, (max-width: 567px) 100vw, 567px\" \/><\/figure>\n\n\n\n<figure class=\"wp-block-image size-full is-resized has-custom-border hostinger-ai-image hostinger-index-6\"><img loading=\"lazy\" decoding=\"async\" width=\"1200\" height=\"1600\" src=\"https:\/\/ruzgarkiricicam.com\/wp-content\/uploads\/2025\/10\/ruzgar-kirici-cam-1.jpeg\" alt=\"\" class=\"wp-image-27\" style=\"border-radius:20px;width:298px;height:auto\" srcset=\"https:\/\/ruzgarkiricicam.com\/wp-content\/uploads\/2025\/10\/ruzgar-kirici-cam-1.jpeg 1200w, https:\/\/ruzgarkiricicam.com\/wp-content\/uploads\/2025\/10\/ruzgar-kirici-cam-1-225x300.jpeg 225w, https:\/\/ruzgarkiricicam.com\/wp-content\/uploads\/2025\/10\/ruzgar-kirici-cam-1-768x1024.jpeg 768w, https:\/\/ruzgarkiricicam.com\/wp-content\/uploads\/2025\/10\/ruzgar-kirici-cam-1-1152x1536.jpeg 1152w\" sizes=\"auto, (max-width: 1200px) 100vw, 1200px\" \/><\/figure>\n\n\n\n<figure class=\"wp-block-image alignfull size-full has-custom-border hostinger-ai-image hostinger-index-7\"><img loading=\"lazy\" decoding=\"async\" width=\"1407\" height=\"715\" src=\"https:\/\/ruzgarkiricicam.com\/wp-content\/uploads\/2025\/10\/Ruzgar-kirici-cam-6-e1761570851387.jpg\" alt=\"\" class=\"wp-image-83\" style=\"border-radius:20px\" srcset=\"https:\/\/ruzgarkiricicam.com\/wp-content\/uploads\/2025\/10\/Ruzgar-kirici-cam-6-e1761570851387.jpg 1407w, https:\/\/ruzgarkiricicam.com\/wp-content\/uploads\/2025\/10\/Ruzgar-kirici-cam-6-e1761570851387-300x152.jpg 300w, https:\/\/ruzgarkiricicam.com\/wp-content\/uploads\/2025\/10\/Ruzgar-kirici-cam-6-e1761570851387-1024x520.jpg 1024w, https:\/\/ruzgarkiricicam.com\/wp-content\/uploads\/2025\/10\/Ruzgar-kirici-cam-6-e1761570851387-768x390.jpg 768w\" sizes=\"auto, (max-width: 1407px) 100vw, 1407px\" \/><\/figure>\n<\/div>\n<\/div>\n\n\n\n<div class=\"wp-block-group alignfull hostinger-ai-customer-reviews-5 hostinger-ai-fade-up has-color-1-background-color has-background has-global-padding is-layout-constrained wp-block-group-is-layout-constrained\">\n<div class=\"wp-block-group alignwide hostinger-ai-fade-up is-vertical is-content-justification-center is-nowrap is-layout-flex wp-container-core-group-is-layout-95764c33 wp-block-group-is-layout-flex\" style=\"min-height:400px;padding-top:var(--wp--preset--spacing--40);padding-bottom:var(--wp--preset--spacing--40)\">\n<div class=\"wp-block-group hostinger-ai-fade-up wp-container-content-69bc4bdf is-layout-flow wp-container-core-group-is-layout-d6743c7d wp-block-group-is-layout-flow\">\n<p class=\"has-text-align-center hostinger-ai-subtitle has-dark-color has-text-color has-link-color has-medium-font-size wp-elements-91d8fb186d76dc360e5373b03e2d04f8\" style=\"margin-top:0;margin-bottom:var(--wp--preset--spacing--20)\">Customer Reviews<\/p>\n\n\n\n<p class=\"has-text-align-center hostinger-ai-testimonial-text hostinger-ai-font-bold hostinger-index-2 has-dark-color has-text-color has-link-color wp-elements-ec05ef7f1e7ba21462945704e3228465\" style=\"margin-top:0;margin-bottom:var(--wp--preset--spacing--50);font-size:clamp(20px, 1.25rem + ((1vw - 3.2px) * 1.364), 32px);\">By transforming our terrace with Windbreak Glass Systems, we have created a comfortable space for our customers, and now we can cater to even more clients. It now has a usable area for all four seasons. Thank you, EncoArt.<\/p>\n<\/div>\n<\/div>\n<\/div>\n\n\n\n<div class=\"wp-block-group alignwide hostinger-ai-our-location-2 hostinger-ai-fade-up has-global-padding is-layout-constrained wp-block-group-is-layout-constrained\" style=\"padding-top:0;padding-bottom:0\">\n<div class=\"wp-block-group alignwide hostinger-ai-fade-up has-global-padding is-content-justification-left is-layout-constrained wp-container-core-group-is-layout-12dd3699 wp-block-group-is-layout-constrained\">\n<div class=\"wp-block-columns alignwide is-layout-flex wp-container-core-columns-is-layout-28f84493 wp-block-columns-is-layout-flex\">\n<div class=\"wp-block-column our-location-column is-layout-flow wp-block-column-is-layout-flow\" style=\"flex-basis:33.33%\">\n<h2 class=\"wp-block-heading has-text-align-left hostinger-ai-title has-dark-color has-text-color has-link-color has-x-large-font-size wp-elements-241903ce6bf3686c56d3631dd6da1b3c\" style=\"margin-top:0;margin-right:0;margin-bottom:var(--wp--preset--spacing--40);margin-left:0\">Our address:<\/h2>\n\n\n\n<p class=\"has-text-align-left hostinger-ai-description has-medium-font-size\" style=\"margin-top:0;margin-bottom:var(--wp--preset--spacing--40)\">Contact us.<\/p>\n\n\n\n<p class=\"hostinger-ai-title hostinger-index-1 hostinger-ai-font-bold has-dark-color has-text-color has-link-color has-medium-font-size wp-elements-64a7656bce1e1eba21ee16b825c2ad09\">Address<\/p>\n\n\n\n<p class=\"has-medium-font-size\" style=\"margin-top:var(--wp--preset--spacing--20);margin-bottom:var(--wp--preset--spacing--40)\">Marmara Industrial Estate, Block F, No: 14<\/p>\n\n\n\n<p class=\"hostinger-ai-title hostinger-index-2 hostinger-ai-font-bold has-dark-color has-text-color has-link-color has-medium-font-size wp-elements-4b761faa1b9281162144f44de8a0729c\">Opening Hours + 3 (Istanbul) Weekdays:<\/p>\n\n\n\n<p class=\"has-dark-color has-text-color has-link-color has-medium-font-size wp-elements-a1e1ffbfb4af2b8fbe0f6ae2fb6a485b\" style=\"margin-top:var(--wp--preset--spacing--20)\">09.00 \u2013 18.00<\/p>\n<\/div>\n\n\n\n<div class=\"wp-block-column is-layout-flow wp-block-column-is-layout-flow\" style=\"flex-basis:66.66%\">\n<div class=\"wp-block-group alignfull hostinger-ai-fade-up is-layout-flow wp-block-group-is-layout-flow\">\n<iframe src=\"https:\/\/www.google.com\/maps\/embed?pb=!1m18!1m12!1m3!1d3008.292036876126!2d28.791427412108092!3d41.0626086712236!2m3!1f0!2f0!3f0!3m2!1i1024!2i768!4f13.1!3m3!1m2!1s0x14caa582dab80e1d%3A0xf5eac32dc33be856!2sEncoArt%20-%20Aluminyum%20%26%20Cam%20Hareketli%20Mimari%20Sistemler!5e0!3m2!1str!2str!4v1761571091632!5m2!1str!2str\" width=\"600\" height=\"450\" style=\"border:0;\" allowfullscreen=\"\" loading=\"lazy\" referrerpolicy=\"no-referrer-when-downgrade\"><\/iframe>\n<\/div>\n<\/div>\n<\/div>\n<\/div>\n<\/div>\n\n\n\n<p><\/p>","protected":false},"excerpt":{"rendered":"<p>Hakk\u0131m\u0131zda D\u0131\u015f Mekan Konforlar\u0131n\u0131za, \u00d6zel \u00c7\u00f6z\u00fcmler Sunuyoruz. R\u00fczgar Kesici Cam Sistemlerimiz ile; isteklerinize, i\u015fletme bah\u00e7enizin, teras\u0131n\u0131z\u0131n, i\u015fletme \u00f6n\u00fc alanlar\u0131n\u0131z\u0131 izole ve konforlu alanlara d\u00f6n\u00fc\u015ft\u00fcr\u00fcyoruz. Anla\u015fmal\u0131 Lojistik firmalar\u0131 ile Avrupa \u00dclkeleri ve Yurtd\u0131\u015f\u0131 ihracat\u0131m\u0131z sand\u0131kl\u0131 sa\u011flam bir \u015fekilde kap\u0131dan-kap\u0131ya g\u00f6nderimimiz vard\u0131r. M\u00fc\u015fteri Yorumlar\u0131 R\u00fczgar K\u0131r\u0131c\u0131 Cam Sistemler ile teras\u0131m\u0131z\u0131 d\u00f6n\u00fc\u015ft\u00fcrerek m\u00fc\u015fterilerimiz i\u00e7in konforlu bir alan sa\u011flad\u0131k, [&hellip;]<\/p>","protected":false},"author":1,"featured_media":0,"parent":0,"menu_order":0,"comment_status":"closed","ping_status":"closed","template":"","meta":{"footnotes":""},"class_list":["post-7","page","type-page","status-publish","hentry"],"_hostinger_reach_plugin_has_subscription_block":false,"_hostinger_reach_plugin_is_elementor":false,"_links":{"self":[{"href":"https:\/\/ruzgarkiricicam.com\/en\/wp-json\/wp\/v2\/pages\/7","targetHints":{"allow":["GET"]}}],"collection":[{"href":"https:\/\/ruzgarkiricicam.com\/en\/wp-json\/wp\/v2\/pages"}],"about":[{"href":"https:\/\/ruzgarkiricicam.com\/en\/wp-json\/wp\/v2\/types\/page"}],"author":[{"embeddable":true,"href":"https:\/\/ruzgarkiricicam.com\/en\/wp-json\/wp\/v2\/users\/1"}],"replies":[{"embeddable":true,"href":"https:\/\/ruzgarkiricicam.com\/en\/wp-json\/wp\/v2\/comments?post=7"}],"version-history":[{"count":1,"href":"https:\/\/ruzgarkiricicam.com\/en\/wp-json\/wp\/v2\/pages\/7\/revisions"}],"predecessor-version":[{"id":98,"href":"https:\/\/ruzgarkiricicam.com\/en\/wp-json\/wp\/v2\/pages\/7\/revisions\/98"}],"wp:attachment":[{"href":"https:\/\/ruzgarkiricicam.com\/en\/wp-json\/wp\/v2\/media?parent=7"}],"curies":[{"name":"wp","href":"https:\/\/api.w.org\/{rel}","templated":true}]}}