{"id":105,"date":"2025-10-28T07:23:42","date_gmt":"2025-10-28T07:23:42","guid":{"rendered":"https:\/\/ruzgarkiricicam.com\/?page_id=105"},"modified":"2025-11-28T08:29:38","modified_gmt":"2025-11-28T08:29:38","slug":"vidrio-fijo-en-maceta-vidrio-rompevientos","status":"publish","type":"page","link":"https:\/\/ruzgarkiricicam.com\/es\/vidrio-fijo-en-maceta-vidrio-rompevientos\/","title":{"rendered":"7- Cortavientos con Planta en Maceta y Cristal Fijo"},"content":{"rendered":"<div class=\"wp-block-group alignfull hostinger-ai-solid-block hostinger-ai-fade-up has-color-1-background-color has-background has-global-padding is-layout-constrained wp-block-group-is-layout-constrained\" style=\"padding-top:var(--wp--preset--spacing--60);padding-bottom:var(--wp--preset--spacing--60)\">\n<div class=\"wp-block-group alignwide hostinger-ai-fade-up is-vertical is-content-justification-center is-nowrap is-layout-flex wp-container-core-group-is-layout-4cc6ee0a wp-block-group-is-layout-flex\" style=\"min-height:0px;padding-top:0;padding-bottom:0\">\n<div class=\"wp-block-group hostinger-ai-fade-up wp-container-content-69bc4bdf has-global-padding is-content-justification-center is-layout-constrained wp-container-core-group-is-layout-78267832 wp-block-group-is-layout-constrained\">\n<h2 class=\"wp-block-heading has-text-align-center hostinger-ai-title has-dark-color has-text-color has-link-color has-x-large-font-size wp-elements-f8195a0d79555549ed037fcfcba402de\" style=\"margin-top:0;margin-right:0;margin-bottom:0;margin-left:0\">Port\u00e1til con ruedas, en maceta y m\u00f3vil. <\/h2>\n\n\n\n<p class=\"has-text-align-center hostinger-ai-description has-dark-color has-text-color has-link-color has-medium-font-size wp-elements-c90fb6405b746b7d30aa7413f619b673\" style=\"margin-top:var(--wp--preset--spacing--20);margin-bottom:var(--wp--preset--spacing--50)\">Descubre nuestros productos de vidrio cortavientos con las opciones m\u00e1s adecuadas seg\u00fan tus necesidades.<\/p>\n\n\n\n<div class=\"wp-block-buttons is-content-justification-center is-layout-flex wp-container-core-buttons-is-layout-a89b3969 wp-block-buttons-is-layout-flex\">\n<div class=\"wp-block-button hostinger-ai-cta-button\"><a class=\"wp-block-button__link has-dark-color has-contrast-background-color has-text-color has-background has-link-color has-border-color has-medium-font-size has-custom-font-size wp-element-button\" href=\"https:\/\/ruzgarkiricicam.com\/es\/ruzgarkiricicam_shop\/\" style=\"border-color:#0d141a;border-width:1px;border-radius:50px;padding-top:var(--wp--preset--spacing--30);padding-right:var(--wp--preset--spacing--70);padding-bottom:var(--wp--preset--spacing--30);padding-left:var(--wp--preset--spacing--70);box-shadow:none\">Visita nuestra tienda.<\/a><\/div>\n<\/div>\n<\/div>\n<\/div>\n<\/div>\n\n\n\n<div class=\"wp-block-group alignfull hostinger-ai-gallery-6 hostinger-ai-fade-up is-layout-flow wp-block-group-is-layout-flow\">\n<div class=\"wp-block-group has-global-padding is-layout-constrained wp-block-group-is-layout-constrained\" style=\"margin-top:var(--wp--preset--spacing--60);margin-bottom:var(--wp--preset--spacing--60)\">\n<div class=\"wp-block-columns is-layout-flex wp-container-core-columns-is-layout-28f84493 wp-block-columns-is-layout-flex\">\n<div class=\"wp-block-column is-layout-flow wp-block-column-is-layout-flow\"><\/div>\n<\/div>\n\n\n\n<div class=\"wp-block-columns is-layout-flex wp-container-core-columns-is-layout-28f84493 wp-block-columns-is-layout-flex\">\n<div class=\"wp-block-column is-layout-flow wp-block-column-is-layout-flow\"><\/div>\n<\/div>\n\n\n\n<div class=\"wp-block-columns alignwide are-vertically-aligned-center is-layout-flex wp-container-core-columns-is-layout-28f84493 wp-block-columns-is-layout-flex\">\n<div class=\"wp-block-column is-vertically-aligned-center is-layout-flow wp-block-column-is-layout-flow\" style=\"flex-basis:33.33%\">\n<div class=\"wp-block-group alignwide hostinger-ai-fade-up has-global-padding is-layout-constrained wp-block-group-is-layout-constrained\" style=\"padding-top:var(--wp--preset--spacing--60);padding-bottom:var(--wp--preset--spacing--60)\">\n<h2 class=\"wp-block-heading has-text-align-left hostinger-ai-title has-dark-color has-text-color has-link-color has-x-large-font-size wp-elements-6281d5d2837460e5915787ed847e3820\" style=\"margin-top:0;margin-right:0;margin-bottom:var(--wp--preset--spacing--20);margin-left:0\">Cortavientos de vidrio fijo para plantas en maceta<\/h2>\n\n\n\n<p class=\"has-text-align-left hostinger-ai-description has-dark-color has-text-color has-link-color has-medium-font-size wp-elements-5ea2f999cff5c8eff1588c46bac233cd\" style=\"margin-top:0;margin-bottom:0\">Vidrio cortavientos innovador <\/p>\n\n\n\n<p class=\"has-text-align-left hostinger-ai-description has-dark-color has-text-color has-link-color has-medium-font-size wp-elements-dd4a2f914337c13b1c52f23828ff52fc\" style=\"margin-top:0;margin-bottom:0\">Explora nuestros sistemas.<\/p>\n\n\n\n<div class=\"wp-block-columns is-layout-flex wp-container-core-columns-is-layout-28f84493 wp-block-columns-is-layout-flex\">\n<div class=\"wp-block-column is-layout-flow wp-block-column-is-layout-flow\"><\/div>\n<\/div>\n<\/div>\n<\/div>\n\n\n\n<div class=\"wp-block-column is-vertically-aligned-center is-layout-flow wp-block-column-is-layout-flow\" style=\"flex-basis:66.66%\">\n<div class=\"wp-block-columns is-layout-flex wp-container-core-columns-is-layout-28f84493 wp-block-columns-is-layout-flex\">\n<div class=\"wp-block-column is-layout-flow wp-block-column-is-layout-flow\">\n<figure class=\"wp-block-gallery aligncenter has-nested-images columns-default is-cropped wp-block-gallery-1 is-layout-flex wp-block-gallery-is-layout-flex\">\n<figure class=\"wp-block-image size-full\"><img loading=\"lazy\" decoding=\"async\" width=\"623\" height=\"719\" data-id=\"151\" src=\"https:\/\/ruzgarkiricicam.com\/wp-content\/uploads\/2025\/10\/Saksili_tekerli_ruzgar_kirici_sabit_camli.jpg\" alt=\"\" class=\"wp-image-151\" srcset=\"https:\/\/ruzgarkiricicam.com\/wp-content\/uploads\/2025\/10\/Saksili_tekerli_ruzgar_kirici_sabit_camli.jpg 623w, https:\/\/ruzgarkiricicam.com\/wp-content\/uploads\/2025\/10\/Saksili_tekerli_ruzgar_kirici_sabit_camli-260x300.jpg 260w\" sizes=\"auto, (max-width: 623px) 100vw, 623px\" \/><\/figure>\n\n\n\n<figure class=\"wp-block-image size-full\"><img loading=\"lazy\" decoding=\"async\" width=\"1080\" height=\"1080\" data-id=\"365\" src=\"https:\/\/ruzgarkiricicam.com\/wp-content\/uploads\/2025\/11\/Yere_sabit_ruzgar_kirici_sabit_cam.jpg\" alt=\"\" class=\"wp-image-365\" srcset=\"https:\/\/ruzgarkiricicam.com\/wp-content\/uploads\/2025\/11\/Yere_sabit_ruzgar_kirici_sabit_cam.jpg 1080w, https:\/\/ruzgarkiricicam.com\/wp-content\/uploads\/2025\/11\/Yere_sabit_ruzgar_kirici_sabit_cam-300x300.jpg 300w, https:\/\/ruzgarkiricicam.com\/wp-content\/uploads\/2025\/11\/Yere_sabit_ruzgar_kirici_sabit_cam-1024x1024.jpg 1024w, https:\/\/ruzgarkiricicam.com\/wp-content\/uploads\/2025\/11\/Yere_sabit_ruzgar_kirici_sabit_cam-150x150.jpg 150w, https:\/\/ruzgarkiricicam.com\/wp-content\/uploads\/2025\/11\/Yere_sabit_ruzgar_kirici_sabit_cam-768x768.jpg 768w\" sizes=\"auto, (max-width: 1080px) 100vw, 1080px\" \/><\/figure>\n<\/figure>\n<\/div>\n<\/div>\n<\/div>\n<\/div>\n\n\n\n<div class=\"wp-block-columns is-layout-flex wp-container-core-columns-is-layout-28f84493 wp-block-columns-is-layout-flex\">\n<div class=\"wp-block-column is-layout-flow wp-block-column-is-layout-flow\">\n<div class=\"wp-block-columns is-layout-flex wp-container-core-columns-is-layout-28f84493 wp-block-columns-is-layout-flex\">\n<div class=\"wp-block-column is-layout-flow wp-block-column-is-layout-flow\"><\/div>\n<\/div>\n<\/div>\n<\/div>\n\n\n\n<div class=\"wp-block-columns alignwide are-vertically-aligned-center is-layout-flex wp-container-core-columns-is-layout-28f84493 wp-block-columns-is-layout-flex\">\n<div class=\"wp-block-column is-vertically-aligned-center is-layout-flow wp-block-column-is-layout-flow\" style=\"flex-basis:33.33%\">\n<div class=\"wp-block-group alignwide hostinger-ai-fade-up has-global-padding is-layout-constrained wp-block-group-is-layout-constrained\" style=\"padding-top:var(--wp--preset--spacing--60);padding-bottom:var(--wp--preset--spacing--60)\">\n<h2 class=\"wp-block-heading has-text-align-left hostinger-ai-title has-dark-color has-text-color has-link-color has-x-large-font-size wp-elements-45582644f5660c6208d1103b6b33ff1c\" style=\"margin-top:0;margin-right:0;margin-bottom:var(--wp--preset--spacing--20);margin-left:0\">Informaci\u00f3n t\u00e9cnica del vidrio rompevientos en maceta <\/h2>\n\n\n\n<p class=\"has-text-align-left hostinger-ai-description has-dark-color has-text-color has-link-color has-medium-font-size wp-elements-072fd7f59985318006dfa056dabd9006\" style=\"margin-top:0;margin-bottom:0\">Todos nuestros sistemas tienen garant\u00eda de 2 a\u00f1os y la pintura de 5 a\u00f1os.<\/p>\n\n\n\n<div class=\"wp-block-columns is-layout-flex wp-container-core-columns-is-layout-28f84493 wp-block-columns-is-layout-flex\">\n<div class=\"wp-block-column is-layout-flow wp-block-column-is-layout-flow\"><\/div>\n<\/div>\n<\/div>\n<\/div>\n\n\n\n<div class=\"wp-block-column is-vertically-aligned-center is-layout-flow wp-block-column-is-layout-flow\" style=\"flex-basis:66.66%\">\n<div class=\"wp-block-columns is-layout-flex wp-container-core-columns-is-layout-28f84493 wp-block-columns-is-layout-flex\">\n<div class=\"wp-block-column is-layout-flow wp-container-core-column-is-layout-8a368f38 wp-block-column-is-layout-flow\">\n<p><\/p>\n\n\n\n<figure class=\"wp-block-table\"><table class=\"has-fixed-layout\"><thead><tr><th>Informaci\u00f3n sobre Rompevientos de Cristal Fijo con Macetas<\/th><th>Caracter\u00edsticas del Cortavientos de Cristal Fijo con Olla<\/th><\/tr><\/thead><tbody><tr><td><strong>Altura cerrada<\/strong><\/td><td>110 \u2013 160 cm (rango fijo)<\/td><\/tr><tr><td><strong>Altura abierta<\/strong><\/td><td>A\u00fan<\/td><\/tr><tr><td><strong>Ancho m\u00e1ximo<\/strong><\/td><td>185 cent\u00edmetros<\/td><\/tr><tr><td><strong>Vidrio superior<\/strong><\/td><td>\u2014 (panel \u00fanico)<\/td><\/tr><tr><td><strong>Vidrio inferior<\/strong><\/td><td>10 mm templado o templado laminado 5 + 5<\/td><\/tr><tr><td><strong>Mecanismo<\/strong><\/td><td>No (vidrio fijo)<\/td><\/tr><tr><td><strong>Movilidad<\/strong><\/td><td>S\u00ed o no (dependiendo del modelo)<\/td><\/tr><tr><td><strong>Material de la maceta<\/strong><\/td><td>Aluminio (est\u00e1ndar)<\/td><\/tr><tr><td><strong>Tama\u00f1o de la maceta<\/strong><\/td><td>33 cm + 10 mm de vidrio + 2 cm de espacio<\/td><\/tr><tr><td><strong>Infraestructura<\/strong><\/td><td>Chasis de acero galvanizado de 5 mm (pintado al horno) + ruedas y patines regulables<\/td><\/tr><tr><td><strong>Altura total de la maceta<\/strong><\/td><td>43 cent\u00edmetros<\/td><\/tr><tr><td><strong>Sistema de ruedas y pies<\/strong><\/td><td>4 ruedas (2 de ellas bloqueables) + 4 patines ajustables<\/td><\/tr><tr><td><strong>Color<\/strong><\/td><td>RAL 7016 \u2013 Aluminio pintado electrost\u00e1ticamente<\/td><\/tr><tr><td><strong>Producci\u00f3n especial<\/strong><\/td><td>110\u2013160 cm de altura, 185 cm de ancho<\/td><\/tr><\/tbody><\/table><\/figure>\n<\/div>\n<\/div>\n<\/div>\n<\/div>\n\n\n\n<div class=\"wp-block-columns is-layout-flex wp-container-core-columns-is-layout-28f84493 wp-block-columns-is-layout-flex\">\n<div class=\"wp-block-column is-layout-flow wp-block-column-is-layout-flow\"><\/div>\n<\/div>\n\n\n\n<div class=\"wp-block-group alignwide hostinger-ai-our-services-4 hostinger-ai-fade-up has-global-padding is-layout-constrained wp-block-group-is-layout-constrained\" style=\"padding-top:0;padding-bottom:0\">\n<div class=\"wp-block-group alignwide hostinger-ai-fade-up is-nowrap is-layout-flex wp-container-core-group-is-layout-4ac5639c wp-block-group-is-layout-flex\" style=\"margin-bottom:0;padding-top:0;padding-bottom:var(--wp--preset--spacing--30)\">\n<div class=\"wp-block-columns is-layout-flex wp-container-core-columns-is-layout-28f84493 wp-block-columns-is-layout-flex\">\n<div class=\"wp-block-column is-layout-flow wp-block-column-is-layout-flow\" style=\"flex-basis:50%\">\n<h2 class=\"wp-block-heading hostinger-ai-service-title has-x-large-font-size\" style=\"margin-bottom:0\">Opciones personalizables<\/h2>\n<\/div>\n\n\n\n<div class=\"wp-block-column is-vertically-aligned-center has-small-font-size has-global-padding is-layout-constrained wp-block-column-is-layout-constrained\" style=\"flex-basis:50%\">\n<p class=\"hostinger-ai-service-description has-medium-font-size\">Puede elegir las caracter\u00edsticas de nuestros sistemas de vidrio rompevientos de alta calidad, como: color RAL, espesor del vidrio, opci\u00f3n de iluminaci\u00f3n LED, altura y profundidad de la maceta.<\/p>\n<\/div>\n<\/div>\n<\/div>\n\n\n\n<div class=\"wp-block-group alignwide image-row hostinger-ai-fade-up is-layout-grid wp-container-core-group-is-layout-60745b59 wp-block-group-is-layout-grid\" style=\"margin-bottom:0;padding-top:var(--wp--preset--spacing--30)\">\n<figure class=\"wp-block-image size-full has-custom-border hostinger-ai-service-image hostinger-index-4\"><img loading=\"lazy\" decoding=\"async\" width=\"1500\" height=\"1200\" src=\"https:\/\/ruzgarkiricicam.com\/wp-content\/uploads\/2025\/10\/ruzgar-kirici-cam-11.jpeg\" alt=\"\" class=\"wp-image-84\" style=\"border-radius:20px\" srcset=\"https:\/\/ruzgarkiricicam.com\/wp-content\/uploads\/2025\/10\/ruzgar-kirici-cam-11.jpeg 1500w, https:\/\/ruzgarkiricicam.com\/wp-content\/uploads\/2025\/10\/ruzgar-kirici-cam-11-300x240.jpeg 300w, https:\/\/ruzgarkiricicam.com\/wp-content\/uploads\/2025\/10\/ruzgar-kirici-cam-11-1024x819.jpeg 1024w, https:\/\/ruzgarkiricicam.com\/wp-content\/uploads\/2025\/10\/ruzgar-kirici-cam-11-768x614.jpeg 768w\" sizes=\"auto, (max-width: 1500px) 100vw, 1500px\" \/><figcaption class=\"wp-element-caption\">Opciones de color RAL de vidrio rompevientos<\/figcaption><\/figure>\n\n\n\n<figure class=\"wp-block-image alignfull size-full has-custom-border hostinger-ai-service-image hostinger-index-5\"><img loading=\"lazy\" decoding=\"async\" width=\"596\" height=\"481\" src=\"https:\/\/ruzgarkiricicam.com\/wp-content\/uploads\/2025\/10\/ruzgar_kirici_cam_lamine-e1761563537845.png\" alt=\"\" class=\"wp-image-85\" style=\"border-radius:20px\" srcset=\"https:\/\/ruzgarkiricicam.com\/wp-content\/uploads\/2025\/10\/ruzgar_kirici_cam_lamine-e1761563537845.png 596w, https:\/\/ruzgarkiricicam.com\/wp-content\/uploads\/2025\/10\/ruzgar_kirici_cam_lamine-e1761563537845-300x242.png 300w\" sizes=\"auto, (max-width: 596px) 100vw, 596px\" \/><figcaption class=\"wp-element-caption\">Vidrio cortavientos Tipos de vidrio laminado<\/figcaption><\/figure>\n\n\n\n<figure class=\"wp-block-image alignfull size-full has-custom-border hostinger-ai-service-image hostinger-index-5\"><img loading=\"lazy\" decoding=\"async\" width=\"561\" height=\"447\" src=\"https:\/\/ruzgarkiricicam.com\/wp-content\/uploads\/2025\/10\/ruzgar_kirici_cam_renkleri-e1761564027331.png\" alt=\"\" class=\"wp-image-86\" style=\"border-radius:20px\" srcset=\"https:\/\/ruzgarkiricicam.com\/wp-content\/uploads\/2025\/10\/ruzgar_kirici_cam_renkleri-e1761564027331.png 561w, https:\/\/ruzgarkiricicam.com\/wp-content\/uploads\/2025\/10\/ruzgar_kirici_cam_renkleri-e1761564027331-300x239.png 300w\" sizes=\"auto, (max-width: 561px) 100vw, 561px\" \/><figcaption class=\"wp-element-caption\">Variedades de colores de vidrio con barrera de viento de altura ajustable<\/figcaption><\/figure>\n\n\n\n<figure class=\"wp-block-image alignfull size-full has-custom-border hostinger-ai-service-image hostinger-index-5 wp-container-content-69bc4bdf\"><img loading=\"lazy\" decoding=\"async\" width=\"1500\" height=\"1200\" src=\"https:\/\/ruzgarkiricicam.com\/wp-content\/uploads\/2025\/10\/saksi-duz-model.jpg\" alt=\"\" class=\"wp-image-42\" style=\"border-radius:20px\" srcset=\"https:\/\/ruzgarkiricicam.com\/wp-content\/uploads\/2025\/10\/saksi-duz-model.jpg 1500w, https:\/\/ruzgarkiricicam.com\/wp-content\/uploads\/2025\/10\/saksi-duz-model-300x240.jpg 300w, https:\/\/ruzgarkiricicam.com\/wp-content\/uploads\/2025\/10\/saksi-duz-model-1024x819.jpg 1024w, https:\/\/ruzgarkiricicam.com\/wp-content\/uploads\/2025\/10\/saksi-duz-model-768x614.jpg 768w\" sizes=\"auto, (max-width: 1500px) 100vw, 1500px\" \/><figcaption class=\"wp-element-caption\">Opciones de macetas de vidrio cortavientos<\/figcaption><\/figure>\n<\/div>\n<\/div>\n\n\n\n<div class=\"wp-block-columns alignwide is-layout-flex wp-container-core-columns-is-layout-28f84493 wp-block-columns-is-layout-flex\">\n<div class=\"wp-block-column is-vertically-aligned-center is-layout-flow wp-block-column-is-layout-flow\" style=\"flex-basis:33.33%\">\n<div class=\"wp-block-group alignwide hostinger-ai-fade-up has-global-padding is-layout-constrained wp-block-group-is-layout-constrained\" style=\"padding-top:var(--wp--preset--spacing--60);padding-bottom:var(--wp--preset--spacing--60)\">\n<h2 class=\"wp-block-heading has-text-align-left hostinger-ai-title has-dark-color has-text-color has-link-color has-x-large-font-size wp-elements-a5e47cb2e24ab0f84ab3d54f84b09065\" style=\"margin-top:0;margin-right:0;margin-bottom:var(--wp--preset--spacing--20);margin-left:0\">Galer\u00eda de vidrio cortavientos<\/h2>\n\n\n\n<p class=\"has-text-align-left hostinger-ai-description has-dark-color has-text-color has-link-color has-medium-font-size wp-elements-5ea2f999cff5c8eff1588c46bac233cd\" style=\"margin-top:0;margin-bottom:0\">Vidrio cortavientos innovador <\/p>\n\n\n\n<p class=\"has-text-align-left hostinger-ai-description has-dark-color has-text-color has-link-color has-medium-font-size wp-elements-dd4a2f914337c13b1c52f23828ff52fc\" style=\"margin-top:0;margin-bottom:0\">Explora nuestros sistemas.<\/p>\n\n\n\n<p><\/p>\n<\/div>\n<\/div>\n\n\n\n<div class=\"wp-block-column is-layout-flow wp-block-column-is-layout-flow\" style=\"flex-basis:66.66%\">\n<div class=\"wp-block-columns is-layout-flex wp-container-core-columns-is-layout-28f84493 wp-block-columns-is-layout-flex\">\n<div class=\"wp-block-column is-layout-flow wp-block-column-is-layout-flow\">\n<figure class=\"wp-block-image size-full has-custom-border hostinger-ai-image hostinger-index-27\"><img loading=\"lazy\" decoding=\"async\" width=\"1024\" height=\"1024\" src=\"https:\/\/ruzgarkiricicam.com\/wp-content\/uploads\/2025\/11\/Ruzgar_kirici_cam-9.jpeg\" alt=\"\" class=\"wp-image-302\" style=\"border-radius:16px\" srcset=\"https:\/\/ruzgarkiricicam.com\/wp-content\/uploads\/2025\/11\/Ruzgar_kirici_cam-9.jpeg 1024w, https:\/\/ruzgarkiricicam.com\/wp-content\/uploads\/2025\/11\/Ruzgar_kirici_cam-9-300x300.jpeg 300w, https:\/\/ruzgarkiricicam.com\/wp-content\/uploads\/2025\/11\/Ruzgar_kirici_cam-9-150x150.jpeg 150w, https:\/\/ruzgarkiricicam.com\/wp-content\/uploads\/2025\/11\/Ruzgar_kirici_cam-9-768x768.jpeg 768w\" sizes=\"auto, (max-width: 1024px) 100vw, 1024px\" \/><figcaption class=\"wp-element-caption\">vidrio rompevientos en maceta<\/figcaption><\/figure>\n\n\n\n<figure class=\"wp-block-image size-full has-custom-border hostinger-ai-image hostinger-index-28\"><img loading=\"lazy\" decoding=\"async\" width=\"1024\" height=\"1536\" src=\"https:\/\/ruzgarkiricicam.com\/wp-content\/uploads\/2025\/11\/Motorlu_ruzgar_kesici_cam-5.png\" alt=\"\" class=\"wp-image-255\" style=\"border-radius:16px\" srcset=\"https:\/\/ruzgarkiricicam.com\/wp-content\/uploads\/2025\/11\/Motorlu_ruzgar_kesici_cam-5.png 1024w, https:\/\/ruzgarkiricicam.com\/wp-content\/uploads\/2025\/11\/Motorlu_ruzgar_kesici_cam-5-200x300.png 200w, https:\/\/ruzgarkiricicam.com\/wp-content\/uploads\/2025\/11\/Motorlu_ruzgar_kesici_cam-5-683x1024.png 683w, https:\/\/ruzgarkiricicam.com\/wp-content\/uploads\/2025\/11\/Motorlu_ruzgar_kesici_cam-5-768x1152.png 768w\" sizes=\"auto, (max-width: 1024px) 100vw, 1024px\" \/><figcaption class=\"wp-element-caption\">Cafetera cortavientos con ruedas y maceta<\/figcaption><\/figure>\n<\/div>\n\n\n\n<div class=\"wp-block-column is-layout-flow wp-block-column-is-layout-flow\">\n<figure class=\"wp-block-image size-full has-custom-border hostinger-ai-image hostinger-index-29\"><img loading=\"lazy\" decoding=\"async\" width=\"1152\" height=\"896\" src=\"https:\/\/ruzgarkiricicam.com\/wp-content\/uploads\/2025\/11\/Ruzgar_kirici_cam-11-1.jpeg\" alt=\"\" class=\"wp-image-371\" style=\"border-radius:16px\" srcset=\"https:\/\/ruzgarkiricicam.com\/wp-content\/uploads\/2025\/11\/Ruzgar_kirici_cam-11-1.jpeg 1152w, https:\/\/ruzgarkiricicam.com\/wp-content\/uploads\/2025\/11\/Ruzgar_kirici_cam-11-1-300x233.jpeg 300w, https:\/\/ruzgarkiricicam.com\/wp-content\/uploads\/2025\/11\/Ruzgar_kirici_cam-11-1-1024x796.jpeg 1024w, https:\/\/ruzgarkiricicam.com\/wp-content\/uploads\/2025\/11\/Ruzgar_kirici_cam-11-1-768x597.jpeg 768w\" sizes=\"auto, (max-width: 1152px) 100vw, 1152px\" \/><figcaption class=\"wp-element-caption\">vidrio cortavientos en maceta<\/figcaption><\/figure>\n\n\n\n<figure class=\"wp-block-image size-full has-custom-border hostinger-ai-image hostinger-index-28\"><img loading=\"lazy\" decoding=\"async\" width=\"2000\" height=\"1500\" src=\"https:\/\/ruzgarkiricicam.com\/wp-content\/uploads\/2025\/10\/Ruzgarkirici_cam_bogazici_restaurant-4.jpeg\" alt=\"\" class=\"wp-image-225\" style=\"border-radius:16px\" srcset=\"https:\/\/ruzgarkiricicam.com\/wp-content\/uploads\/2025\/10\/Ruzgarkirici_cam_bogazici_restaurant-4.jpeg 2000w, https:\/\/ruzgarkiricicam.com\/wp-content\/uploads\/2025\/10\/Ruzgarkirici_cam_bogazici_restaurant-4-300x225.jpeg 300w, https:\/\/ruzgarkiricicam.com\/wp-content\/uploads\/2025\/10\/Ruzgarkirici_cam_bogazici_restaurant-4-1024x768.jpeg 1024w, https:\/\/ruzgarkiricicam.com\/wp-content\/uploads\/2025\/10\/Ruzgarkirici_cam_bogazici_restaurant-4-768x576.jpeg 768w, https:\/\/ruzgarkiricicam.com\/wp-content\/uploads\/2025\/10\/Ruzgarkirici_cam_bogazici_restaurant-4-1536x1152.jpeg 1536w\" sizes=\"auto, (max-width: 2000px) 100vw, 2000px\" \/><figcaption class=\"wp-element-caption\">Restaurante con maceta y cortavientos con ruedas<\/figcaption><\/figure>\n<\/div>\n<\/div>\n<\/div>\n<\/div>\n<\/div>\n<\/div>\n\n\n\n<div class=\"wp-block-columns is-layout-flex wp-container-core-columns-is-layout-28f84493 wp-block-columns-is-layout-flex\">\n<div class=\"wp-block-column is-layout-flow wp-block-column-is-layout-flow\"><\/div>\n<\/div>\n\n\n\n<div class=\"wp-block-group alignfull hostinger-ai-fade-up has-global-padding is-layout-constrained wp-block-group-is-layout-constrained\">\n<div class=\"wp-block-group alignwide hostinger-ai-fade-up has-global-padding is-content-justification-left is-layout-constrained wp-container-core-group-is-layout-12dd3699 wp-block-group-is-layout-constrained\">\n<h2 class=\"wp-block-heading is-style-default hostinger-ai-title has-dark-color has-text-color has-link-color has-x-large-font-size wp-elements-c2116d16528b9691ab15365bc213aa9e\" style=\"margin-bottom:var(--wp--preset--spacing--50)\">Nuestros proyectos de vidrio cortavientos<\/h2>\n\n\n<ul class=\"wp-block-latest-posts__list is-grid columns-4 alignwide wp-block-latest-posts\"><li><div class=\"wp-block-latest-posts__featured-image\"><img loading=\"lazy\" decoding=\"async\" width=\"300\" height=\"169\" src=\"https:\/\/ruzgarkiricicam.com\/wp-content\/uploads\/2025\/10\/57111_59e17e8352513a89d6eaa6b739ca583e-14.10.2025-12_05_30-300x169.jpg\" class=\"attachment-medium size-medium wp-post-image\" alt=\"\" style=\"max-width:225px;max-height:225px;\" srcset=\"https:\/\/ruzgarkiricicam.com\/wp-content\/uploads\/2025\/10\/57111_59e17e8352513a89d6eaa6b739ca583e-14.10.2025-12_05_30-300x169.jpg 300w, https:\/\/ruzgarkiricicam.com\/wp-content\/uploads\/2025\/10\/57111_59e17e8352513a89d6eaa6b739ca583e-14.10.2025-12_05_30-1024x576.jpg 1024w, https:\/\/ruzgarkiricicam.com\/wp-content\/uploads\/2025\/10\/57111_59e17e8352513a89d6eaa6b739ca583e-14.10.2025-12_05_30-768x432.jpg 768w, https:\/\/ruzgarkiricicam.com\/wp-content\/uploads\/2025\/10\/57111_59e17e8352513a89d6eaa6b739ca583e-14.10.2025-12_05_30-1536x864.jpg 1536w, https:\/\/ruzgarkiricicam.com\/wp-content\/uploads\/2025\/10\/57111_59e17e8352513a89d6eaa6b739ca583e-14.10.2025-12_05_30.jpg 2048w\" sizes=\"auto, (max-width: 300px) 100vw, 300px\" \/><\/div><a class=\"wp-block-latest-posts__post-title\" href=\"https:\/\/ruzgarkiricicam.com\/es\/cristal-cortavientos-con-cristal-fijo-para-plantas-en-maceta-precios-2026\/\">Cortavientos con vidrio fijo para plantas en maceta - Precios 2026<\/a><div class=\"wp-block-latest-posts__post-excerpt\">Saks\u0131l\u0131 Sabit Caml\u0131 R\u00fczgar K\u0131r\u0131c\u0131 Cam Nedir? Saks\u0131l\u0131 sabit caml\u0131 r\u00fczgar k\u0131r\u0131c\u0131 cam, y\u00fcksekli\u011fi&#8230; <a class=\"wp-block-latest-posts__read-more\" href=\"https:\/\/ruzgarkiricicam.com\/es\/cristal-cortavientos-con-cristal-fijo-para-plantas-en-maceta-precios-2026\/\" rel=\"noopener noreferrer\">Lee m\u00e1s<span class=\"screen-reader-text\">: Saks\u0131l\u0131 Sabit Caml\u0131 R\u00fczgar K\u0131r\u0131c\u0131 Cam 2026 Fiyatlar\u0131<\/span><\/a><\/div><\/li>\n<\/ul><\/div>\n<\/div>","protected":false},"excerpt":{"rendered":"<p>Tekerli, Saks\u0131l\u0131 &amp; Mobil Ta\u015f\u0131nabilir. \u0130htiya\u00e7lar\u0131n\u0131za g\u00f6re en uygun opsiyonlarla r\u00fczgar k\u0131r\u0131c\u0131 cam \u00fcr\u00fcnlerimizi ke\u015ffedin. Saks\u0131l\u0131 R\u00fczgar K\u0131r\u0131c\u0131 Sabit Cam Yenilik\u00e7i R\u00fczgar K\u0131r\u0131c\u0131 Cam Sistemlerimizi ke\u015ffedin. Saks\u0131l\u0131 R\u00fczgar K\u0131r\u0131c\u0131 Cam Teknik Bilgileri T\u00fcm Sistemlerimiz 2 y\u0131l, Boya 5 y\u0131l Garantilidir. Saks\u0131l\u0131 Sabit Caml\u0131 R\u00fczgar K\u0131r\u0131c\u0131 Bilgileri Saks\u0131l\u0131 Sabit Caml\u0131 R\u00fczgar K\u0131r\u0131c\u0131 \u00d6zellikleri Kapal\u0131 Y\u00fckseklik 110 [&hellip;]<\/p>","protected":false},"author":1,"featured_media":18,"parent":0,"menu_order":0,"comment_status":"closed","ping_status":"closed","template":"","meta":{"footnotes":""},"class_list":["post-105","page","type-page","status-publish","has-post-thumbnail","hentry"],"_hostinger_reach_plugin_has_subscription_block":false,"_hostinger_reach_plugin_is_elementor":false,"_links":{"self":[{"href":"https:\/\/ruzgarkiricicam.com\/es\/wp-json\/wp\/v2\/pages\/105","targetHints":{"allow":["GET"]}}],"collection":[{"href":"https:\/\/ruzgarkiricicam.com\/es\/wp-json\/wp\/v2\/pages"}],"about":[{"href":"https:\/\/ruzgarkiricicam.com\/es\/wp-json\/wp\/v2\/types\/page"}],"author":[{"embeddable":true,"href":"https:\/\/ruzgarkiricicam.com\/es\/wp-json\/wp\/v2\/users\/1"}],"replies":[{"embeddable":true,"href":"https:\/\/ruzgarkiricicam.com\/es\/wp-json\/wp\/v2\/comments?post=105"}],"version-history":[{"count":11,"href":"https:\/\/ruzgarkiricicam.com\/es\/wp-json\/wp\/v2\/pages\/105\/revisions"}],"predecessor-version":[{"id":430,"href":"https:\/\/ruzgarkiricicam.com\/es\/wp-json\/wp\/v2\/pages\/105\/revisions\/430"}],"wp:featuredmedia":[{"embeddable":true,"href":"https:\/\/ruzgarkiricicam.com\/es\/wp-json\/wp\/v2\/media\/18"}],"wp:attachment":[{"href":"https:\/\/ruzgarkiricicam.com\/es\/wp-json\/wp\/v2\/media?parent=105"}],"curies":[{"name":"wp","href":"https:\/\/api.w.org\/{rel}","templated":true}]}}