{"id":107,"date":"2025-10-28T07:23:42","date_gmt":"2025-10-28T07:23:42","guid":{"rendered":"https:\/\/ruzgarkiricicam.com\/?page_id=107"},"modified":"2025-11-13T08:51:20","modified_gmt":"2025-11-13T08:51:20","slug":"kit-listo-para-usar-cortavientos-en-maceta-de-cristal-sin-cristal","status":"publish","type":"page","link":"https:\/\/ruzgarkiricicam.com\/es\/kit-listo-para-usar-cortavientos-en-maceta-de-cristal-sin-cristal\/","title":{"rendered":"10- Kit Listo Maceta Rompevientos Cristal Sin Cristal"},"content":{"rendered":"<div class=\"wp-block-group alignfull hostinger-ai-solid-block hostinger-ai-fade-up has-color-1-background-color has-background has-global-padding is-layout-constrained wp-block-group-is-layout-constrained\" style=\"padding-top:var(--wp--preset--spacing--60);padding-bottom:var(--wp--preset--spacing--60)\">\n<div class=\"wp-block-group alignwide hostinger-ai-fade-up is-vertical is-content-justification-center is-nowrap is-layout-flex wp-container-core-group-is-layout-4cc6ee0a wp-block-group-is-layout-flex\" style=\"min-height:0px;padding-top:0;padding-bottom:0\">\n<div class=\"wp-block-group hostinger-ai-fade-up wp-container-content-69bc4bdf has-global-padding is-content-justification-center is-layout-constrained wp-container-core-group-is-layout-78267832 wp-block-group-is-layout-constrained\">\n<h2 class=\"wp-block-heading has-text-align-center hostinger-ai-title has-dark-color has-text-color has-link-color has-x-large-font-size wp-elements-f8195a0d79555549ed037fcfcba402de\" style=\"margin-top:0;margin-right:0;margin-bottom:0;margin-left:0\">Port\u00e1til con ruedas, en maceta y m\u00f3vil. <\/h2>\n\n\n\n<p class=\"has-text-align-center hostinger-ai-description has-dark-color has-text-color has-link-color has-medium-font-size wp-elements-c90fb6405b746b7d30aa7413f619b673\" style=\"margin-top:var(--wp--preset--spacing--20);margin-bottom:var(--wp--preset--spacing--50)\">Descubre nuestros productos de vidrio cortavientos con las opciones m\u00e1s adecuadas seg\u00fan tus necesidades.<\/p>\n\n\n\n<div class=\"wp-block-buttons is-content-justification-center is-layout-flex wp-container-core-buttons-is-layout-a89b3969 wp-block-buttons-is-layout-flex\">\n<div class=\"wp-block-button hostinger-ai-cta-button\"><a class=\"wp-block-button__link has-dark-color has-contrast-background-color has-text-color has-background has-link-color has-border-color has-medium-font-size has-custom-font-size wp-element-button\" href=\"https:\/\/ruzgarkiricicam.com\/es\/ruzgarkiricicam_shop\/\" style=\"border-color:#0d141a;border-width:1px;border-radius:50px;padding-top:var(--wp--preset--spacing--30);padding-right:var(--wp--preset--spacing--70);padding-bottom:var(--wp--preset--spacing--30);padding-left:var(--wp--preset--spacing--70);box-shadow:none\">Visita nuestra tienda.<\/a><\/div>\n<\/div>\n<\/div>\n<\/div>\n<\/div>\n\n\n\n<div class=\"wp-block-group alignfull hostinger-ai-gallery-6 hostinger-ai-fade-up is-layout-flow wp-block-group-is-layout-flow\">\n<div class=\"wp-block-group has-global-padding is-layout-constrained wp-block-group-is-layout-constrained\" style=\"margin-top:var(--wp--preset--spacing--60);margin-bottom:var(--wp--preset--spacing--60)\">\n<div class=\"wp-block-columns is-layout-flex wp-container-core-columns-is-layout-28f84493 wp-block-columns-is-layout-flex\">\n<div class=\"wp-block-column is-layout-flow wp-block-column-is-layout-flow\"><\/div>\n<\/div>\n\n\n\n<div class=\"wp-block-columns is-layout-flex wp-container-core-columns-is-layout-28f84493 wp-block-columns-is-layout-flex\">\n<div class=\"wp-block-column is-layout-flow wp-block-column-is-layout-flow\"><\/div>\n<\/div>\n\n\n\n<div class=\"wp-block-columns alignwide are-vertically-aligned-center is-layout-flex wp-container-core-columns-is-layout-28f84493 wp-block-columns-is-layout-flex\">\n<div class=\"wp-block-column is-vertically-aligned-center is-layout-flow wp-block-column-is-layout-flow\" style=\"flex-basis:33.33%\">\n<div class=\"wp-block-group alignwide hostinger-ai-fade-up has-global-padding is-layout-constrained wp-block-group-is-layout-constrained\" style=\"padding-top:var(--wp--preset--spacing--60);padding-bottom:var(--wp--preset--spacing--60)\">\n<h2 class=\"wp-block-heading has-text-align-left hostinger-ai-title has-dark-color has-text-color has-link-color has-x-large-font-size wp-elements-ca3f6a51607b001811b90d14e32f29d4\" style=\"margin-top:0;margin-right:0;margin-bottom:var(--wp--preset--spacing--20);margin-left:0\">Kit listo para usar de vidrio rompevientos en maceta<\/h2>\n\n\n\n<p class=\"has-text-align-left hostinger-ai-description has-dark-color has-text-color has-link-color has-medium-font-size wp-elements-5ea2f999cff5c8eff1588c46bac233cd\" style=\"margin-top:0;margin-bottom:0\">Vidrio cortavientos innovador <\/p>\n\n\n\n<p class=\"has-text-align-left hostinger-ai-description has-dark-color has-text-color has-link-color has-medium-font-size wp-elements-dd4a2f914337c13b1c52f23828ff52fc\" style=\"margin-top:0;margin-bottom:0\">Explora nuestros sistemas.<\/p>\n\n\n\n<div class=\"wp-block-columns is-layout-flex wp-container-core-columns-is-layout-28f84493 wp-block-columns-is-layout-flex\">\n<div class=\"wp-block-column is-layout-flow wp-block-column-is-layout-flow\"><\/div>\n<\/div>\n<\/div>\n<\/div>\n\n\n\n<div class=\"wp-block-column is-vertically-aligned-center is-layout-flow wp-block-column-is-layout-flow\" style=\"flex-basis:66.66%\">\n<div class=\"wp-block-columns is-layout-flex wp-container-core-columns-is-layout-28f84493 wp-block-columns-is-layout-flex\">\n<div class=\"wp-block-column is-layout-flow wp-block-column-is-layout-flow\">\n<figure class=\"wp-block-gallery aligncenter has-nested-images columns-default is-cropped wp-block-gallery-1 is-layout-flex wp-block-gallery-is-layout-flex\">\n<figure class=\"wp-block-image size-full\"><img loading=\"lazy\" decoding=\"async\" width=\"1356\" height=\"1122\" data-id=\"62\" src=\"https:\/\/ruzgarkiricicam.com\/wp-content\/uploads\/2025\/10\/saksili-tekerli-camsiz-ruzgar-kirici-bas-ac-kit.png\" alt=\"\" class=\"wp-image-62\" srcset=\"https:\/\/ruzgarkiricicam.com\/wp-content\/uploads\/2025\/10\/saksili-tekerli-camsiz-ruzgar-kirici-bas-ac-kit.png 1356w, https:\/\/ruzgarkiricicam.com\/wp-content\/uploads\/2025\/10\/saksili-tekerli-camsiz-ruzgar-kirici-bas-ac-kit-300x248.png 300w\" sizes=\"auto, (max-width: 1356px) 100vw, 1356px\" \/><\/figure>\n\n\n\n<figure class=\"wp-block-image size-full\"><img loading=\"lazy\" decoding=\"async\" width=\"2000\" height=\"1196\" data-id=\"193\" src=\"https:\/\/ruzgarkiricicam.com\/wp-content\/uploads\/2025\/10\/Kit-Kurulumu-Ruzgar-Kirici-Camsiz.png\" alt=\"\" class=\"wp-image-193\" srcset=\"https:\/\/ruzgarkiricicam.com\/wp-content\/uploads\/2025\/10\/Kit-Kurulumu-Ruzgar-Kirici-Camsiz.png 2000w, https:\/\/ruzgarkiricicam.com\/wp-content\/uploads\/2025\/10\/Kit-Kurulumu-Ruzgar-Kirici-Camsiz-300x179.png 300w, https:\/\/ruzgarkiricicam.com\/wp-content\/uploads\/2025\/10\/Kit-Kurulumu-Ruzgar-Kirici-Camsiz-1024x612.png 1024w, https:\/\/ruzgarkiricicam.com\/wp-content\/uploads\/2025\/10\/Kit-Kurulumu-Ruzgar-Kirici-Camsiz-768x459.png 768w, https:\/\/ruzgarkiricicam.com\/wp-content\/uploads\/2025\/10\/Kit-Kurulumu-Ruzgar-Kirici-Camsiz-1536x919.png 1536w\" sizes=\"auto, (max-width: 2000px) 100vw, 2000px\" \/><\/figure>\n<\/figure>\n<\/div>\n<\/div>\n<\/div>\n<\/div>\n\n\n\n<div class=\"wp-block-columns is-layout-flex wp-container-core-columns-is-layout-28f84493 wp-block-columns-is-layout-flex\">\n<div class=\"wp-block-column is-layout-flow wp-block-column-is-layout-flow\">\n<div class=\"wp-block-columns is-layout-flex wp-container-core-columns-is-layout-28f84493 wp-block-columns-is-layout-flex\">\n<div class=\"wp-block-column is-layout-flow wp-block-column-is-layout-flow\"><\/div>\n<\/div>\n<\/div>\n<\/div>\n\n\n\n<div class=\"wp-block-columns alignwide are-vertically-aligned-center is-layout-flex wp-container-core-columns-is-layout-28f84493 wp-block-columns-is-layout-flex\">\n<div class=\"wp-block-column is-vertically-aligned-center is-layout-flow wp-block-column-is-layout-flow\" style=\"flex-basis:33.33%\">\n<div class=\"wp-block-group alignwide hostinger-ai-fade-up has-global-padding is-layout-constrained wp-block-group-is-layout-constrained\" style=\"padding-top:var(--wp--preset--spacing--60);padding-bottom:var(--wp--preset--spacing--60)\">\n<h2 class=\"wp-block-heading has-text-align-left hostinger-ai-title has-dark-color has-text-color has-link-color has-x-large-font-size wp-elements-7879b8a5d32ea6327c402504f0ec0154\" style=\"margin-top:0;margin-right:0;margin-bottom:var(--wp--preset--spacing--20);margin-left:0\">Informaci\u00f3n t\u00e9cnica del kit de vidrio rompevientos en maceta listo para usar<\/h2>\n\n\n\n<p class=\"has-text-align-left hostinger-ai-description has-dark-color has-text-color has-link-color has-medium-font-size wp-elements-072fd7f59985318006dfa056dabd9006\" style=\"margin-top:0;margin-bottom:0\">Todos nuestros sistemas tienen garant\u00eda de 2 a\u00f1os y la pintura de 5 a\u00f1os.<\/p>\n\n\n\n<div class=\"wp-block-columns is-layout-flex wp-container-core-columns-is-layout-28f84493 wp-block-columns-is-layout-flex\">\n<div class=\"wp-block-column is-layout-flow wp-block-column-is-layout-flow\"><\/div>\n<\/div>\n<\/div>\n<\/div>\n\n\n\n<div class=\"wp-block-column is-vertically-aligned-center is-layout-flow wp-block-column-is-layout-flow\" style=\"flex-basis:66.66%\">\n<div class=\"wp-block-columns is-layout-flex wp-container-core-columns-is-layout-28f84493 wp-block-columns-is-layout-flex\">\n<div class=\"wp-block-column is-layout-flow wp-container-core-column-is-layout-8a368f38 wp-block-column-is-layout-flow\">\n<figure class=\"wp-block-table\"><table class=\"has-fixed-layout\"><thead><tr><th>Informaci\u00f3n sobre el cortavientos sin vidrio en maceta<\/th><th>Caracter\u00edsticas de un cortavientos sin vidrio encapsulado<\/th><\/tr><\/thead><tbody><tr><td><strong>Altura cerrada<\/strong><\/td><td>110 cent\u00edmetros<\/td><\/tr><tr><td><strong>Altura abierta<\/strong><\/td><td>195 cent\u00edmetros<\/td><\/tr><tr><td><strong>Ancho m\u00e1ximo<\/strong><\/td><td>185 cent\u00edmetros<\/td><\/tr><tr><td><strong>Vidrio superior<\/strong><\/td><td>5 mm templado<\/td><\/tr><tr><td><strong>Vidrio inferior<\/strong><\/td><td>8 mm templado <strong>o<\/strong> 4 + 4 laminado templado<\/td><\/tr><tr><td><strong>Mecanismo<\/strong><\/td><td>Pist\u00f3n de gas (apertura por presi\u00f3n) <strong>o<\/strong> motorizado<\/td><\/tr><tr><td><strong>Movilidad<\/strong><\/td><td>S\u00ed \u2013 estructura con ruedas\/en maceta<\/td><\/tr><tr><td><strong>Material de la maceta<\/strong><\/td><td>Aluminio (est\u00e1ndar)<\/td><\/tr><tr><td><strong>Tama\u00f1o de la maceta<\/strong><\/td><td>33 \u00d7 33 cm (+12 cm de profundidad en sistema push-to-open)<\/td><\/tr><tr><td><strong>Infraestructura<\/strong><\/td><td>Chasis de acero galvanizado de 5 mm (pintado al horno) + ruedas y patines regulables<\/td><\/tr><tr><td><strong>Altura total de la maceta<\/strong><\/td><td>43 cent\u00edmetros<\/td><\/tr><tr><td><strong>Sistema de ruedas y pies<\/strong><\/td><td>4 ruedas (2 de ellas bloqueables) + 4 patines ajustables<\/td><\/tr><tr><td><strong>Color<\/strong><\/td><td>RAL 7016 \u2013 Aluminio pintado electrost\u00e1ticamente<\/td><\/tr><tr><td><strong>Producci\u00f3n especial<\/strong><\/td><td>Hasta 240 cm de altura (135 cm de ancho m\u00e1ximo)<\/td><\/tr><\/tbody><\/table><\/figure>\n<\/div>\n<\/div>\n<\/div>\n<\/div>\n\n\n\n<div class=\"wp-block-group alignwide hostinger-ai-our-services-4 hostinger-ai-fade-up has-global-padding is-layout-constrained wp-block-group-is-layout-constrained\" style=\"padding-top:0;padding-bottom:0\">\n<div class=\"wp-block-group alignwide hostinger-ai-fade-up is-nowrap is-layout-flex wp-container-core-group-is-layout-4ac5639c wp-block-group-is-layout-flex\" style=\"margin-bottom:0;padding-top:0;padding-bottom:var(--wp--preset--spacing--30)\">\n<div class=\"wp-block-columns is-layout-flex wp-container-core-columns-is-layout-28f84493 wp-block-columns-is-layout-flex\">\n<div class=\"wp-block-column is-layout-flow wp-block-column-is-layout-flow\" style=\"flex-basis:50%\">\n<h2 class=\"wp-block-heading hostinger-ai-service-title has-x-large-font-size\" style=\"margin-bottom:0\">Opciones personalizables<\/h2>\n<\/div>\n\n\n\n<div class=\"wp-block-column is-vertically-aligned-center has-small-font-size has-global-padding is-layout-constrained wp-block-column-is-layout-constrained\" style=\"flex-basis:50%\">\n<p class=\"hostinger-ai-service-description has-medium-font-size\">Puede elegir las caracter\u00edsticas de nuestros sistemas de vidrio rompevientos de alta calidad, como: color RAL, espesor del vidrio, opci\u00f3n de iluminaci\u00f3n LED, altura y profundidad de la maceta.<\/p>\n<\/div>\n<\/div>\n<\/div>\n\n\n\n<div class=\"wp-block-group alignwide image-row hostinger-ai-fade-up is-layout-grid wp-container-core-group-is-layout-60745b59 wp-block-group-is-layout-grid\" style=\"margin-bottom:0;padding-top:var(--wp--preset--spacing--30)\">\n<figure class=\"wp-block-image size-full has-custom-border hostinger-ai-service-image hostinger-index-4\"><img loading=\"lazy\" decoding=\"async\" width=\"1500\" height=\"1200\" src=\"https:\/\/ruzgarkiricicam.com\/wp-content\/uploads\/2025\/10\/ruzgar-kirici-cam-11.jpeg\" alt=\"\" class=\"wp-image-84\" style=\"border-radius:20px\" srcset=\"https:\/\/ruzgarkiricicam.com\/wp-content\/uploads\/2025\/10\/ruzgar-kirici-cam-11.jpeg 1500w, https:\/\/ruzgarkiricicam.com\/wp-content\/uploads\/2025\/10\/ruzgar-kirici-cam-11-300x240.jpeg 300w, https:\/\/ruzgarkiricicam.com\/wp-content\/uploads\/2025\/10\/ruzgar-kirici-cam-11-1024x819.jpeg 1024w, https:\/\/ruzgarkiricicam.com\/wp-content\/uploads\/2025\/10\/ruzgar-kirici-cam-11-768x614.jpeg 768w\" sizes=\"auto, (max-width: 1500px) 100vw, 1500px\" \/><figcaption class=\"wp-element-caption\">Opciones de color RAL de vidrio rompevientos<\/figcaption><\/figure>\n\n\n\n<figure class=\"wp-block-image alignfull size-full has-custom-border hostinger-ai-service-image hostinger-index-5\"><img loading=\"lazy\" decoding=\"async\" width=\"596\" height=\"481\" src=\"https:\/\/ruzgarkiricicam.com\/wp-content\/uploads\/2025\/10\/ruzgar_kirici_cam_lamine-e1761563537845.png\" alt=\"\" class=\"wp-image-85\" style=\"border-radius:20px\" srcset=\"https:\/\/ruzgarkiricicam.com\/wp-content\/uploads\/2025\/10\/ruzgar_kirici_cam_lamine-e1761563537845.png 596w, https:\/\/ruzgarkiricicam.com\/wp-content\/uploads\/2025\/10\/ruzgar_kirici_cam_lamine-e1761563537845-300x242.png 300w\" sizes=\"auto, (max-width: 596px) 100vw, 596px\" \/><figcaption class=\"wp-element-caption\">Vidrio cortavientos Tipos de vidrio laminado<\/figcaption><\/figure>\n\n\n\n<figure class=\"wp-block-image alignfull size-full has-custom-border hostinger-ai-service-image hostinger-index-5\"><img loading=\"lazy\" decoding=\"async\" width=\"561\" height=\"447\" src=\"https:\/\/ruzgarkiricicam.com\/wp-content\/uploads\/2025\/10\/ruzgar_kirici_cam_renkleri-e1761564027331.png\" alt=\"\" class=\"wp-image-86\" style=\"border-radius:20px\" srcset=\"https:\/\/ruzgarkiricicam.com\/wp-content\/uploads\/2025\/10\/ruzgar_kirici_cam_renkleri-e1761564027331.png 561w, https:\/\/ruzgarkiricicam.com\/wp-content\/uploads\/2025\/10\/ruzgar_kirici_cam_renkleri-e1761564027331-300x239.png 300w\" sizes=\"auto, (max-width: 561px) 100vw, 561px\" \/><figcaption class=\"wp-element-caption\">Variedades de colores de vidrio con barrera de viento de altura ajustable<\/figcaption><\/figure>\n\n\n\n<figure class=\"wp-block-image alignfull size-full has-custom-border hostinger-ai-service-image hostinger-index-5 wp-container-content-69bc4bdf\"><img loading=\"lazy\" decoding=\"async\" width=\"1500\" height=\"1200\" src=\"https:\/\/ruzgarkiricicam.com\/wp-content\/uploads\/2025\/10\/saksi-duz-model.jpg\" alt=\"\" class=\"wp-image-42\" style=\"border-radius:20px\" srcset=\"https:\/\/ruzgarkiricicam.com\/wp-content\/uploads\/2025\/10\/saksi-duz-model.jpg 1500w, https:\/\/ruzgarkiricicam.com\/wp-content\/uploads\/2025\/10\/saksi-duz-model-300x240.jpg 300w, https:\/\/ruzgarkiricicam.com\/wp-content\/uploads\/2025\/10\/saksi-duz-model-1024x819.jpg 1024w, https:\/\/ruzgarkiricicam.com\/wp-content\/uploads\/2025\/10\/saksi-duz-model-768x614.jpg 768w\" sizes=\"auto, (max-width: 1500px) 100vw, 1500px\" \/><figcaption class=\"wp-element-caption\">Opciones de macetas de vidrio cortavientos<\/figcaption><\/figure>\n<\/div>\n<\/div>\n\n\n\n<div class=\"wp-block-columns alignwide is-layout-flex wp-container-core-columns-is-layout-28f84493 wp-block-columns-is-layout-flex\">\n<div class=\"wp-block-column is-vertically-aligned-center is-layout-flow wp-block-column-is-layout-flow\" style=\"flex-basis:33.33%\">\n<div class=\"wp-block-group alignwide hostinger-ai-fade-up has-global-padding is-layout-constrained wp-block-group-is-layout-constrained\" style=\"padding-top:var(--wp--preset--spacing--60);padding-bottom:var(--wp--preset--spacing--60)\">\n<h2 class=\"wp-block-heading has-text-align-left hostinger-ai-title has-dark-color has-text-color has-link-color has-x-large-font-size wp-elements-94284eb1bc2ff70ae827307461285133\" style=\"margin-top:0;margin-right:0;margin-bottom:var(--wp--preset--spacing--20);margin-left:0\">Galer\u00eda de vidrio rompevientos en maceta, kit listo para usar<\/h2>\n\n\n\n<p class=\"has-text-align-left hostinger-ai-description has-dark-color has-text-color has-link-color has-medium-font-size wp-elements-8a23d1a00cbf0cf217fcfc81e1e43b00\" style=\"margin-top:0;margin-bottom:0\">Kit innovador de vidrio rompevientos <\/p>\n\n\n\n<p class=\"has-text-align-left hostinger-ai-description has-dark-color has-text-color has-link-color has-medium-font-size wp-elements-4953ba4cc1dded25713e17cb4e32958a\" style=\"margin-top:0;margin-bottom:0\">Descubra nuestros sistemas. Producci\u00f3n r\u00e1pida, kits listos para usar para talleres y empresas de aplicaciones.<\/p>\n\n\n\n<p><\/p>\n<\/div>\n<\/div>\n\n\n\n<div class=\"wp-block-column is-layout-flow wp-block-column-is-layout-flow\" style=\"flex-basis:66.66%\">\n<div class=\"wp-block-columns is-layout-flex wp-container-core-columns-is-layout-28f84493 wp-block-columns-is-layout-flex\">\n<div class=\"wp-block-column is-layout-flow wp-block-column-is-layout-flow\">\n<figure class=\"wp-block-image aligncenter size-full has-custom-border hostinger-ai-image hostinger-index-27\"><img loading=\"lazy\" decoding=\"async\" width=\"1024\" height=\"768\" src=\"https:\/\/ruzgarkiricicam.com\/wp-content\/uploads\/2025\/10\/Ruzgar-kirici-cam-saksiili-5.jpeg\" alt=\"\" class=\"wp-image-23\" style=\"border-radius:16px\" srcset=\"https:\/\/ruzgarkiricicam.com\/wp-content\/uploads\/2025\/10\/Ruzgar-kirici-cam-saksiili-5.jpeg 1024w, https:\/\/ruzgarkiricicam.com\/wp-content\/uploads\/2025\/10\/Ruzgar-kirici-cam-saksiili-5-300x225.jpeg 300w, https:\/\/ruzgarkiricicam.com\/wp-content\/uploads\/2025\/10\/Ruzgar-kirici-cam-saksiili-5-768x576.jpeg 768w\" sizes=\"auto, (max-width: 1024px) 100vw, 1024px\" \/><figcaption class=\"wp-element-caption\">vidrio rompevientos en maceta<\/figcaption><\/figure>\n\n\n\n<figure class=\"wp-block-image aligncenter size-full has-custom-border hostinger-ai-image hostinger-index-28\"><img decoding=\"async\" src=\"https:\/\/ruzgarkiricicam.com\/wp-content\/uploads\/2025\/10\/Ruzgar-kirici-cam-6.jpg\" alt=\"\" class=\"wp-image-83\" style=\"border-radius:16px\"\/><figcaption class=\"wp-element-caption\">Cafetera cortavientos con ruedas y maceta<\/figcaption><\/figure>\n<\/div>\n\n\n\n<div class=\"wp-block-column is-layout-flow wp-block-column-is-layout-flow\">\n<figure class=\"wp-block-image aligncenter size-full has-custom-border hostinger-ai-image hostinger-index-29\"><img loading=\"lazy\" decoding=\"async\" width=\"1600\" height=\"1200\" src=\"https:\/\/ruzgarkiricicam.com\/wp-content\/uploads\/2025\/10\/Ruzgar-kirici-cam-saksiili-11.jpeg\" alt=\"\" class=\"wp-image-82\" style=\"border-radius:16px\" srcset=\"https:\/\/ruzgarkiricicam.com\/wp-content\/uploads\/2025\/10\/Ruzgar-kirici-cam-saksiili-11.jpeg 1600w, https:\/\/ruzgarkiricicam.com\/wp-content\/uploads\/2025\/10\/Ruzgar-kirici-cam-saksiili-11-300x225.jpeg 300w, https:\/\/ruzgarkiricicam.com\/wp-content\/uploads\/2025\/10\/Ruzgar-kirici-cam-saksiili-11-1024x768.jpeg 1024w, https:\/\/ruzgarkiricicam.com\/wp-content\/uploads\/2025\/10\/Ruzgar-kirici-cam-saksiili-11-768x576.jpeg 768w, https:\/\/ruzgarkiricicam.com\/wp-content\/uploads\/2025\/10\/Ruzgar-kirici-cam-saksiili-11-1536x1152.jpeg 1536w\" sizes=\"auto, (max-width: 1600px) 100vw, 1600px\" \/><figcaption class=\"wp-element-caption\">vidrio cortavientos en maceta<\/figcaption><\/figure>\n\n\n\n<figure class=\"wp-block-image aligncenter size-full has-custom-border hostinger-ai-image hostinger-index-28\"><img loading=\"lazy\" decoding=\"async\" width=\"567\" height=\"745\" src=\"https:\/\/ruzgarkiricicam.com\/wp-content\/uploads\/2025\/10\/ruzgar-kirici-cam-ve-tente-modeli.png\" alt=\"\" class=\"wp-image-87\" style=\"border-radius:16px\" srcset=\"https:\/\/ruzgarkiricicam.com\/wp-content\/uploads\/2025\/10\/ruzgar-kirici-cam-ve-tente-modeli.png 567w, https:\/\/ruzgarkiricicam.com\/wp-content\/uploads\/2025\/10\/ruzgar-kirici-cam-ve-tente-modeli-228x300.png 228w\" sizes=\"auto, (max-width: 567px) 100vw, 567px\" \/><figcaption class=\"wp-element-caption\">Restaurante con maceta y cortavientos con ruedas<\/figcaption><\/figure>\n<\/div>\n<\/div>\n<\/div>\n<\/div>\n<\/div>\n<\/div>\n\n\n\n<div class=\"wp-block-columns alignwide is-layout-flex wp-container-core-columns-is-layout-28f84493 wp-block-columns-is-layout-flex\">\n<div class=\"wp-block-column is-layout-flow wp-block-column-is-layout-flow\">\n<h3 class=\"wp-block-heading\">Kit de vidrio cortavientos prefabricado: una soluci\u00f3n innovadora para talleres y empresas de aplicaciones<\/h3>\n\n\n\n<p><strong>Sistemas de vidrio cortavientos en maceta listos para usar<\/strong>, Ofrece soluciones profesionales que facilitan la instalaci\u00f3n y ahorran tiempo. Especialmente <strong>talleres, empresas de aplicaci\u00f3n y proyectos orientados a la exportaci\u00f3n<\/strong> Estos sistemas fueron desarrollados para <strong>DIY (Hazlo t\u00fa mismo)<\/strong> Se env\u00eda sin vidrio. El usuario puede adquirir el vidrio localmente y solo <strong>Dentro de 2 a 3 horas<\/strong> Puede preparar el sistema.<\/p>\n\n\n\n<p>Estos modelos ofrecen la ventaja de un uso m\u00f3vil gracias a su estructura en maceta., <strong>No requiere anclaje al suelo<\/strong>. Esto permite su uso en cafeter\u00edas, restaurantes, hoteles y terrazas, sin estar sujeto a las restricciones municipales de construcci\u00f3n. Su cuerpo de aluminio, chasis galvanizado y m\u00f3dulo de maceta de 33 x 33 cm ofrecen una estructura duradera.<\/p>\n\n\n\n<p><strong>Kit listo para usar cortavientos en maceta<\/strong>, <strong>Kit listo para usar de cortavientos en maceta<\/strong>, <strong>Kit listo para usar cortavientos de apertura por presi\u00f3n<\/strong> Y <strong>Kit de pist\u00f3n de parabrisas listo para usar<\/strong> Estos sistemas, tambi\u00e9n conocidos con diferentes nombres, proporcionan el m\u00e1ximo confort en espacios abiertos, tanto a nivel est\u00e9tico como funcional.<\/p>\n\n\n\n<p>Con su dise\u00f1o elegante, f\u00e1cil montaje y estructura modular, los sistemas de kits listos para usar de EncoArt ofrecen una producci\u00f3n r\u00e1pida y bajos costos log\u00edsticos. <strong>Normas europeas<\/strong> Ofrece una soluci\u00f3n ideal. Es la soluci\u00f3n m\u00e1s pr\u00e1ctica para que sus espacios exteriores sean modernos, port\u00e1tiles y compatibles.<\/p>\n<\/div>\n<\/div>\n\n\n\n<div class=\"wp-block-group alignwide hostinger-ai-fade-up has-global-padding is-content-justification-left is-layout-constrained wp-container-core-group-is-layout-12dd3699 wp-block-group-is-layout-constrained\">\n<h2 class=\"wp-block-heading is-style-default hostinger-ai-title has-dark-color has-text-color has-link-color has-x-large-font-size wp-elements-c2116d16528b9691ab15365bc213aa9e\" style=\"margin-bottom:var(--wp--preset--spacing--50)\">Nuestros proyectos de vidrio cortavientos<\/h2>\n\n\n<ul class=\"wp-block-latest-posts__list is-grid columns-4 alignwide wp-block-latest-posts\"><\/ul><\/div>","protected":false},"excerpt":{"rendered":"<p>Tekerli, Saks\u0131l\u0131 &amp; Mobil Ta\u015f\u0131nabilir. \u0130htiya\u00e7lar\u0131n\u0131za g\u00f6re en uygun opsiyonlarla r\u00fczgar k\u0131r\u0131c\u0131 cam \u00fcr\u00fcnlerimizi ke\u015ffedin. Haz\u0131r Kit Saks\u0131l\u0131 R\u00fczgar K\u0131r\u0131c\u0131 Cam Yenilik\u00e7i R\u00fczgar K\u0131r\u0131c\u0131 Cam Sistemlerimizi ke\u015ffedin. Haz\u0131r Kit Saks\u0131l\u0131 R\u00fczgar K\u0131r\u0131c\u0131 Cam Teknik Bilgileri T\u00fcm Sistemlerimiz 2 y\u0131l, Boya 5 y\u0131l Garantilidir. Saks\u0131l\u0131 Cams\u0131z R\u00fczgar K\u0131r\u0131c\u0131 Bilgileri Saks\u0131l\u0131 Cams\u0131z R\u00fczgar K\u0131r\u0131c\u0131 \u00d6zellikleri Kapal\u0131 Y\u00fckseklik [&hellip;]<\/p>","protected":false},"author":1,"featured_media":18,"parent":0,"menu_order":0,"comment_status":"closed","ping_status":"closed","template":"","meta":{"footnotes":""},"class_list":["post-107","page","type-page","status-publish","has-post-thumbnail","hentry"],"_hostinger_reach_plugin_has_subscription_block":false,"_hostinger_reach_plugin_is_elementor":false,"_links":{"self":[{"href":"https:\/\/ruzgarkiricicam.com\/es\/wp-json\/wp\/v2\/pages\/107","targetHints":{"allow":["GET"]}}],"collection":[{"href":"https:\/\/ruzgarkiricicam.com\/es\/wp-json\/wp\/v2\/pages"}],"about":[{"href":"https:\/\/ruzgarkiricicam.com\/es\/wp-json\/wp\/v2\/types\/page"}],"author":[{"embeddable":true,"href":"https:\/\/ruzgarkiricicam.com\/es\/wp-json\/wp\/v2\/users\/1"}],"replies":[{"embeddable":true,"href":"https:\/\/ruzgarkiricicam.com\/es\/wp-json\/wp\/v2\/comments?post=107"}],"version-history":[{"count":8,"href":"https:\/\/ruzgarkiricicam.com\/es\/wp-json\/wp\/v2\/pages\/107\/revisions"}],"predecessor-version":[{"id":439,"href":"https:\/\/ruzgarkiricicam.com\/es\/wp-json\/wp\/v2\/pages\/107\/revisions\/439"}],"wp:featuredmedia":[{"embeddable":true,"href":"https:\/\/ruzgarkiricicam.com\/es\/wp-json\/wp\/v2\/media\/18"}],"wp:attachment":[{"href":"https:\/\/ruzgarkiricicam.com\/es\/wp-json\/wp\/v2\/media?parent=107"}],"curies":[{"name":"wp","href":"https:\/\/api.w.org\/{rel}","templated":true}]}}