{"id":108,"date":"2025-10-28T07:23:42","date_gmt":"2025-10-28T07:23:42","guid":{"rendered":"https:\/\/ruzgarkiricicam.com\/?page_id=108"},"modified":"2025-11-13T08:51:32","modified_gmt":"2025-11-13T08:51:32","slug":"brise-vent-en-verre-avec-coin-salon-et-pot-de-fleurs","status":"publish","type":"page","link":"https:\/\/ruzgarkiricicam.com\/fr\/brise-vent-en-verre-avec-coin-salon-et-pot-de-fleurs\/","title":{"rendered":"6- Pare-vent en verre avec coin salon et pot de fleurs"},"content":{"rendered":"<div class=\"wp-block-group alignfull hostinger-ai-solid-block hostinger-ai-fade-up has-color-1-background-color has-background has-global-padding is-layout-constrained wp-block-group-is-layout-constrained\" style=\"padding-top:var(--wp--preset--spacing--60);padding-bottom:var(--wp--preset--spacing--60)\">\n<div class=\"wp-block-group alignwide hostinger-ai-fade-up is-vertical is-content-justification-center is-nowrap is-layout-flex wp-container-core-group-is-layout-4cc6ee0a wp-block-group-is-layout-flex\" style=\"min-height:0px;padding-top:0;padding-bottom:0\">\n<div class=\"wp-block-group hostinger-ai-fade-up wp-container-content-69bc4bdf has-global-padding is-content-justification-center is-layout-constrained wp-container-core-group-is-layout-78267832 wp-block-group-is-layout-constrained\">\n<h2 class=\"wp-block-heading has-text-align-center hostinger-ai-title has-dark-color has-text-color has-link-color has-x-large-font-size wp-elements-de5f2725ef149b69958663451bd58d36\" style=\"margin-top:0;margin-right:0;margin-bottom:0;margin-left:0\">\u00c0 roulettes, en pot et portable.<\/h2>\n\n\n\n<p class=\"has-text-align-center hostinger-ai-description has-dark-color has-text-color has-link-color has-medium-font-size wp-elements-c90fb6405b746b7d30aa7413f619b673\" style=\"margin-top:var(--wp--preset--spacing--20);margin-bottom:var(--wp--preset--spacing--50)\">D\u00e9couvrez nos produits de brise-vent en verre et trouvez les options les mieux adapt\u00e9es \u00e0 vos besoins.<\/p>\n\n\n\n<div class=\"wp-block-buttons is-content-justification-center is-layout-flex wp-container-core-buttons-is-layout-a89b3969 wp-block-buttons-is-layout-flex\">\n<div class=\"wp-block-button hostinger-ai-cta-button\"><a class=\"wp-block-button__link has-dark-color has-contrast-background-color has-text-color has-background has-link-color has-border-color has-medium-font-size has-custom-font-size wp-element-button\" href=\"https:\/\/ruzgarkiricicam.com\/fr\/ruzgarkiricicam_shop\/\" style=\"border-color:#0d141a;border-width:1px;border-radius:50px;padding-top:var(--wp--preset--spacing--30);padding-right:var(--wp--preset--spacing--70);padding-bottom:var(--wp--preset--spacing--30);padding-left:var(--wp--preset--spacing--70);box-shadow:none\">D\u00e9couvrez notre boutique.<\/a><\/div>\n<\/div>\n<\/div>\n<\/div>\n<\/div>\n\n\n\n<div class=\"wp-block-group alignfull hostinger-ai-gallery-6 hostinger-ai-fade-up is-layout-flow wp-block-group-is-layout-flow\">\n<div class=\"wp-block-group has-global-padding is-layout-constrained wp-block-group-is-layout-constrained\" style=\"margin-top:var(--wp--preset--spacing--60);margin-bottom:var(--wp--preset--spacing--60)\">\n<div class=\"wp-block-columns is-layout-flex wp-container-core-columns-is-layout-28f84493 wp-block-columns-is-layout-flex\">\n<div class=\"wp-block-column is-layout-flow wp-block-column-is-layout-flow\"><\/div>\n<\/div>\n\n\n\n<div class=\"wp-block-columns is-layout-flex wp-container-core-columns-is-layout-28f84493 wp-block-columns-is-layout-flex\">\n<div class=\"wp-block-column is-layout-flow wp-block-column-is-layout-flow\"><\/div>\n<\/div>\n\n\n\n<div class=\"wp-block-columns alignwide are-vertically-aligned-center is-layout-flex wp-container-core-columns-is-layout-28f84493 wp-block-columns-is-layout-flex\">\n<div class=\"wp-block-column is-vertically-aligned-center is-layout-flow wp-block-column-is-layout-flow\" style=\"flex-basis:33.33%\">\n<div class=\"wp-block-group alignwide hostinger-ai-fade-up has-global-padding is-layout-constrained wp-block-group-is-layout-constrained\" style=\"padding-top:var(--wp--preset--spacing--60);padding-bottom:var(--wp--preset--spacing--60)\">\n<h1 class=\"wp-block-heading has-text-align-left hostinger-ai-title has-dark-color has-text-color has-link-color has-x-large-font-size wp-elements-469f657ae8840f0383c856f57a7d4170\" style=\"margin-top:0;margin-right:0;margin-bottom:var(--wp--preset--spacing--20);margin-left:0\">Pot de fleurs brise-vent en verre <\/h1>\n\n\n\n<p class=\"has-text-align-left hostinger-ai-description has-dark-color has-text-color has-link-color has-medium-font-size wp-elements-5ea2f999cff5c8eff1588c46bac233cd\" style=\"margin-top:0;margin-bottom:0\">Verre brise-vent innovant <\/p>\n\n\n\n<p class=\"has-text-align-left hostinger-ai-description has-dark-color has-text-color has-link-color has-medium-font-size wp-elements-dd4a2f914337c13b1c52f23828ff52fc\" style=\"margin-top:0;margin-bottom:0\">Explorez nos syst\u00e8mes.<\/p>\n\n\n\n<div class=\"wp-block-columns is-layout-flex wp-container-core-columns-is-layout-28f84493 wp-block-columns-is-layout-flex\">\n<div class=\"wp-block-column is-layout-flow wp-block-column-is-layout-flow\"><\/div>\n<\/div>\n<\/div>\n<\/div>\n\n\n\n<div class=\"wp-block-column is-vertically-aligned-center is-layout-flow wp-block-column-is-layout-flow\" style=\"flex-basis:66.66%\">\n<div class=\"wp-block-columns is-layout-flex wp-container-core-columns-is-layout-28f84493 wp-block-columns-is-layout-flex\">\n<div class=\"wp-block-column is-layout-flow wp-block-column-is-layout-flow\">\n<figure class=\"wp-block-gallery aligncenter has-nested-images columns-default is-cropped wp-block-gallery-1 is-layout-flex wp-block-gallery-is-layout-flex\">\n<figure class=\"wp-block-image size-large\"><img loading=\"lazy\" decoding=\"async\" width=\"1024\" height=\"1024\" data-id=\"348\" src=\"https:\/\/ruzgarkiricicam.com\/wp-content\/uploads\/2025\/11\/Oturmaa_grubu_ruzgar_kirici_cam-1024x1024.jpg\" alt=\"\" class=\"wp-image-348\" srcset=\"https:\/\/ruzgarkiricicam.com\/wp-content\/uploads\/2025\/11\/Oturmaa_grubu_ruzgar_kirici_cam-1024x1024.jpg 1024w, https:\/\/ruzgarkiricicam.com\/wp-content\/uploads\/2025\/11\/Oturmaa_grubu_ruzgar_kirici_cam-300x300.jpg 300w, https:\/\/ruzgarkiricicam.com\/wp-content\/uploads\/2025\/11\/Oturmaa_grubu_ruzgar_kirici_cam-150x150.jpg 150w, https:\/\/ruzgarkiricicam.com\/wp-content\/uploads\/2025\/11\/Oturmaa_grubu_ruzgar_kirici_cam-768x768.jpg 768w, https:\/\/ruzgarkiricicam.com\/wp-content\/uploads\/2025\/11\/Oturmaa_grubu_ruzgar_kirici_cam.jpg 1080w\" sizes=\"auto, (max-width: 1024px) 100vw, 1024px\" \/><\/figure>\n\n\n\n<figure class=\"wp-block-image size-full\"><img loading=\"lazy\" decoding=\"async\" width=\"1080\" height=\"1080\" data-id=\"347\" src=\"https:\/\/ruzgarkiricicam.com\/wp-content\/uploads\/2025\/11\/Oturma_grubu_ruzgar_kirici_cam.jpg\" alt=\"\" class=\"wp-image-347\" srcset=\"https:\/\/ruzgarkiricicam.com\/wp-content\/uploads\/2025\/11\/Oturma_grubu_ruzgar_kirici_cam.jpg 1080w, https:\/\/ruzgarkiricicam.com\/wp-content\/uploads\/2025\/11\/Oturma_grubu_ruzgar_kirici_cam-300x300.jpg 300w, https:\/\/ruzgarkiricicam.com\/wp-content\/uploads\/2025\/11\/Oturma_grubu_ruzgar_kirici_cam-1024x1024.jpg 1024w, https:\/\/ruzgarkiricicam.com\/wp-content\/uploads\/2025\/11\/Oturma_grubu_ruzgar_kirici_cam-150x150.jpg 150w, https:\/\/ruzgarkiricicam.com\/wp-content\/uploads\/2025\/11\/Oturma_grubu_ruzgar_kirici_cam-768x768.jpg 768w\" sizes=\"auto, (max-width: 1080px) 100vw, 1080px\" \/><\/figure>\n<\/figure>\n<\/div>\n<\/div>\n<\/div>\n<\/div>\n\n\n\n<div class=\"wp-block-columns is-layout-flex wp-container-core-columns-is-layout-28f84493 wp-block-columns-is-layout-flex\">\n<div class=\"wp-block-column is-layout-flow wp-block-column-is-layout-flow\">\n<div class=\"wp-block-columns is-layout-flex wp-container-core-columns-is-layout-28f84493 wp-block-columns-is-layout-flex\">\n<div class=\"wp-block-column is-layout-flow wp-block-column-is-layout-flow\"><\/div>\n<\/div>\n<\/div>\n<\/div>\n\n\n\n<div class=\"wp-block-columns alignwide are-vertically-aligned-center is-layout-flex wp-container-core-columns-is-layout-28f84493 wp-block-columns-is-layout-flex\">\n<div class=\"wp-block-column is-vertically-aligned-center is-layout-flow wp-block-column-is-layout-flow\" style=\"flex-basis:33.33%\">\n<div class=\"wp-block-group alignwide hostinger-ai-fade-up has-global-padding is-layout-constrained wp-block-group-is-layout-constrained\" style=\"padding-top:var(--wp--preset--spacing--60);padding-bottom:var(--wp--preset--spacing--60)\">\n<h2 class=\"wp-block-heading has-text-align-left hostinger-ai-title has-dark-color has-text-color has-link-color has-x-large-font-size wp-elements-45582644f5660c6208d1103b6b33ff1c\" style=\"margin-top:0;margin-right:0;margin-bottom:var(--wp--preset--spacing--20);margin-left:0\">Informations techniques sur le verre brise-vent en pot <\/h2>\n\n\n\n<p class=\"has-text-align-left hostinger-ai-description has-dark-color has-text-color has-link-color has-medium-font-size wp-elements-072fd7f59985318006dfa056dabd9006\" style=\"margin-top:0;margin-bottom:0\">Tous nos syst\u00e8mes sont garantis 2 ans et la peinture 5 ans.<\/p>\n\n\n\n<div class=\"wp-block-columns is-layout-flex wp-container-core-columns-is-layout-28f84493 wp-block-columns-is-layout-flex\">\n<div class=\"wp-block-column is-layout-flow wp-block-column-is-layout-flow\"><\/div>\n<\/div>\n<\/div>\n<\/div>\n\n\n\n<div class=\"wp-block-column is-vertically-aligned-center is-layout-flow wp-block-column-is-layout-flow\" style=\"flex-basis:66.66%\">\n<div class=\"wp-block-columns is-layout-flex wp-container-core-columns-is-layout-28f84493 wp-block-columns-is-layout-flex\">\n<div class=\"wp-block-column is-layout-flow wp-container-core-column-is-layout-8a368f38 wp-block-column-is-layout-flow\">\n<figure class=\"wp-block-table\"><table class=\"has-fixed-layout\"><thead><tr><th>Informations sur les verres coupe-vent en pot<\/th><th>Caract\u00e9ristiques du verre coupe-vent en pot<\/th><\/tr><\/thead><tbody><tr><td><strong>Hauteur ferm\u00e9e<\/strong><\/td><td>110 cm<\/td><\/tr><tr><td><strong>Hauteur libre<\/strong><\/td><td>195 cm<\/td><\/tr><tr><td><strong>Largeur maximale<\/strong><\/td><td>185 cm<\/td><\/tr><tr><td><strong>Verre sup\u00e9rieur<\/strong><\/td><td>5 mm tremp\u00e9<\/td><\/tr><tr><td><strong>Verre inf\u00e9rieur<\/strong><\/td><td>8 mm tremp\u00e9 <strong>ou<\/strong> 4 + 4 verres tremp\u00e9s lamin\u00e9s<\/td><\/tr><tr><td><strong>M\u00e9canisme<\/strong><\/td><td>Piston \u00e0 gaz (ouverture par pression) <strong>ou<\/strong> motoris\u00e9<\/td><\/tr><tr><td><strong>Mobilit\u00e9<\/strong><\/td><td>Oui \u2013 structure sur roues \/ en pot<\/td><\/tr><tr><td><strong>Mat\u00e9riau du pot<\/strong><\/td><td>Aluminium (standard)<\/td><\/tr><tr><td><strong>Taille du pot<\/strong><\/td><td>33 \u00d7 33 cm (+12 cm de profondeur dans le syst\u00e8me d&#039;ouverture par simple pression)<\/td><\/tr><tr><td><strong>Structure<\/strong><\/td><td>Ch\u00e2ssis en acier galvanis\u00e9 de 5 mm (peint au four) + roues et patins r\u00e9glables<\/td><\/tr><tr><td><strong>Hauteur totale du pot<\/strong><\/td><td>43 cm<\/td><\/tr><tr><td><strong>Syst\u00e8me roue et pied<\/strong><\/td><td>4 roues (dont 2 verrouillables) + 4 patins r\u00e9glables<\/td><\/tr><tr><td><strong>Couleur<\/strong><\/td><td>RAL 7016 \u2013 Aluminium peint par \u00e9lectrostatique<\/td><\/tr><tr><td><strong>Production sp\u00e9ciale<\/strong><\/td><td>Hauteur jusqu&#039;\u00e0 240 cm (largeur max. 135 cm)<\/td><\/tr><\/tbody><\/table><\/figure>\n<\/div>\n<\/div>\n<\/div>\n<\/div>\n\n\n\n<div class=\"wp-block-group alignwide hostinger-ai-our-services-4 hostinger-ai-fade-up has-global-padding is-layout-constrained wp-block-group-is-layout-constrained\" style=\"padding-top:0;padding-bottom:0\">\n<div class=\"wp-block-group alignwide hostinger-ai-fade-up is-nowrap is-layout-flex wp-container-core-group-is-layout-4ac5639c wp-block-group-is-layout-flex\" style=\"margin-bottom:0;padding-top:0;padding-bottom:var(--wp--preset--spacing--30)\">\n<div class=\"wp-block-columns is-layout-flex wp-container-core-columns-is-layout-28f84493 wp-block-columns-is-layout-flex\">\n<div class=\"wp-block-column is-layout-flow wp-block-column-is-layout-flow\" style=\"flex-basis:50%\">\n<h2 class=\"wp-block-heading hostinger-ai-service-title has-x-large-font-size\" style=\"margin-bottom:0\">Options personnalisables<\/h2>\n<\/div>\n\n\n\n<div class=\"wp-block-column is-vertically-aligned-center has-small-font-size has-global-padding is-layout-constrained wp-block-column-is-layout-constrained\" style=\"flex-basis:50%\">\n<p class=\"hostinger-ai-service-description has-medium-font-size\">Vous pouvez choisir les caract\u00e9ristiques de nos syst\u00e8mes de vitrage brise-vent de haute qualit\u00e9, telles que : couleur RAL, \u00e9paisseur du verre, option d&#039;\u00e9clairage LED, hauteur et profondeur du pot de fleurs.<\/p>\n<\/div>\n<\/div>\n<\/div>\n\n\n\n<div class=\"wp-block-group alignwide image-row hostinger-ai-fade-up is-layout-grid wp-container-core-group-is-layout-60745b59 wp-block-group-is-layout-grid\" style=\"margin-bottom:0;padding-top:var(--wp--preset--spacing--30)\">\n<figure class=\"wp-block-image size-full has-custom-border hostinger-ai-service-image hostinger-index-4\"><img loading=\"lazy\" decoding=\"async\" width=\"1500\" height=\"1200\" src=\"https:\/\/ruzgarkiricicam.com\/wp-content\/uploads\/2025\/10\/ruzgar-kirici-cam-11.jpeg\" alt=\"\" class=\"wp-image-84\" style=\"border-radius:20px\" srcset=\"https:\/\/ruzgarkiricicam.com\/wp-content\/uploads\/2025\/10\/ruzgar-kirici-cam-11.jpeg 1500w, https:\/\/ruzgarkiricicam.com\/wp-content\/uploads\/2025\/10\/ruzgar-kirici-cam-11-300x240.jpeg 300w, https:\/\/ruzgarkiricicam.com\/wp-content\/uploads\/2025\/10\/ruzgar-kirici-cam-11-1024x819.jpeg 1024w, https:\/\/ruzgarkiricicam.com\/wp-content\/uploads\/2025\/10\/ruzgar-kirici-cam-11-768x614.jpeg 768w\" sizes=\"auto, (max-width: 1500px) 100vw, 1500px\" \/><figcaption class=\"wp-element-caption\">Options de couleurs RAL pour le verre brise-vent<\/figcaption><\/figure>\n\n\n\n<figure class=\"wp-block-image alignfull size-full has-custom-border hostinger-ai-service-image hostinger-index-5\"><img loading=\"lazy\" decoding=\"async\" width=\"596\" height=\"481\" src=\"https:\/\/ruzgarkiricicam.com\/wp-content\/uploads\/2025\/10\/ruzgar_kirici_cam_lamine-e1761563537845.png\" alt=\"\" class=\"wp-image-85\" style=\"border-radius:20px\" srcset=\"https:\/\/ruzgarkiricicam.com\/wp-content\/uploads\/2025\/10\/ruzgar_kirici_cam_lamine-e1761563537845.png 596w, https:\/\/ruzgarkiricicam.com\/wp-content\/uploads\/2025\/10\/ruzgar_kirici_cam_lamine-e1761563537845-300x242.png 300w\" sizes=\"auto, (max-width: 596px) 100vw, 596px\" \/><figcaption class=\"wp-element-caption\">Types de verre feuillet\u00e9 brise-vent<\/figcaption><\/figure>\n\n\n\n<figure class=\"wp-block-image alignfull size-full has-custom-border hostinger-ai-service-image hostinger-index-5\"><img loading=\"lazy\" decoding=\"async\" width=\"561\" height=\"447\" src=\"https:\/\/ruzgarkiricicam.com\/wp-content\/uploads\/2025\/10\/ruzgar_kirici_cam_renkleri-e1761564027331.png\" alt=\"\" class=\"wp-image-86\" style=\"border-radius:20px\" srcset=\"https:\/\/ruzgarkiricicam.com\/wp-content\/uploads\/2025\/10\/ruzgar_kirici_cam_renkleri-e1761564027331.png 561w, https:\/\/ruzgarkiricicam.com\/wp-content\/uploads\/2025\/10\/ruzgar_kirici_cam_renkleri-e1761564027331-300x239.png 300w\" sizes=\"auto, (max-width: 561px) 100vw, 561px\" \/><figcaption class=\"wp-element-caption\">Verre pare-vent r\u00e9glable en hauteur, disponible en plusieurs couleurs<\/figcaption><\/figure>\n\n\n\n<figure class=\"wp-block-image alignfull size-full has-custom-border hostinger-ai-service-image hostinger-index-5 wp-container-content-69bc4bdf\"><img loading=\"lazy\" decoding=\"async\" width=\"1500\" height=\"1200\" src=\"https:\/\/ruzgarkiricicam.com\/wp-content\/uploads\/2025\/10\/saksi-duz-model.jpg\" alt=\"\" class=\"wp-image-42\" style=\"border-radius:20px\" srcset=\"https:\/\/ruzgarkiricicam.com\/wp-content\/uploads\/2025\/10\/saksi-duz-model.jpg 1500w, https:\/\/ruzgarkiricicam.com\/wp-content\/uploads\/2025\/10\/saksi-duz-model-300x240.jpg 300w, https:\/\/ruzgarkiricicam.com\/wp-content\/uploads\/2025\/10\/saksi-duz-model-1024x819.jpg 1024w, https:\/\/ruzgarkiricicam.com\/wp-content\/uploads\/2025\/10\/saksi-duz-model-768x614.jpg 768w\" sizes=\"auto, (max-width: 1500px) 100vw, 1500px\" \/><figcaption class=\"wp-element-caption\">options de pots de fleurs en verre brise-vent<\/figcaption><\/figure>\n<\/div>\n<\/div>\n\n\n\n<div class=\"wp-block-columns alignwide is-layout-flex wp-container-core-columns-is-layout-28f84493 wp-block-columns-is-layout-flex\">\n<div class=\"wp-block-column is-vertically-aligned-center is-layout-flow wp-block-column-is-layout-flow\" style=\"flex-basis:33.33%\">\n<div class=\"wp-block-group alignwide hostinger-ai-fade-up has-global-padding is-layout-constrained wp-block-group-is-layout-constrained\" style=\"padding-top:var(--wp--preset--spacing--60);padding-bottom:var(--wp--preset--spacing--60)\">\n<h2 class=\"wp-block-heading has-text-align-left hostinger-ai-title has-dark-color has-text-color has-link-color has-x-large-font-size wp-elements-a5e47cb2e24ab0f84ab3d54f84b09065\" style=\"margin-top:0;margin-right:0;margin-bottom:var(--wp--preset--spacing--20);margin-left:0\">Galerie de verre Windbreak<\/h2>\n\n\n\n<p class=\"has-text-align-left hostinger-ai-description has-dark-color has-text-color has-link-color has-medium-font-size wp-elements-5ea2f999cff5c8eff1588c46bac233cd\" style=\"margin-top:0;margin-bottom:0\">Verre brise-vent innovant <\/p>\n\n\n\n<p class=\"has-text-align-left hostinger-ai-description has-dark-color has-text-color has-link-color has-medium-font-size wp-elements-dd4a2f914337c13b1c52f23828ff52fc\" style=\"margin-top:0;margin-bottom:0\">Explorez nos syst\u00e8mes.<\/p>\n\n\n\n<p><\/p>\n<\/div>\n<\/div>\n\n\n\n<div class=\"wp-block-column is-layout-flow wp-block-column-is-layout-flow\" style=\"flex-basis:66.66%\">\n<div class=\"wp-block-columns is-layout-flex wp-container-core-columns-is-layout-28f84493 wp-block-columns-is-layout-flex\">\n<div class=\"wp-block-column is-layout-flow wp-block-column-is-layout-flow\">\n<figure class=\"wp-block-image size-full has-custom-border hostinger-ai-image hostinger-index-27\"><img loading=\"lazy\" decoding=\"async\" width=\"2048\" height=\"1152\" src=\"https:\/\/ruzgarkiricicam.com\/wp-content\/uploads\/2025\/11\/Ruzgar_kirici_cam-1.jpeg\" alt=\"\" class=\"wp-image-299\" style=\"border-radius:16px\" srcset=\"https:\/\/ruzgarkiricicam.com\/wp-content\/uploads\/2025\/11\/Ruzgar_kirici_cam-1.jpeg 2048w, https:\/\/ruzgarkiricicam.com\/wp-content\/uploads\/2025\/11\/Ruzgar_kirici_cam-1-300x169.jpeg 300w, https:\/\/ruzgarkiricicam.com\/wp-content\/uploads\/2025\/11\/Ruzgar_kirici_cam-1-1024x576.jpeg 1024w, https:\/\/ruzgarkiricicam.com\/wp-content\/uploads\/2025\/11\/Ruzgar_kirici_cam-1-768x432.jpeg 768w, https:\/\/ruzgarkiricicam.com\/wp-content\/uploads\/2025\/11\/Ruzgar_kirici_cam-1-1536x864.jpeg 1536w\" sizes=\"auto, (max-width: 2048px) 100vw, 2048px\" \/><figcaption class=\"wp-element-caption\">Pot de fleurs brise-vent en verre<\/figcaption><\/figure>\n\n\n\n<figure class=\"wp-block-image size-full has-custom-border hostinger-ai-image hostinger-index-28\"><img loading=\"lazy\" decoding=\"async\" width=\"1152\" height=\"2048\" src=\"https:\/\/ruzgarkiricicam.com\/wp-content\/uploads\/2025\/10\/ruzgar-kirici-8.jpg\" alt=\"\" class=\"wp-image-164\" style=\"border-radius:16px\" srcset=\"https:\/\/ruzgarkiricicam.com\/wp-content\/uploads\/2025\/10\/ruzgar-kirici-8.jpg 1152w, https:\/\/ruzgarkiricicam.com\/wp-content\/uploads\/2025\/10\/ruzgar-kirici-8-169x300.jpg 169w, https:\/\/ruzgarkiricicam.com\/wp-content\/uploads\/2025\/10\/ruzgar-kirici-8-576x1024.jpg 576w, https:\/\/ruzgarkiricicam.com\/wp-content\/uploads\/2025\/10\/ruzgar-kirici-8-768x1365.jpg 768w, https:\/\/ruzgarkiricicam.com\/wp-content\/uploads\/2025\/10\/ruzgar-kirici-8-864x1536.jpg 864w\" sizes=\"auto, (max-width: 1152px) 100vw, 1152px\" \/><figcaption class=\"wp-element-caption\">Coupe-vent avec piston et pot de fleurs<\/figcaption><\/figure>\n<\/div>\n\n\n\n<div class=\"wp-block-column is-layout-flow wp-block-column-is-layout-flow\">\n<figure class=\"wp-block-image size-full has-custom-border hostinger-ai-image hostinger-index-29\"><img loading=\"lazy\" decoding=\"async\" width=\"900\" height=\"1600\" src=\"https:\/\/ruzgarkiricicam.com\/wp-content\/uploads\/2025\/10\/ruzgar-kirici-1.jpg\" alt=\"\" class=\"wp-image-165\" style=\"border-radius:16px\" srcset=\"https:\/\/ruzgarkiricicam.com\/wp-content\/uploads\/2025\/10\/ruzgar-kirici-1.jpg 900w, https:\/\/ruzgarkiricicam.com\/wp-content\/uploads\/2025\/10\/ruzgar-kirici-1-169x300.jpg 169w, https:\/\/ruzgarkiricicam.com\/wp-content\/uploads\/2025\/10\/ruzgar-kirici-1-576x1024.jpg 576w, https:\/\/ruzgarkiricicam.com\/wp-content\/uploads\/2025\/10\/ruzgar-kirici-1-768x1365.jpg 768w, https:\/\/ruzgarkiricicam.com\/wp-content\/uploads\/2025\/10\/ruzgar-kirici-1-864x1536.jpg 864w\" sizes=\"auto, (max-width: 900px) 100vw, 900px\" \/><figcaption class=\"wp-element-caption\">Syst\u00e8me d&#039;ouverture par piston \u00e0 brise-vent en verre<\/figcaption><\/figure>\n\n\n\n<figure class=\"wp-block-image size-full has-custom-border hostinger-ai-image hostinger-index-28\"><img loading=\"lazy\" decoding=\"async\" width=\"1152\" height=\"2048\" src=\"https:\/\/ruzgarkiricicam.com\/wp-content\/uploads\/2025\/10\/ruzgar-kirici-5-1.jpg\" alt=\"\" class=\"wp-image-161\" style=\"border-radius:16px\" srcset=\"https:\/\/ruzgarkiricicam.com\/wp-content\/uploads\/2025\/10\/ruzgar-kirici-5-1.jpg 1152w, https:\/\/ruzgarkiricicam.com\/wp-content\/uploads\/2025\/10\/ruzgar-kirici-5-1-169x300.jpg 169w, https:\/\/ruzgarkiricicam.com\/wp-content\/uploads\/2025\/10\/ruzgar-kirici-5-1-576x1024.jpg 576w, https:\/\/ruzgarkiricicam.com\/wp-content\/uploads\/2025\/10\/ruzgar-kirici-5-1-768x1365.jpg 768w, https:\/\/ruzgarkiricicam.com\/wp-content\/uploads\/2025\/10\/ruzgar-kirici-5-1-864x1536.jpg 864w\" sizes=\"auto, (max-width: 1152px) 100vw, 1152px\" \/><figcaption class=\"wp-element-caption\">restaurant brise-vent \u00e0 roulettes avec pot de fleurs<\/figcaption><\/figure>\n<\/div>\n<\/div>\n<\/div>\n<\/div>\n<\/div>\n<\/div>\n\n\n\n<div class=\"wp-block-group alignfull hostinger-ai-fade-up has-global-padding is-layout-constrained wp-block-group-is-layout-constrained\">\n<div class=\"wp-block-group alignwide hostinger-ai-fade-up has-global-padding is-content-justification-left is-layout-constrained wp-container-core-group-is-layout-12dd3699 wp-block-group-is-layout-constrained\">\n<h2 class=\"wp-block-heading is-style-default hostinger-ai-title has-dark-color has-text-color has-link-color has-x-large-font-size wp-elements-c2116d16528b9691ab15365bc213aa9e\" style=\"margin-bottom:var(--wp--preset--spacing--50)\">Nos projets de brise-vent en verre<\/h2>\n\n\n<ul class=\"wp-block-latest-posts__list is-grid columns-4 alignwide wp-block-latest-posts\"><li><div class=\"wp-block-latest-posts__featured-image\"><img loading=\"lazy\" decoding=\"async\" width=\"300\" height=\"256\" src=\"https:\/\/ruzgarkiricicam.com\/wp-content\/uploads\/2026\/01\/ruzgar-kirici-cam-51-300x256.jpeg\" class=\"attachment-medium size-medium wp-post-image\" alt=\"\" style=\"max-width:225px;max-height:225px;\" srcset=\"https:\/\/ruzgarkiricicam.com\/wp-content\/uploads\/2026\/01\/ruzgar-kirici-cam-51-300x256.jpeg 300w, https:\/\/ruzgarkiricicam.com\/wp-content\/uploads\/2026\/01\/ruzgar-kirici-cam-51-1024x875.jpeg 1024w, https:\/\/ruzgarkiricicam.com\/wp-content\/uploads\/2026\/01\/ruzgar-kirici-cam-51-768x656.jpeg 768w, https:\/\/ruzgarkiricicam.com\/wp-content\/uploads\/2026\/01\/ruzgar-kirici-cam-51-14x12.jpeg 14w, https:\/\/ruzgarkiricicam.com\/wp-content\/uploads\/2026\/01\/ruzgar-kirici-cam-51-600x513.jpeg 600w, https:\/\/ruzgarkiricicam.com\/wp-content\/uploads\/2026\/01\/ruzgar-kirici-cam-51.jpeg 1200w\" sizes=\"auto, (max-width: 300px) 100vw, 300px\" \/><\/div><a class=\"wp-block-latest-posts__post-title\" href=\"https:\/\/ruzgarkiricicam.com\/fr\/pare-vent-en-verre-avec-coin-salon-et-jardiniere-prix-2026\/\">Pare-vent en verre avec coin salon et jardini\u00e8re - Tarifs 2026<\/a><div class=\"wp-block-latest-posts__post-excerpt\">Oturma Alanl\u0131 ve Saks\u0131l\u0131 R\u00fczgar K\u0131r\u0131c\u0131 Cam Nedir? Oturma alanl\u0131 ve saks\u0131l\u0131 r\u00fczgar k\u0131r\u0131c\u0131\u2026 <a class=\"wp-block-latest-posts__read-more\" href=\"https:\/\/ruzgarkiricicam.com\/fr\/pare-vent-en-verre-avec-coin-salon-et-jardiniere-prix-2026\/\" rel=\"noopener noreferrer\">Lire la suite<span class=\"screen-reader-text\">\u00a0: Oturma Alanl\u0131 ve Saks\u0131l\u0131 R\u00fczgar K\u0131r\u0131c\u0131 Cam 2026 Fiyatlar\u0131<\/span><\/a><\/div><\/li>\n<\/ul><\/div>\n<\/div>","protected":false},"excerpt":{"rendered":"<p>Tekerli, Saks\u0131l\u0131 &amp; Mobil Ta\u015f\u0131nabilir. \u0130htiya\u00e7lar\u0131n\u0131za g\u00f6re en uygun opsiyonlarla r\u00fczgar k\u0131r\u0131c\u0131 cam \u00fcr\u00fcnlerimizi ke\u015ffedin. Saks\u0131l\u0131 R\u00fczgar K\u0131r\u0131c\u0131 Cam Yenilik\u00e7i R\u00fczgar K\u0131r\u0131c\u0131 Cam Sistemlerimizi ke\u015ffedin. Saks\u0131l\u0131 R\u00fczgar K\u0131r\u0131c\u0131 Cam Teknik Bilgileri T\u00fcm Sistemlerimiz 2 y\u0131l, Boya 5 y\u0131l Garantilidir. Saks\u0131l\u0131 R\u00fczgar K\u0131r\u0131c\u0131 Cam Bilgileri Saks\u0131l\u0131 R\u00fczgar K\u0131r\u0131c\u0131 Cam \u00d6zellikleri Kapal\u0131 Y\u00fckseklik 110 cm A\u00e7\u0131k Y\u00fckseklik [&hellip;]<\/p>","protected":false},"author":1,"featured_media":18,"parent":0,"menu_order":0,"comment_status":"closed","ping_status":"closed","template":"","meta":{"footnotes":""},"class_list":["post-108","page","type-page","status-publish","has-post-thumbnail","hentry"],"_hostinger_reach_plugin_has_subscription_block":false,"_hostinger_reach_plugin_is_elementor":false,"_links":{"self":[{"href":"https:\/\/ruzgarkiricicam.com\/fr\/wp-json\/wp\/v2\/pages\/108","targetHints":{"allow":["GET"]}}],"collection":[{"href":"https:\/\/ruzgarkiricicam.com\/fr\/wp-json\/wp\/v2\/pages"}],"about":[{"href":"https:\/\/ruzgarkiricicam.com\/fr\/wp-json\/wp\/v2\/types\/page"}],"author":[{"embeddable":true,"href":"https:\/\/ruzgarkiricicam.com\/fr\/wp-json\/wp\/v2\/users\/1"}],"replies":[{"embeddable":true,"href":"https:\/\/ruzgarkiricicam.com\/fr\/wp-json\/wp\/v2\/comments?post=108"}],"version-history":[{"count":5,"href":"https:\/\/ruzgarkiricicam.com\/fr\/wp-json\/wp\/v2\/pages\/108\/revisions"}],"predecessor-version":[{"id":426,"href":"https:\/\/ruzgarkiricicam.com\/fr\/wp-json\/wp\/v2\/pages\/108\/revisions\/426"}],"wp:featuredmedia":[{"embeddable":true,"href":"https:\/\/ruzgarkiricicam.com\/fr\/wp-json\/wp\/v2\/media\/18"}],"wp:attachment":[{"href":"https:\/\/ruzgarkiricicam.com\/fr\/wp-json\/wp\/v2\/media?parent=108"}],"curies":[{"name":"wp","href":"https:\/\/api.w.org\/{rel}","templated":true}]}}