{"id":107,"date":"2025-10-28T07:23:42","date_gmt":"2025-10-28T07:23:42","guid":{"rendered":"https:\/\/ruzgarkiricicam.com\/?page_id=107"},"modified":"2025-11-13T08:51:20","modified_gmt":"2025-11-13T08:51:20","slug":"kit-pronto-per-il-frangivento-in-vaso-senza-vetro","status":"publish","type":"page","link":"https:\/\/ruzgarkiricicam.com\/it\/kit-pronto-per-il-frangivento-in-vaso-senza-vetro\/","title":{"rendered":"10- Kit pronto per vaso da fiori frangivento in vetro senza vetro"},"content":{"rendered":"<div class=\"wp-block-group alignfull hostinger-ai-solid-block hostinger-ai-fade-up has-color-1-background-color has-background has-global-padding is-layout-constrained wp-block-group-is-layout-constrained\" style=\"padding-top:var(--wp--preset--spacing--60);padding-bottom:var(--wp--preset--spacing--60)\">\n<div class=\"wp-block-group alignwide hostinger-ai-fade-up is-vertical is-content-justification-center is-nowrap is-layout-flex wp-container-core-group-is-layout-4cc6ee0a wp-block-group-is-layout-flex\" style=\"min-height:0px;padding-top:0;padding-bottom:0\">\n<div class=\"wp-block-group hostinger-ai-fade-up wp-container-content-69bc4bdf has-global-padding is-content-justification-center is-layout-constrained wp-container-core-group-is-layout-78267832 wp-block-group-is-layout-constrained\">\n<h2 class=\"wp-block-heading has-text-align-center hostinger-ai-title has-dark-color has-text-color has-link-color has-x-large-font-size wp-elements-f8195a0d79555549ed037fcfcba402de\" style=\"margin-top:0;margin-right:0;margin-bottom:0;margin-left:0\">Con ruote, in vaso e portatili. <\/h2>\n\n\n\n<p class=\"has-text-align-center hostinger-ai-description has-dark-color has-text-color has-link-color has-medium-font-size wp-elements-c90fb6405b746b7d30aa7413f619b673\" style=\"margin-top:var(--wp--preset--spacing--20);margin-bottom:var(--wp--preset--spacing--50)\">Scopri i nostri prodotti in vetro frangivento con le opzioni pi\u00f9 adatte alle tue esigenze.<\/p>\n\n\n\n<div class=\"wp-block-buttons is-content-justification-center is-layout-flex wp-container-core-buttons-is-layout-a89b3969 wp-block-buttons-is-layout-flex\">\n<div class=\"wp-block-button hostinger-ai-cta-button\"><a class=\"wp-block-button__link has-dark-color has-contrast-background-color has-text-color has-background has-link-color has-border-color has-medium-font-size has-custom-font-size wp-element-button\" href=\"https:\/\/ruzgarkiricicam.com\/it\/ruzgarkiricicam_shop\/\" style=\"border-color:#0d141a;border-width:1px;border-radius:50px;padding-top:var(--wp--preset--spacing--30);padding-right:var(--wp--preset--spacing--70);padding-bottom:var(--wp--preset--spacing--30);padding-left:var(--wp--preset--spacing--70);box-shadow:none\">Dai un&#039;occhiata al nostro negozio.<\/a><\/div>\n<\/div>\n<\/div>\n<\/div>\n<\/div>\n\n\n\n<div class=\"wp-block-group alignfull hostinger-ai-gallery-6 hostinger-ai-fade-up is-layout-flow wp-block-group-is-layout-flow\">\n<div class=\"wp-block-group has-global-padding is-layout-constrained wp-block-group-is-layout-constrained\" style=\"margin-top:var(--wp--preset--spacing--60);margin-bottom:var(--wp--preset--spacing--60)\">\n<div class=\"wp-block-columns is-layout-flex wp-container-core-columns-is-layout-28f84493 wp-block-columns-is-layout-flex\">\n<div class=\"wp-block-column is-layout-flow wp-block-column-is-layout-flow\"><\/div>\n<\/div>\n\n\n\n<div class=\"wp-block-columns is-layout-flex wp-container-core-columns-is-layout-28f84493 wp-block-columns-is-layout-flex\">\n<div class=\"wp-block-column is-layout-flow wp-block-column-is-layout-flow\"><\/div>\n<\/div>\n\n\n\n<div class=\"wp-block-columns alignwide are-vertically-aligned-center is-layout-flex wp-container-core-columns-is-layout-28f84493 wp-block-columns-is-layout-flex\">\n<div class=\"wp-block-column is-vertically-aligned-center is-layout-flow wp-block-column-is-layout-flow\" style=\"flex-basis:33.33%\">\n<div class=\"wp-block-group alignwide hostinger-ai-fade-up has-global-padding is-layout-constrained wp-block-group-is-layout-constrained\" style=\"padding-top:var(--wp--preset--spacing--60);padding-bottom:var(--wp--preset--spacing--60)\">\n<h2 class=\"wp-block-heading has-text-align-left hostinger-ai-title has-dark-color has-text-color has-link-color has-x-large-font-size wp-elements-ca3f6a51607b001811b90d14e32f29d4\" style=\"margin-top:0;margin-right:0;margin-bottom:var(--wp--preset--spacing--20);margin-left:0\">Kit pronto per frangivento in vetro in vaso<\/h2>\n\n\n\n<p class=\"has-text-align-left hostinger-ai-description has-dark-color has-text-color has-link-color has-medium-font-size wp-elements-5ea2f999cff5c8eff1588c46bac233cd\" style=\"margin-top:0;margin-bottom:0\">Vetro frangivento innovativo <\/p>\n\n\n\n<p class=\"has-text-align-left hostinger-ai-description has-dark-color has-text-color has-link-color has-medium-font-size wp-elements-dd4a2f914337c13b1c52f23828ff52fc\" style=\"margin-top:0;margin-bottom:0\">Esplora i nostri sistemi.<\/p>\n\n\n\n<div class=\"wp-block-columns is-layout-flex wp-container-core-columns-is-layout-28f84493 wp-block-columns-is-layout-flex\">\n<div class=\"wp-block-column is-layout-flow wp-block-column-is-layout-flow\"><\/div>\n<\/div>\n<\/div>\n<\/div>\n\n\n\n<div class=\"wp-block-column is-vertically-aligned-center is-layout-flow wp-block-column-is-layout-flow\" style=\"flex-basis:66.66%\">\n<div class=\"wp-block-columns is-layout-flex wp-container-core-columns-is-layout-28f84493 wp-block-columns-is-layout-flex\">\n<div class=\"wp-block-column is-layout-flow wp-block-column-is-layout-flow\">\n<figure class=\"wp-block-gallery aligncenter has-nested-images columns-default is-cropped wp-block-gallery-1 is-layout-flex wp-block-gallery-is-layout-flex\">\n<figure class=\"wp-block-image size-full\"><img loading=\"lazy\" decoding=\"async\" width=\"1356\" height=\"1122\" data-id=\"62\" src=\"https:\/\/ruzgarkiricicam.com\/wp-content\/uploads\/2025\/10\/saksili-tekerli-camsiz-ruzgar-kirici-bas-ac-kit.png\" alt=\"\" class=\"wp-image-62\" srcset=\"https:\/\/ruzgarkiricicam.com\/wp-content\/uploads\/2025\/10\/saksili-tekerli-camsiz-ruzgar-kirici-bas-ac-kit.png 1356w, https:\/\/ruzgarkiricicam.com\/wp-content\/uploads\/2025\/10\/saksili-tekerli-camsiz-ruzgar-kirici-bas-ac-kit-300x248.png 300w\" sizes=\"auto, (max-width: 1356px) 100vw, 1356px\" \/><\/figure>\n\n\n\n<figure class=\"wp-block-image size-full\"><img loading=\"lazy\" decoding=\"async\" width=\"2000\" height=\"1196\" data-id=\"193\" src=\"https:\/\/ruzgarkiricicam.com\/wp-content\/uploads\/2025\/10\/Kit-Kurulumu-Ruzgar-Kirici-Camsiz.png\" alt=\"\" class=\"wp-image-193\" srcset=\"https:\/\/ruzgarkiricicam.com\/wp-content\/uploads\/2025\/10\/Kit-Kurulumu-Ruzgar-Kirici-Camsiz.png 2000w, https:\/\/ruzgarkiricicam.com\/wp-content\/uploads\/2025\/10\/Kit-Kurulumu-Ruzgar-Kirici-Camsiz-300x179.png 300w, https:\/\/ruzgarkiricicam.com\/wp-content\/uploads\/2025\/10\/Kit-Kurulumu-Ruzgar-Kirici-Camsiz-1024x612.png 1024w, https:\/\/ruzgarkiricicam.com\/wp-content\/uploads\/2025\/10\/Kit-Kurulumu-Ruzgar-Kirici-Camsiz-768x459.png 768w, https:\/\/ruzgarkiricicam.com\/wp-content\/uploads\/2025\/10\/Kit-Kurulumu-Ruzgar-Kirici-Camsiz-1536x919.png 1536w\" sizes=\"auto, (max-width: 2000px) 100vw, 2000px\" \/><\/figure>\n<\/figure>\n<\/div>\n<\/div>\n<\/div>\n<\/div>\n\n\n\n<div class=\"wp-block-columns is-layout-flex wp-container-core-columns-is-layout-28f84493 wp-block-columns-is-layout-flex\">\n<div class=\"wp-block-column is-layout-flow wp-block-column-is-layout-flow\">\n<div class=\"wp-block-columns is-layout-flex wp-container-core-columns-is-layout-28f84493 wp-block-columns-is-layout-flex\">\n<div class=\"wp-block-column is-layout-flow wp-block-column-is-layout-flow\"><\/div>\n<\/div>\n<\/div>\n<\/div>\n\n\n\n<div class=\"wp-block-columns alignwide are-vertically-aligned-center is-layout-flex wp-container-core-columns-is-layout-28f84493 wp-block-columns-is-layout-flex\">\n<div class=\"wp-block-column is-vertically-aligned-center is-layout-flow wp-block-column-is-layout-flow\" style=\"flex-basis:33.33%\">\n<div class=\"wp-block-group alignwide hostinger-ai-fade-up has-global-padding is-layout-constrained wp-block-group-is-layout-constrained\" style=\"padding-top:var(--wp--preset--spacing--60);padding-bottom:var(--wp--preset--spacing--60)\">\n<h2 class=\"wp-block-heading has-text-align-left hostinger-ai-title has-dark-color has-text-color has-link-color has-x-large-font-size wp-elements-7879b8a5d32ea6327c402504f0ec0154\" style=\"margin-top:0;margin-right:0;margin-bottom:var(--wp--preset--spacing--20);margin-left:0\">Kit pronto all&#039;uso in vetro frangivento in vaso Informazioni tecniche<\/h2>\n\n\n\n<p class=\"has-text-align-left hostinger-ai-description has-dark-color has-text-color has-link-color has-medium-font-size wp-elements-072fd7f59985318006dfa056dabd9006\" style=\"margin-top:0;margin-bottom:0\">Tutti i nostri sistemi sono garantiti 2 anni e la vernice 5 anni.<\/p>\n\n\n\n<div class=\"wp-block-columns is-layout-flex wp-container-core-columns-is-layout-28f84493 wp-block-columns-is-layout-flex\">\n<div class=\"wp-block-column is-layout-flow wp-block-column-is-layout-flow\"><\/div>\n<\/div>\n<\/div>\n<\/div>\n\n\n\n<div class=\"wp-block-column is-vertically-aligned-center is-layout-flow wp-block-column-is-layout-flow\" style=\"flex-basis:66.66%\">\n<div class=\"wp-block-columns is-layout-flex wp-container-core-columns-is-layout-28f84493 wp-block-columns-is-layout-flex\">\n<div class=\"wp-block-column is-layout-flow wp-container-core-column-is-layout-8a368f38 wp-block-column-is-layout-flow\">\n<figure class=\"wp-block-table\"><table class=\"has-fixed-layout\"><thead><tr><th>Informazioni sul frangivento in vaso senza vetro<\/th><th>Caratteristiche di un frangivento in vaso senza vetro<\/th><\/tr><\/thead><tbody><tr><td><strong>Altezza chiusa<\/strong><\/td><td>110 centimetri<\/td><\/tr><tr><td><strong>Altezza aperta<\/strong><\/td><td>195 centimetri<\/td><\/tr><tr><td><strong>Larghezza massima<\/strong><\/td><td>185 centimetri<\/td><\/tr><tr><td><strong>Vetro superiore<\/strong><\/td><td>5 mm temperato<\/td><\/tr><tr><td><strong>Vetro inferiore<\/strong><\/td><td>8 mm temperato <strong>O<\/strong> 4 + 4 laminato temperato<\/td><\/tr><tr><td><strong>Meccanismo<\/strong><\/td><td>Pistone a gas (pressione-apertura) <strong>O<\/strong> motorizzato<\/td><\/tr><tr><td><strong>Mobilit\u00e0<\/strong><\/td><td>S\u00ec \u2013 struttura su ruote\/in vaso<\/td><\/tr><tr><td><strong>Materiale del vaso<\/strong><\/td><td>Alluminio (standard)<\/td><\/tr><tr><td><strong>Dimensioni del vaso<\/strong><\/td><td>33 \u00d7 33 cm (+12 cm di profondit\u00e0 nel sistema push-to-open)<\/td><\/tr><tr><td><strong>Sottostruttura<\/strong><\/td><td>Telaio in acciaio zincato da 5 mm (verniciato a forno) + ruote e pattini regolabili<\/td><\/tr><tr><td><strong>Altezza totale del vaso<\/strong><\/td><td>43 centimetri<\/td><\/tr><tr><td><strong>Sistema ruota e piede<\/strong><\/td><td>4 ruote (di cui 2 bloccabili) + 4 pattini regolabili<\/td><\/tr><tr><td><strong>Colore<\/strong><\/td><td>RAL 7016 \u2013 Alluminio verniciato elettrostaticamente<\/td><\/tr><tr><td><strong>Produzione speciale<\/strong><\/td><td>Fino a 240 cm di altezza (larghezza massima 135 cm)<\/td><\/tr><\/tbody><\/table><\/figure>\n<\/div>\n<\/div>\n<\/div>\n<\/div>\n\n\n\n<div class=\"wp-block-group alignwide hostinger-ai-our-services-4 hostinger-ai-fade-up has-global-padding is-layout-constrained wp-block-group-is-layout-constrained\" style=\"padding-top:0;padding-bottom:0\">\n<div class=\"wp-block-group alignwide hostinger-ai-fade-up is-nowrap is-layout-flex wp-container-core-group-is-layout-4ac5639c wp-block-group-is-layout-flex\" style=\"margin-bottom:0;padding-top:0;padding-bottom:var(--wp--preset--spacing--30)\">\n<div class=\"wp-block-columns is-layout-flex wp-container-core-columns-is-layout-28f84493 wp-block-columns-is-layout-flex\">\n<div class=\"wp-block-column is-layout-flow wp-block-column-is-layout-flow\" style=\"flex-basis:50%\">\n<h2 class=\"wp-block-heading hostinger-ai-service-title has-x-large-font-size\" style=\"margin-bottom:0\">Opzioni personalizzabili<\/h2>\n<\/div>\n\n\n\n<div class=\"wp-block-column is-vertically-aligned-center has-small-font-size has-global-padding is-layout-constrained wp-block-column-is-layout-constrained\" style=\"flex-basis:50%\">\n<p class=\"hostinger-ai-service-description has-medium-font-size\">Puoi scegliere le caratteristiche dei nostri sistemi di vetri frangivento di alta qualit\u00e0, come: colore RAL, spessore del vetro, opzione di illuminazione a LED, altezza e profondit\u00e0 del vaso di fiori.<\/p>\n<\/div>\n<\/div>\n<\/div>\n\n\n\n<div class=\"wp-block-group alignwide image-row hostinger-ai-fade-up is-layout-grid wp-container-core-group-is-layout-60745b59 wp-block-group-is-layout-grid\" style=\"margin-bottom:0;padding-top:var(--wp--preset--spacing--30)\">\n<figure class=\"wp-block-image size-full has-custom-border hostinger-ai-service-image hostinger-index-4\"><img loading=\"lazy\" decoding=\"async\" width=\"1500\" height=\"1200\" src=\"https:\/\/ruzgarkiricicam.com\/wp-content\/uploads\/2025\/10\/ruzgar-kirici-cam-11.jpeg\" alt=\"\" class=\"wp-image-84\" style=\"border-radius:20px\" srcset=\"https:\/\/ruzgarkiricicam.com\/wp-content\/uploads\/2025\/10\/ruzgar-kirici-cam-11.jpeg 1500w, https:\/\/ruzgarkiricicam.com\/wp-content\/uploads\/2025\/10\/ruzgar-kirici-cam-11-300x240.jpeg 300w, https:\/\/ruzgarkiricicam.com\/wp-content\/uploads\/2025\/10\/ruzgar-kirici-cam-11-1024x819.jpeg 1024w, https:\/\/ruzgarkiricicam.com\/wp-content\/uploads\/2025\/10\/ruzgar-kirici-cam-11-768x614.jpeg 768w\" sizes=\"auto, (max-width: 1500px) 100vw, 1500px\" \/><figcaption class=\"wp-element-caption\">Opzioni di colore RAL per vetro frangivento<\/figcaption><\/figure>\n\n\n\n<figure class=\"wp-block-image alignfull size-full has-custom-border hostinger-ai-service-image hostinger-index-5\"><img loading=\"lazy\" decoding=\"async\" width=\"596\" height=\"481\" src=\"https:\/\/ruzgarkiricicam.com\/wp-content\/uploads\/2025\/10\/ruzgar_kirici_cam_lamine-e1761563537845.png\" alt=\"\" class=\"wp-image-85\" style=\"border-radius:20px\" srcset=\"https:\/\/ruzgarkiricicam.com\/wp-content\/uploads\/2025\/10\/ruzgar_kirici_cam_lamine-e1761563537845.png 596w, https:\/\/ruzgarkiricicam.com\/wp-content\/uploads\/2025\/10\/ruzgar_kirici_cam_lamine-e1761563537845-300x242.png 300w\" sizes=\"auto, (max-width: 596px) 100vw, 596px\" \/><figcaption class=\"wp-element-caption\">Tipi di vetro stratificato in vetro frangivento<\/figcaption><\/figure>\n\n\n\n<figure class=\"wp-block-image alignfull size-full has-custom-border hostinger-ai-service-image hostinger-index-5\"><img loading=\"lazy\" decoding=\"async\" width=\"561\" height=\"447\" src=\"https:\/\/ruzgarkiricicam.com\/wp-content\/uploads\/2025\/10\/ruzgar_kirici_cam_renkleri-e1761564027331.png\" alt=\"\" class=\"wp-image-86\" style=\"border-radius:20px\" srcset=\"https:\/\/ruzgarkiricicam.com\/wp-content\/uploads\/2025\/10\/ruzgar_kirici_cam_renkleri-e1761564027331.png 561w, https:\/\/ruzgarkiricicam.com\/wp-content\/uploads\/2025\/10\/ruzgar_kirici_cam_renkleri-e1761564027331-300x239.png 300w\" sizes=\"auto, (max-width: 561px) 100vw, 561px\" \/><figcaption class=\"wp-element-caption\">Barriera antivento regolabile in altezza, variet\u00e0 di colori in vetro<\/figcaption><\/figure>\n\n\n\n<figure class=\"wp-block-image alignfull size-full has-custom-border hostinger-ai-service-image hostinger-index-5 wp-container-content-69bc4bdf\"><img loading=\"lazy\" decoding=\"async\" width=\"1500\" height=\"1200\" src=\"https:\/\/ruzgarkiricicam.com\/wp-content\/uploads\/2025\/10\/saksi-duz-model.jpg\" alt=\"\" class=\"wp-image-42\" style=\"border-radius:20px\" srcset=\"https:\/\/ruzgarkiricicam.com\/wp-content\/uploads\/2025\/10\/saksi-duz-model.jpg 1500w, https:\/\/ruzgarkiricicam.com\/wp-content\/uploads\/2025\/10\/saksi-duz-model-300x240.jpg 300w, https:\/\/ruzgarkiricicam.com\/wp-content\/uploads\/2025\/10\/saksi-duz-model-1024x819.jpg 1024w, https:\/\/ruzgarkiricicam.com\/wp-content\/uploads\/2025\/10\/saksi-duz-model-768x614.jpg 768w\" sizes=\"auto, (max-width: 1500px) 100vw, 1500px\" \/><figcaption class=\"wp-element-caption\">Opzioni per vasi da fiori in vetro frangivento<\/figcaption><\/figure>\n<\/div>\n<\/div>\n\n\n\n<div class=\"wp-block-columns alignwide is-layout-flex wp-container-core-columns-is-layout-28f84493 wp-block-columns-is-layout-flex\">\n<div class=\"wp-block-column is-vertically-aligned-center is-layout-flow wp-block-column-is-layout-flow\" style=\"flex-basis:33.33%\">\n<div class=\"wp-block-group alignwide hostinger-ai-fade-up has-global-padding is-layout-constrained wp-block-group-is-layout-constrained\" style=\"padding-top:var(--wp--preset--spacing--60);padding-bottom:var(--wp--preset--spacing--60)\">\n<h2 class=\"wp-block-heading has-text-align-left hostinger-ai-title has-dark-color has-text-color has-link-color has-x-large-font-size wp-elements-94284eb1bc2ff70ae827307461285133\" style=\"margin-top:0;margin-right:0;margin-bottom:var(--wp--preset--spacing--20);margin-left:0\">Galleria di vetri antivento in vaso, kit pronto all&#039;uso<\/h2>\n\n\n\n<p class=\"has-text-align-left hostinger-ai-description has-dark-color has-text-color has-link-color has-medium-font-size wp-elements-8a23d1a00cbf0cf217fcfc81e1e43b00\" style=\"margin-top:0;margin-bottom:0\">Kit innovativo di vetri frangivento <\/p>\n\n\n\n<p class=\"has-text-align-left hostinger-ai-description has-dark-color has-text-color has-link-color has-medium-font-size wp-elements-4953ba4cc1dded25713e17cb4e32958a\" style=\"margin-top:0;margin-bottom:0\">Scopri i nostri sistemi. Kit fai da te pronti all&#039;uso, produzione rapida, per officine e aziende di applicazione.<\/p>\n\n\n\n<p><\/p>\n<\/div>\n<\/div>\n\n\n\n<div class=\"wp-block-column is-layout-flow wp-block-column-is-layout-flow\" style=\"flex-basis:66.66%\">\n<div class=\"wp-block-columns is-layout-flex wp-container-core-columns-is-layout-28f84493 wp-block-columns-is-layout-flex\">\n<div class=\"wp-block-column is-layout-flow wp-block-column-is-layout-flow\">\n<figure class=\"wp-block-image aligncenter size-full has-custom-border hostinger-ai-image hostinger-index-27\"><img loading=\"lazy\" decoding=\"async\" width=\"1024\" height=\"768\" src=\"https:\/\/ruzgarkiricicam.com\/wp-content\/uploads\/2025\/10\/Ruzgar-kirici-cam-saksiili-5.jpeg\" alt=\"\" class=\"wp-image-23\" style=\"border-radius:16px\" srcset=\"https:\/\/ruzgarkiricicam.com\/wp-content\/uploads\/2025\/10\/Ruzgar-kirici-cam-saksiili-5.jpeg 1024w, https:\/\/ruzgarkiricicam.com\/wp-content\/uploads\/2025\/10\/Ruzgar-kirici-cam-saksiili-5-300x225.jpeg 300w, https:\/\/ruzgarkiricicam.com\/wp-content\/uploads\/2025\/10\/Ruzgar-kirici-cam-saksiili-5-768x576.jpeg 768w\" sizes=\"auto, (max-width: 1024px) 100vw, 1024px\" \/><figcaption class=\"wp-element-caption\">vetro frangivento in vaso<\/figcaption><\/figure>\n\n\n\n<figure class=\"wp-block-image aligncenter size-full has-custom-border hostinger-ai-image hostinger-index-28\"><img decoding=\"async\" src=\"https:\/\/ruzgarkiricicam.com\/wp-content\/uploads\/2025\/10\/Ruzgar-kirici-cam-6.jpg\" alt=\"\" class=\"wp-image-83\" style=\"border-radius:16px\"\/><figcaption class=\"wp-element-caption\">vaso di fiori con ruote giacca a vento bar<\/figcaption><\/figure>\n<\/div>\n\n\n\n<div class=\"wp-block-column is-layout-flow wp-block-column-is-layout-flow\">\n<figure class=\"wp-block-image aligncenter size-full has-custom-border hostinger-ai-image hostinger-index-29\"><img loading=\"lazy\" decoding=\"async\" width=\"1600\" height=\"1200\" src=\"https:\/\/ruzgarkiricicam.com\/wp-content\/uploads\/2025\/10\/Ruzgar-kirici-cam-saksiili-11.jpeg\" alt=\"\" class=\"wp-image-82\" style=\"border-radius:16px\" srcset=\"https:\/\/ruzgarkiricicam.com\/wp-content\/uploads\/2025\/10\/Ruzgar-kirici-cam-saksiili-11.jpeg 1600w, https:\/\/ruzgarkiricicam.com\/wp-content\/uploads\/2025\/10\/Ruzgar-kirici-cam-saksiili-11-300x225.jpeg 300w, https:\/\/ruzgarkiricicam.com\/wp-content\/uploads\/2025\/10\/Ruzgar-kirici-cam-saksiili-11-1024x768.jpeg 1024w, https:\/\/ruzgarkiricicam.com\/wp-content\/uploads\/2025\/10\/Ruzgar-kirici-cam-saksiili-11-768x576.jpeg 768w, https:\/\/ruzgarkiricicam.com\/wp-content\/uploads\/2025\/10\/Ruzgar-kirici-cam-saksiili-11-1536x1152.jpeg 1536w\" sizes=\"auto, (max-width: 1600px) 100vw, 1600px\" \/><figcaption class=\"wp-element-caption\">vetro frangivento in vaso<\/figcaption><\/figure>\n\n\n\n<figure class=\"wp-block-image aligncenter size-full has-custom-border hostinger-ai-image hostinger-index-28\"><img loading=\"lazy\" decoding=\"async\" width=\"567\" height=\"745\" src=\"https:\/\/ruzgarkiricicam.com\/wp-content\/uploads\/2025\/10\/ruzgar-kirici-cam-ve-tente-modeli.png\" alt=\"\" class=\"wp-image-87\" style=\"border-radius:16px\" srcset=\"https:\/\/ruzgarkiricicam.com\/wp-content\/uploads\/2025\/10\/ruzgar-kirici-cam-ve-tente-modeli.png 567w, https:\/\/ruzgarkiricicam.com\/wp-content\/uploads\/2025\/10\/ruzgar-kirici-cam-ve-tente-modeli-228x300.png 228w\" sizes=\"auto, (max-width: 567px) 100vw, 567px\" \/><figcaption class=\"wp-element-caption\">ristorante con vaso di fiori e giacca a vento con ruote<\/figcaption><\/figure>\n<\/div>\n<\/div>\n<\/div>\n<\/div>\n<\/div>\n<\/div>\n\n\n\n<div class=\"wp-block-columns alignwide is-layout-flex wp-container-core-columns-is-layout-28f84493 wp-block-columns-is-layout-flex\">\n<div class=\"wp-block-column is-layout-flow wp-block-column-is-layout-flow\">\n<h3 class=\"wp-block-heading\">Kit pronto all&#039;uso per vetro frangivento in vaso: soluzione innovativa per officine e aziende di applicazioni<\/h3>\n\n\n\n<p><strong>Sistemi di frangivento in vetro in vaso prefabbricati<\/strong>, Offre soluzioni professionali che garantiscono facilit\u00e0 di installazione e risparmio di tempo. In particolare <strong>workshop, aziende di applicazione e progetti orientati all&#039;esportazione<\/strong> Questi sistemi sono stati sviluppati per <strong>Fai da te<\/strong> Viene spedito senza vetro. L&#039;utente pu\u00f2 procurarsi il vetro localmente e solo <strong>Entro 2-3 ore<\/strong> pu\u00f2 rendere il sistema pronto.<\/p>\n\n\n\n<p>Questi modelli offrono il vantaggio dell&#039;uso mobile grazie alla loro struttura in vaso., <strong>non necessita di ancoraggio al pavimento<\/strong>. Ci\u00f2 consente di utilizzarlo liberamente in bar, ristoranti, hotel e terrazze, senza essere soggetto a restrizioni edilizie comunali. Il corpo in alluminio, il telaio zincato e il modulo vaso da 33x33 cm offrono una struttura durevole.<\/p>\n\n\n\n<p><strong>Kit pronto all&#039;uso per giacca a vento in vaso<\/strong>, <strong>kit pronto all&#039;uso per giacca a vento in vaso<\/strong>, <strong>kit pronto all&#039;uso per giacca a vento con apertura a pressione<\/strong> E <strong>kit parabrezza pistone pronto all&#039;uso<\/strong> Questi sistemi, conosciuti anche con nomi diversi, garantiscono il massimo comfort negli spazi aperti, sia dal punto di vista estetico che funzionale.<\/p>\n\n\n\n<p>Grazie al design elegante, alla facilit\u00e0 di montaggio e alla struttura modulare, i sistemi di kit pronti all&#039;uso EncoArt garantiscono una produzione rapida e bassi costi logistici. <strong>Norme europee<\/strong> Offre una soluzione ideale. \u00c8 la soluzione pi\u00f9 pratica per rendere i tuoi spazi esterni moderni, portatili e conformi alle normative.<\/p>\n<\/div>\n<\/div>\n\n\n\n<div class=\"wp-block-group alignwide hostinger-ai-fade-up has-global-padding is-content-justification-left is-layout-constrained wp-container-core-group-is-layout-12dd3699 wp-block-group-is-layout-constrained\">\n<h2 class=\"wp-block-heading is-style-default hostinger-ai-title has-dark-color has-text-color has-link-color has-x-large-font-size wp-elements-c2116d16528b9691ab15365bc213aa9e\" style=\"margin-bottom:var(--wp--preset--spacing--50)\">I nostri progetti di vetri frangivento<\/h2>\n\n\n<ul class=\"wp-block-latest-posts__list is-grid columns-4 alignwide wp-block-latest-posts\"><\/ul><\/div>","protected":false},"excerpt":{"rendered":"<p>Tekerli, Saks\u0131l\u0131 &amp; Mobil Ta\u015f\u0131nabilir. \u0130htiya\u00e7lar\u0131n\u0131za g\u00f6re en uygun opsiyonlarla r\u00fczgar k\u0131r\u0131c\u0131 cam \u00fcr\u00fcnlerimizi ke\u015ffedin. Haz\u0131r Kit Saks\u0131l\u0131 R\u00fczgar K\u0131r\u0131c\u0131 Cam Yenilik\u00e7i R\u00fczgar K\u0131r\u0131c\u0131 Cam Sistemlerimizi ke\u015ffedin. Haz\u0131r Kit Saks\u0131l\u0131 R\u00fczgar K\u0131r\u0131c\u0131 Cam Teknik Bilgileri T\u00fcm Sistemlerimiz 2 y\u0131l, Boya 5 y\u0131l Garantilidir. Saks\u0131l\u0131 Cams\u0131z R\u00fczgar K\u0131r\u0131c\u0131 Bilgileri Saks\u0131l\u0131 Cams\u0131z R\u00fczgar K\u0131r\u0131c\u0131 \u00d6zellikleri Kapal\u0131 Y\u00fckseklik [&hellip;]<\/p>","protected":false},"author":1,"featured_media":18,"parent":0,"menu_order":0,"comment_status":"closed","ping_status":"closed","template":"","meta":{"footnotes":""},"class_list":["post-107","page","type-page","status-publish","has-post-thumbnail","hentry"],"_hostinger_reach_plugin_has_subscription_block":false,"_hostinger_reach_plugin_is_elementor":false,"_links":{"self":[{"href":"https:\/\/ruzgarkiricicam.com\/it\/wp-json\/wp\/v2\/pages\/107","targetHints":{"allow":["GET"]}}],"collection":[{"href":"https:\/\/ruzgarkiricicam.com\/it\/wp-json\/wp\/v2\/pages"}],"about":[{"href":"https:\/\/ruzgarkiricicam.com\/it\/wp-json\/wp\/v2\/types\/page"}],"author":[{"embeddable":true,"href":"https:\/\/ruzgarkiricicam.com\/it\/wp-json\/wp\/v2\/users\/1"}],"replies":[{"embeddable":true,"href":"https:\/\/ruzgarkiricicam.com\/it\/wp-json\/wp\/v2\/comments?post=107"}],"version-history":[{"count":8,"href":"https:\/\/ruzgarkiricicam.com\/it\/wp-json\/wp\/v2\/pages\/107\/revisions"}],"predecessor-version":[{"id":439,"href":"https:\/\/ruzgarkiricicam.com\/it\/wp-json\/wp\/v2\/pages\/107\/revisions\/439"}],"wp:featuredmedia":[{"embeddable":true,"href":"https:\/\/ruzgarkiricicam.com\/it\/wp-json\/wp\/v2\/media\/18"}],"wp:attachment":[{"href":"https:\/\/ruzgarkiricicam.com\/it\/wp-json\/wp\/v2\/media?parent=107"}],"curies":[{"name":"wp","href":"https:\/\/api.w.org\/{rel}","templated":true}]}}